{"id":105455,"date":"2023-10-10T02:32:32","date_gmt":"2023-10-09T23:32:32","guid":{"rendered":"https:\/\/exlibris.ee\/toode\/vaese-mehe-onn-muinasjutte-lutsimaalt\/"},"modified":"2026-04-17T19:51:05","modified_gmt":"2026-04-17T16:51:05","slug":"vaese-mehe-onn-muinasjutte-lutsimaalt","status":"publish","type":"product","link":"https:\/\/exlibris.ee\/en\/product\/vaese-mehe-onn-muinasjutte-lutsimaalt\/","title":{"rendered":"Vaese mehe \u00f5nn. Muinasjutte Lutsimaalt"},"content":{"rendered":"<p>Lutsimaaks on nimetatud Ida-L\u00e4tis asuvat Ludza linna \u00fcmbrust, kus veel 20. sajandi alguses elas eesti keelt k\u00f5nelev kogukond, kes nimetas end Lutsi maarahvaks. Raamat sisaldab valikut Lutsi maarahva ja nendega samas piirkonnas elanud teiste rahvaste (latgalid, venelased, mustlased, poolakad jt) jutuloomingust. Neis lugudes tegutsevad vaesed mehed, p\u00fchakud ja v\u00e4gimehed, r\u00f6\u00f6vel Makvei ja varas Klim, Tuhakuningas ja \u00d5lekuningas ning paljud teised v\u00e4rvikad tegelased.<\/p>\n","protected":false},"excerpt":{"rendered":"<p>Lutsimaaks on nimetatud Ida-L\u00e4tis asuvat Ludza linna \u00fcmbrust, kus veel 20. sajandi alguses elas eesti keelt k\u00f5nelev kogukond, kes nimetas end Lutsi maarahvaks. Raamat sisaldab valikut Lutsi maarahva ja nendega samas piirkonnas elanud teiste rahvaste (latgalid, venelased, mustlased, poolakad jt)&#8230;<\/p>\n","protected":false},"featured_media":106014,"template":"","meta":{"_acf_changed":false,"inline_featured_image":false},"product_brand":[],"product_cat":[1948],"product_tag":[],"series":[],"publisher":[{"id":1761,"name":"Eesti Kirjandusmuuseum","slug":"eesti-kirjandusmuuseum"}],"class_list":{"0":"post-105455","1":"product","2":"type-product","3":"status-publish","4":"has-post-thumbnail","6":"product_cat-lasteraamatud-en","7":"publisher-eesti-kirjandusmuuseum","9":"first","10":"instock","11":"taxable","12":"shipping-taxable","13":"purchasable","14":"product-type-simple"},"acf":[],"_links":{"self":[{"href":"https:\/\/exlibris.ee\/en\/wp-json\/wp\/v2\/product\/105455","targetHints":{"allow":["GET"]}}],"collection":[{"href":"https:\/\/exlibris.ee\/en\/wp-json\/wp\/v2\/product"}],"about":[{"href":"https:\/\/exlibris.ee\/en\/wp-json\/wp\/v2\/types\/product"}],"wp:featuredmedia":[{"embeddable":true,"href":"https:\/\/exlibris.ee\/en\/wp-json\/wp\/v2\/media\/106014"}],"wp:attachment":[{"href":"https:\/\/exlibris.ee\/en\/wp-json\/wp\/v2\/media?parent=105455"}],"wp:term":[{"taxonomy":"product_brand","embeddable":true,"href":"https:\/\/exlibris.ee\/en\/wp-json\/wp\/v2\/product_brand?post=105455"},{"taxonomy":"product_cat","embeddable":true,"href":"https:\/\/exlibris.ee\/en\/wp-json\/wp\/v2\/product_cat?post=105455"},{"taxonomy":"product_tag","embeddable":true,"href":"https:\/\/exlibris.ee\/en\/wp-json\/wp\/v2\/product_tag?post=105455"},{"taxonomy":"series","embeddable":true,"href":"https:\/\/exlibris.ee\/en\/wp-json\/wp\/v2\/series?post=105455"},{"taxonomy":"publisher","embeddable":true,"href":"https:\/\/exlibris.ee\/en\/wp-json\/wp\/v2\/publisher?post=105455"}],"curies":[{"name":"wp","href":"https:\/\/api.w.org\/{rel}","templated":true}]}}