{"id":105463,"date":"2023-10-10T02:32:32","date_gmt":"2023-10-09T23:32:32","guid":{"rendered":"https:\/\/exlibris.ee\/toode\/vaike-puu-ja-poosaraamat-rahvaparimusest\/"},"modified":"2026-04-23T11:47:16","modified_gmt":"2026-04-23T08:47:16","slug":"vaike-puu-ja-poosaraamat-rahvaparimusest","status":"publish","type":"product","link":"https:\/\/exlibris.ee\/en\/product\/vaike-puu-ja-poosaraamat-rahvaparimusest\/","title":{"rendered":"V\u00e4ike puu- ja p\u00f5\u00f5saraamat rahvap\u00e4rimusest"},"content":{"rendered":"<p>Selles raamatus tutvustakse enamikku Eestimaa looduslikest puu- ja p\u00f5\u00f5saliikidest ning meie uskumusi, teadmisi ja arvamusi neist Eesti Rahvaluule Arhiivi kogude p\u00f5hjal<\/p>\n","protected":false},"excerpt":{"rendered":"<p>Selles raamatus tutvustakse enamikku Eestimaa looduslikest puu- ja p\u00f5\u00f5saliikidest ning meie uskumusi, teadmisi ja arvamusi neist Eesti Rahvaluule Arhiivi kogude p\u00f5hjal<\/p>\n","protected":false},"featured_media":106042,"template":"","meta":{"_acf_changed":false,"inline_featured_image":false},"product_brand":[],"product_cat":[1947],"product_tag":[],"series":[],"publisher":[{"id":1761,"name":"Eesti Kirjandusmuuseum","slug":"eesti-kirjandusmuuseum"}],"class_list":{"0":"post-105463","1":"product","2":"type-product","3":"status-publish","4":"has-post-thumbnail","6":"product_cat-loodus-en","7":"publisher-eesti-kirjandusmuuseum","9":"first","10":"instock","11":"taxable","12":"shipping-taxable","13":"purchasable","14":"product-type-simple"},"acf":[],"_links":{"self":[{"href":"https:\/\/exlibris.ee\/en\/wp-json\/wp\/v2\/product\/105463","targetHints":{"allow":["GET"]}}],"collection":[{"href":"https:\/\/exlibris.ee\/en\/wp-json\/wp\/v2\/product"}],"about":[{"href":"https:\/\/exlibris.ee\/en\/wp-json\/wp\/v2\/types\/product"}],"wp:featuredmedia":[{"embeddable":true,"href":"https:\/\/exlibris.ee\/en\/wp-json\/wp\/v2\/media\/106042"}],"wp:attachment":[{"href":"https:\/\/exlibris.ee\/en\/wp-json\/wp\/v2\/media?parent=105463"}],"wp:term":[{"taxonomy":"product_brand","embeddable":true,"href":"https:\/\/exlibris.ee\/en\/wp-json\/wp\/v2\/product_brand?post=105463"},{"taxonomy":"product_cat","embeddable":true,"href":"https:\/\/exlibris.ee\/en\/wp-json\/wp\/v2\/product_cat?post=105463"},{"taxonomy":"product_tag","embeddable":true,"href":"https:\/\/exlibris.ee\/en\/wp-json\/wp\/v2\/product_tag?post=105463"},{"taxonomy":"series","embeddable":true,"href":"https:\/\/exlibris.ee\/en\/wp-json\/wp\/v2\/series?post=105463"},{"taxonomy":"publisher","embeddable":true,"href":"https:\/\/exlibris.ee\/en\/wp-json\/wp\/v2\/publisher?post=105463"}],"curies":[{"name":"wp","href":"https:\/\/api.w.org\/{rel}","templated":true}]}}