{"id":105471,"date":"2023-10-10T02:32:31","date_gmt":"2023-10-09T23:32:31","guid":{"rendered":"https:\/\/exlibris.ee\/toode\/vaike-putukaraamat-rahvaparimusest\/"},"modified":"2026-04-22T15:43:38","modified_gmt":"2026-04-22T12:43:38","slug":"vaike-putukaraamat-rahvaparimusest","status":"publish","type":"product","link":"https:\/\/exlibris.ee\/en\/product\/vaike-putukaraamat-rahvaparimusest\/","title":{"rendered":"V\u00e4ike putukaraamat rahvap\u00e4rimusest"},"content":{"rendered":"<p>\u00dcldnimetus \u201eputukad\u201c oleks entomoloogilise s\u00fcstemaatika alusel seevastu liiga kitsas, sest esindatud on ju veel ka \u00e4mblikulaadsete klassi kuuluvad \u00e4mblikuliste ja lestaliste seltsi liigid. Rahvakeeles leidub nimetusi, mis nii v\u00f5i teisiti neile pisiloomakestele kehtivad: putukad, mutukad, sitikad, massakad, matikad&#8230;<\/p>\n","protected":false},"excerpt":{"rendered":"<p>\u00dcldnimetus \u201eputukad\u201c oleks entomoloogilise s\u00fcstemaatika alusel seevastu liiga kitsas, sest esindatud on ju veel ka \u00e4mblikulaadsete klassi kuuluvad \u00e4mblikuliste ja lestaliste seltsi liigid. Rahvakeeles leidub nimetusi, mis nii v\u00f5i teisiti neile pisiloomakestele kehtivad: putukad, mutukad, sitikad, massakad, matikad&#8230;<\/p>\n","protected":false},"featured_media":106030,"template":"","meta":{"_acf_changed":false,"inline_featured_image":false},"product_brand":[],"product_cat":[1947],"product_tag":[],"series":[],"publisher":[{"id":1761,"name":"Eesti Kirjandusmuuseum","slug":"eesti-kirjandusmuuseum"}],"class_list":{"0":"post-105471","1":"product","2":"type-product","3":"status-publish","4":"has-post-thumbnail","6":"product_cat-loodus-en","7":"publisher-eesti-kirjandusmuuseum","9":"first","10":"onbackorder","11":"taxable","12":"shipping-taxable","13":"purchasable","14":"product-type-simple"},"acf":[],"_links":{"self":[{"href":"https:\/\/exlibris.ee\/en\/wp-json\/wp\/v2\/product\/105471","targetHints":{"allow":["GET"]}}],"collection":[{"href":"https:\/\/exlibris.ee\/en\/wp-json\/wp\/v2\/product"}],"about":[{"href":"https:\/\/exlibris.ee\/en\/wp-json\/wp\/v2\/types\/product"}],"wp:featuredmedia":[{"embeddable":true,"href":"https:\/\/exlibris.ee\/en\/wp-json\/wp\/v2\/media\/106030"}],"wp:attachment":[{"href":"https:\/\/exlibris.ee\/en\/wp-json\/wp\/v2\/media?parent=105471"}],"wp:term":[{"taxonomy":"product_brand","embeddable":true,"href":"https:\/\/exlibris.ee\/en\/wp-json\/wp\/v2\/product_brand?post=105471"},{"taxonomy":"product_cat","embeddable":true,"href":"https:\/\/exlibris.ee\/en\/wp-json\/wp\/v2\/product_cat?post=105471"},{"taxonomy":"product_tag","embeddable":true,"href":"https:\/\/exlibris.ee\/en\/wp-json\/wp\/v2\/product_tag?post=105471"},{"taxonomy":"series","embeddable":true,"href":"https:\/\/exlibris.ee\/en\/wp-json\/wp\/v2\/series?post=105471"},{"taxonomy":"publisher","embeddable":true,"href":"https:\/\/exlibris.ee\/en\/wp-json\/wp\/v2\/publisher?post=105471"}],"curies":[{"name":"wp","href":"https:\/\/api.w.org\/{rel}","templated":true}]}}