{"id":105475,"date":"2023-10-10T02:32:31","date_gmt":"2023-10-09T23:32:31","guid":{"rendered":"https:\/\/exlibris.ee\/toode\/eesti-muinasjutud-i2-imemuinasjutud\/"},"modified":"2026-04-14T05:22:57","modified_gmt":"2026-04-14T02:22:57","slug":"eesti-muinasjutud-i2-imemuinasjutud","status":"publish","type":"product","link":"https:\/\/exlibris.ee\/en\/product\/eesti-muinasjutud-i2-imemuinasjutud\/","title":{"rendered":"Eesti muinasjutud I:2 Imemuinasjutud"},"content":{"rendered":"<p>Teos j\u00e4tkab sarja \u201eMonumenta Estoniae Antiquae\u201c muinasjutuv\u00e4ljaannete seeriat, mis annab \u00fclevaate k\u00f5igist Eesti Rahvaluule Arhiivi kogutud muinasjuttudest.<\/p>\n","protected":false},"excerpt":{"rendered":"<p>Teos j\u00e4tkab sarja \u201eMonumenta Estoniae Antiquae\u201c muinasjutuv\u00e4ljaannete seeriat, mis annab \u00fclevaate k\u00f5igist Eesti Rahvaluule Arhiivi kogutud muinasjuttudest.<\/p>\n","protected":false},"featured_media":106036,"template":"","meta":{"_acf_changed":false,"inline_featured_image":false},"product_brand":[],"product_cat":[1948],"product_tag":[],"series":[],"publisher":[{"id":1761,"name":"Eesti Kirjandusmuuseum","slug":"eesti-kirjandusmuuseum"}],"class_list":{"0":"post-105475","1":"product","2":"type-product","3":"status-publish","4":"has-post-thumbnail","6":"product_cat-lasteraamatud-en","7":"publisher-eesti-kirjandusmuuseum","9":"first","10":"onbackorder","11":"taxable","12":"shipping-taxable","13":"purchasable","14":"product-type-simple"},"acf":[],"_links":{"self":[{"href":"https:\/\/exlibris.ee\/en\/wp-json\/wp\/v2\/product\/105475","targetHints":{"allow":["GET"]}}],"collection":[{"href":"https:\/\/exlibris.ee\/en\/wp-json\/wp\/v2\/product"}],"about":[{"href":"https:\/\/exlibris.ee\/en\/wp-json\/wp\/v2\/types\/product"}],"wp:featuredmedia":[{"embeddable":true,"href":"https:\/\/exlibris.ee\/en\/wp-json\/wp\/v2\/media\/106036"}],"wp:attachment":[{"href":"https:\/\/exlibris.ee\/en\/wp-json\/wp\/v2\/media?parent=105475"}],"wp:term":[{"taxonomy":"product_brand","embeddable":true,"href":"https:\/\/exlibris.ee\/en\/wp-json\/wp\/v2\/product_brand?post=105475"},{"taxonomy":"product_cat","embeddable":true,"href":"https:\/\/exlibris.ee\/en\/wp-json\/wp\/v2\/product_cat?post=105475"},{"taxonomy":"product_tag","embeddable":true,"href":"https:\/\/exlibris.ee\/en\/wp-json\/wp\/v2\/product_tag?post=105475"},{"taxonomy":"series","embeddable":true,"href":"https:\/\/exlibris.ee\/en\/wp-json\/wp\/v2\/series?post=105475"},{"taxonomy":"publisher","embeddable":true,"href":"https:\/\/exlibris.ee\/en\/wp-json\/wp\/v2\/publisher?post=105475"}],"curies":[{"name":"wp","href":"https:\/\/api.w.org\/{rel}","templated":true}]}}