{"id":105479,"date":"2023-10-10T02:32:31","date_gmt":"2023-10-09T23:32:31","guid":{"rendered":"https:\/\/exlibris.ee\/toode\/igal-lapsel-on-oma-onn\/"},"modified":"2026-04-07T07:28:23","modified_gmt":"2026-04-07T04:28:23","slug":"igal-lapsel-on-oma-onn","status":"publish","type":"product","link":"https:\/\/exlibris.ee\/en\/product\/igal-lapsel-on-oma-onn\/","title":{"rendered":"Igal lapsel on oma \u00f5nn"},"content":{"rendered":"<p>Kaunilt kujundatud kinkeraamatus on esitatud v\u00e4ike valik lapse s\u00fcnniga seotud uskumusi ja tulevikku m\u00f5jutavaid maagilisi v\u00f5tteid Eesti Rahvaluule Arhiivist.<\/p>\n","protected":false},"excerpt":{"rendered":"<p>Kaunilt kujundatud kinkeraamatus on esitatud v\u00e4ike valik lapse s\u00fcnniga seotud uskumusi ja tulevikku m\u00f5jutavaid maagilisi v\u00f5tteid Eesti Rahvaluule Arhiivist.<\/p>\n","protected":false},"featured_media":106008,"template":"","meta":{"_acf_changed":false,"inline_featured_image":false},"product_brand":[],"product_cat":[1948],"product_tag":[],"series":[],"publisher":[{"id":1761,"name":"Eesti Kirjandusmuuseum","slug":"eesti-kirjandusmuuseum"}],"class_list":{"0":"post-105479","1":"product","2":"type-product","3":"status-publish","4":"has-post-thumbnail","6":"product_cat-lasteraamatud-en","7":"publisher-eesti-kirjandusmuuseum","9":"first","10":"instock","11":"taxable","12":"shipping-taxable","13":"purchasable","14":"product-type-simple"},"acf":[],"_links":{"self":[{"href":"https:\/\/exlibris.ee\/en\/wp-json\/wp\/v2\/product\/105479","targetHints":{"allow":["GET"]}}],"collection":[{"href":"https:\/\/exlibris.ee\/en\/wp-json\/wp\/v2\/product"}],"about":[{"href":"https:\/\/exlibris.ee\/en\/wp-json\/wp\/v2\/types\/product"}],"wp:featuredmedia":[{"embeddable":true,"href":"https:\/\/exlibris.ee\/en\/wp-json\/wp\/v2\/media\/106008"}],"wp:attachment":[{"href":"https:\/\/exlibris.ee\/en\/wp-json\/wp\/v2\/media?parent=105479"}],"wp:term":[{"taxonomy":"product_brand","embeddable":true,"href":"https:\/\/exlibris.ee\/en\/wp-json\/wp\/v2\/product_brand?post=105479"},{"taxonomy":"product_cat","embeddable":true,"href":"https:\/\/exlibris.ee\/en\/wp-json\/wp\/v2\/product_cat?post=105479"},{"taxonomy":"product_tag","embeddable":true,"href":"https:\/\/exlibris.ee\/en\/wp-json\/wp\/v2\/product_tag?post=105479"},{"taxonomy":"series","embeddable":true,"href":"https:\/\/exlibris.ee\/en\/wp-json\/wp\/v2\/series?post=105479"},{"taxonomy":"publisher","embeddable":true,"href":"https:\/\/exlibris.ee\/en\/wp-json\/wp\/v2\/publisher?post=105479"}],"curies":[{"name":"wp","href":"https:\/\/api.w.org\/{rel}","templated":true}]}}