{"id":105483,"date":"2023-10-03T02:27:56","date_gmt":"2023-10-02T23:27:56","guid":{"rendered":"https:\/\/exlibris.ee\/toode\/eesti-keele-opetajaraamat-b1-b2\/"},"modified":"2023-11-26T07:30:23","modified_gmt":"2023-11-26T05:30:23","slug":"eesti-keele-opetajaraamat-b1-b2","status":"publish","type":"product","link":"https:\/\/exlibris.ee\/en\/product\/eesti-keele-opetajaraamat-b1-b2\/","title":{"rendered":"EESTI KEELE \u00d5PETAJARAAMAT  B1, B2"},"content":{"rendered":"<p>Eesti keele \u00f5ppekomplekti \u00f5petajaraamat B1, B2  \u00d5petajaraamatus on autori soovitused \u00fclesannete l\u00e4biviimiseks, \u00f5piku \u00fclesannete vastused, t\u00f6\u00f6vihiku \u00fclesannete vastused, rollikaardid ja t\u00f6\u00f6lehed.Lisaks \u00f5petajaraamatule on saadaval \u00f5pik + CD kuulamistekstidega ja t\u00f6\u00f6vihik. Materjalis on huvitavad ja elulised lugemis- ja kuulamistekstid, kirjalike tekstide n\u00e4idised, arusaadavad seletused, mitmekesised, aktiivsed ja t\u00f5husad harjutused.<\/p>\n","protected":false},"excerpt":{"rendered":"<p>Eesti keele \u00f5ppekomplekti \u00f5petajaraamat B1, B2 \u00d5petajaraamatus on autori soovitused \u00fclesannete l\u00e4biviimiseks, \u00f5piku \u00fclesannete vastused, t\u00f6\u00f6vihiku \u00fclesannete vastused, rollikaardid ja t\u00f6\u00f6lehed.Lisaks \u00f5petajaraamatule on saadaval \u00f5pik + CD kuulamistekstidega ja t\u00f6\u00f6vihik. Materjalis on huvitavad ja elulised lugemis- ja kuulamistekstid, kirjalike tekstide&#8230;<\/p>\n","protected":false},"featured_media":0,"template":"","meta":{"_acf_changed":false,"inline_featured_image":false},"product_brand":[],"product_cat":[26],"product_tag":[],"series":[{"id":694,"name":"EESTI KEELE \u00d5PIK B1, B2","slug":"eesti-keele-opik-b1-b2"}],"publisher":[{"id":695,"name":"FIE Mare Kitsnik","slug":"fie-mare-kitsnik"}],"class_list":{"0":"post-105483","1":"product","2":"type-product","3":"status-publish","5":"product_cat-maaramata","6":"series-eesti-keele-opik-b1-b2","7":"publisher-fie-mare-kitsnik","9":"first","10":"outofstock","11":"taxable","12":"shipping-taxable","13":"purchasable","14":"product-type-simple"},"acf":[],"_links":{"self":[{"href":"https:\/\/exlibris.ee\/en\/wp-json\/wp\/v2\/product\/105483","targetHints":{"allow":["GET"]}}],"collection":[{"href":"https:\/\/exlibris.ee\/en\/wp-json\/wp\/v2\/product"}],"about":[{"href":"https:\/\/exlibris.ee\/en\/wp-json\/wp\/v2\/types\/product"}],"wp:attachment":[{"href":"https:\/\/exlibris.ee\/en\/wp-json\/wp\/v2\/media?parent=105483"}],"wp:term":[{"taxonomy":"product_brand","embeddable":true,"href":"https:\/\/exlibris.ee\/en\/wp-json\/wp\/v2\/product_brand?post=105483"},{"taxonomy":"product_cat","embeddable":true,"href":"https:\/\/exlibris.ee\/en\/wp-json\/wp\/v2\/product_cat?post=105483"},{"taxonomy":"product_tag","embeddable":true,"href":"https:\/\/exlibris.ee\/en\/wp-json\/wp\/v2\/product_tag?post=105483"},{"taxonomy":"series","embeddable":true,"href":"https:\/\/exlibris.ee\/en\/wp-json\/wp\/v2\/series?post=105483"},{"taxonomy":"publisher","embeddable":true,"href":"https:\/\/exlibris.ee\/en\/wp-json\/wp\/v2\/publisher?post=105483"}],"curies":[{"name":"wp","href":"https:\/\/api.w.org\/{rel}","templated":true}]}}