{"id":105893,"date":"2023-11-23T06:32:40","date_gmt":"2023-11-23T04:32:40","guid":{"rendered":"https:\/\/exlibris.ee\/toode\/beste-freunde-a1-2-arbeitsbuch-media-app\/"},"modified":"2026-04-13T07:25:44","modified_gmt":"2026-04-13T04:25:44","slug":"beste-freunde-a1-2-arbeitsbuch-media-app","status":"publish","type":"product","link":"https:\/\/exlibris.ee\/en\/product\/beste-freunde-a1-2-arbeitsbuch-media-app\/","title":{"rendered":"Beste Freunde A1.2 Arbeitsbuch Media-App"},"content":{"rendered":"<p>Arbeitsbuch mit Audios online<br \/>\n&#8211; jede Lektion enth\u00e4lt sieben vierfarbige Seiten<br \/>\n&#8211; zahlreiche \u00dcbungen zu Grammatik, Wortschatz und Redemittel f\u00fcr die Arbeit im Unterricht oder zum selbst\u00e4ndigen Lernen zu Hause<br \/>\n&#8211; umfangreiches Angebot an selbstentdeckender, kontrastiv angelegter Grammatikarbeit<br \/>\n&#8211; klar ausgewiesenes, kleinschrittiges Schreibtraining<br \/>\n&#8211; ausf\u00fchrliches Phonetiktraining<br \/>\n&#8211; klares wechselseitiges Verweissystem zwischen Kurs- und Arbeitsbuch<br \/>\n&#8211; \u00fcbersichtliche Pr\u00e4sentation des Lernwortschatzes<br \/>\n&#8211; pro Modul zwei Seiten Fertigkeitentraining sowie eine Seite Selbstevaluation (Kann-Beschreibungen des GER)<br \/>\n&#8211; ausgewiesene Portfolio-Aufgaben<br \/>\n&#8211; \u00dcbungen zur Binnendifferenzierung<br \/>\n&#8211; Lerntipps<br \/>\n&#8211; Arbeitsbl\u00e4tter f\u00fcr Partneraufgaben des Kursbuchs im Anhang<br \/>\n&#8211; Audios online: H\u00f6rtexte zur Aussprache und zum Fertigkeitentraining<br \/>\nMit der kostenlosen App Hueber Media k\u00f6nnen Sie die Audios auf dem Smartphone abspielen \u2013 wo und wann immer Sie m\u00f6chten.<\/p>\n","protected":false},"excerpt":{"rendered":"<p>Arbeitsbuch mit Audios online &#8211; jede Lektion enth\u00e4lt sieben vierfarbige Seiten &#8211; zahlreiche \u00dcbungen zu Grammatik, Wortschatz und Redemittel f\u00fcr die Arbeit im Unterricht oder zum selbst\u00e4ndigen Lernen zu Hause &#8211; umfangreiches Angebot an selbstentdeckender, kontrastiv angelegter Grammatikarbeit &#8211; klar&#8230;<\/p>\n","protected":false},"featured_media":106170,"template":"","meta":{"_acf_changed":false,"inline_featured_image":false},"product_brand":[],"product_cat":[477],"product_tag":[],"series":[{"id":997,"name":"Beste Freunde","slug":"beste-freunde"}],"publisher":[{"id":497,"name":"Hueber Verlag","slug":"hueber-verlag"}],"class_list":{"0":"post-105893","1":"product","2":"type-product","3":"status-publish","4":"has-post-thumbnail","6":"product_cat-lehrwerke-fur-jugendliche","7":"series-beste-freunde","8":"publisher-hueber-verlag","10":"first","11":"instock","12":"taxable","13":"shipping-taxable","14":"purchasable","15":"product-type-simple"},"acf":[],"_links":{"self":[{"href":"https:\/\/exlibris.ee\/en\/wp-json\/wp\/v2\/product\/105893","targetHints":{"allow":["GET"]}}],"collection":[{"href":"https:\/\/exlibris.ee\/en\/wp-json\/wp\/v2\/product"}],"about":[{"href":"https:\/\/exlibris.ee\/en\/wp-json\/wp\/v2\/types\/product"}],"wp:featuredmedia":[{"embeddable":true,"href":"https:\/\/exlibris.ee\/en\/wp-json\/wp\/v2\/media\/106170"}],"wp:attachment":[{"href":"https:\/\/exlibris.ee\/en\/wp-json\/wp\/v2\/media?parent=105893"}],"wp:term":[{"taxonomy":"product_brand","embeddable":true,"href":"https:\/\/exlibris.ee\/en\/wp-json\/wp\/v2\/product_brand?post=105893"},{"taxonomy":"product_cat","embeddable":true,"href":"https:\/\/exlibris.ee\/en\/wp-json\/wp\/v2\/product_cat?post=105893"},{"taxonomy":"product_tag","embeddable":true,"href":"https:\/\/exlibris.ee\/en\/wp-json\/wp\/v2\/product_tag?post=105893"},{"taxonomy":"series","embeddable":true,"href":"https:\/\/exlibris.ee\/en\/wp-json\/wp\/v2\/series?post=105893"},{"taxonomy":"publisher","embeddable":true,"href":"https:\/\/exlibris.ee\/en\/wp-json\/wp\/v2\/publisher?post=105893"}],"curies":[{"name":"wp","href":"https:\/\/api.w.org\/{rel}","templated":true}]}}