{"id":106369,"date":"2024-01-15T03:09:46","date_gmt":"2024-01-15T01:09:46","guid":{"rendered":"https:\/\/exlibris.ee\/toode\/kolm-reisi\/"},"modified":"2026-04-18T19:37:30","modified_gmt":"2026-04-18T16:37:30","slug":"kolm-reisi","status":"publish","type":"product","link":"https:\/\/exlibris.ee\/en\/product\/kolm-reisi\/","title":{"rendered":"Kolm reisi"},"content":{"rendered":"<p>Reisijutte on mitmesuguseid. On &#8220;Gulliveri reisid&#8221;, on &#8220;Tundeline teekond l\u00e4bi Prantsusmaa ja Itaalia&#8221;. Ka Nipernaadi seiklusi v\u00f5ib mingis m\u00f5ttes nimetada reisiks. Ja loomulikult on olemas suurim k\u00f5igist r\u00e4nnuraamatutest &#8211; &#8220;Od\u00fcsseia&#8221;. Muus ma end Homerosega k\u00f5rvutada ei s\u00f6anda, kuid \u00fches k\u00fcll &#8211; kilomeetrite arvus; siin annavad minu kangelased laertiaadile mitu head silma ette.<br \/>\nRaamat koosneb kolmest ilukirjanduslikust reisikirjeldusest, &#8220;Saksamaa \u00f5ppetunnid&#8221;, &#8220;Telemacheia&#8221; ja &#8220;Armeenlannad&#8221;. &#8220;Saksamaa \u00f5ppetunnid&#8221; p\u00e4lvisid Peterburi ajakirja &#8220;Zvezda&#8221; aastapreemia.<\/p>\n","protected":false},"excerpt":{"rendered":"<p>Reisijutte on mitmesuguseid. On &#8220;Gulliveri reisid&#8221;, on &#8220;Tundeline teekond l\u00e4bi Prantsusmaa ja Itaalia&#8221;. Ka Nipernaadi seiklusi v\u00f5ib mingis m\u00f5ttes nimetada reisiks. Ja loomulikult on olemas suurim k\u00f5igist r\u00e4nnuraamatutest &#8211; &#8220;Od\u00fcsseia&#8221;. Muus ma end Homerosega k\u00f5rvutada ei s\u00f6anda, kuid \u00fches k\u00fcll&#8230;<\/p>\n","protected":false},"featured_media":106385,"template":"","meta":{"_acf_changed":false,"inline_featured_image":false},"product_brand":[],"product_cat":[870],"product_tag":[],"series":[],"publisher":[{"id":2062,"name":"EKSA","slug":"eksa"}],"class_list":{"0":"post-106369","1":"product","2":"type-product","3":"status-publish","4":"has-post-thumbnail","6":"product_cat-proosa","7":"publisher-eksa","9":"first","10":"instock","11":"taxable","12":"shipping-taxable","13":"purchasable","14":"product-type-simple"},"acf":[],"_links":{"self":[{"href":"https:\/\/exlibris.ee\/en\/wp-json\/wp\/v2\/product\/106369","targetHints":{"allow":["GET"]}}],"collection":[{"href":"https:\/\/exlibris.ee\/en\/wp-json\/wp\/v2\/product"}],"about":[{"href":"https:\/\/exlibris.ee\/en\/wp-json\/wp\/v2\/types\/product"}],"wp:featuredmedia":[{"embeddable":true,"href":"https:\/\/exlibris.ee\/en\/wp-json\/wp\/v2\/media\/106385"}],"wp:attachment":[{"href":"https:\/\/exlibris.ee\/en\/wp-json\/wp\/v2\/media?parent=106369"}],"wp:term":[{"taxonomy":"product_brand","embeddable":true,"href":"https:\/\/exlibris.ee\/en\/wp-json\/wp\/v2\/product_brand?post=106369"},{"taxonomy":"product_cat","embeddable":true,"href":"https:\/\/exlibris.ee\/en\/wp-json\/wp\/v2\/product_cat?post=106369"},{"taxonomy":"product_tag","embeddable":true,"href":"https:\/\/exlibris.ee\/en\/wp-json\/wp\/v2\/product_tag?post=106369"},{"taxonomy":"series","embeddable":true,"href":"https:\/\/exlibris.ee\/en\/wp-json\/wp\/v2\/series?post=106369"},{"taxonomy":"publisher","embeddable":true,"href":"https:\/\/exlibris.ee\/en\/wp-json\/wp\/v2\/publisher?post=106369"}],"curies":[{"name":"wp","href":"https:\/\/api.w.org\/{rel}","templated":true}]}}