{"id":108622,"date":"2024-02-01T02:51:00","date_gmt":"2024-02-01T00:51:00","guid":{"rendered":"https:\/\/exlibris.ee\/toode\/la-tulipe-noire-a1\/"},"modified":"2026-04-04T05:24:55","modified_gmt":"2026-04-04T02:24:55","slug":"la-tulipe-noire-a1","status":"publish","type":"product","link":"https:\/\/exlibris.ee\/en\/product\/la-tulipe-noire-a1\/","title":{"rendered":"La tulipe noire A1"},"content":{"rendered":"<p>Nous sommes en Hollande, au XVIIe si\u00e8cle. Corn\u00e9lius est un jeune homme tranquille. Il a une seule passion, les tulipes, et un r\u00eave, faire pousser une tulipe noire. Mais il se retrouve injustement en prison. Doit-il abandonner son r\u00eave? Ou peut-il encore le r\u00e9aliser, gr\u00e2ce \u00e0 la jolie Rosa? <\/p>\n<p>Dans ce livre, tu trouveras aussi:<br \/>\n* des exercices de grammaire, de vocabulaire, de compr\u00e9hension et de production \u00e9crite et orale<br \/>\n* des activit\u00e9s de type DELF<br \/>\n* des dossiers: Alexandre Dumas (p\u00e9re); Les fleurs et nous; Les personnages des romans de Dumas<br \/>\n* enregistrement int\u00e9gral du texte<\/p>\n","protected":false},"excerpt":{"rendered":"<p>Nous sommes en Hollande, au XVIIe si\u00e8cle. Corn\u00e9lius est un jeune homme tranquille. Il a une seule passion, les tulipes, et un r\u00eave, faire pousser une tulipe noire. Mais il se retrouve injustement en prison. Doit-il abandonner son r\u00eave? Ou&#8230;<\/p>\n","protected":false},"featured_media":108528,"template":"","meta":{"_acf_changed":false,"inline_featured_image":false},"product_brand":[],"product_cat":[887],"product_tag":[],"series":[{"id":2089,"name":"Lire et s\u00b4Entrainer","slug":"lire-et-sentrainer-2"}],"publisher":[{"id":1584,"name":"Cideb","slug":"cideb"}],"class_list":{"0":"post-108622","1":"product","2":"type-product","3":"status-publish","4":"has-post-thumbnail","6":"product_cat-prantsuse-keel","7":"series-lire-et-sentrainer-2","8":"publisher-cideb","10":"first","11":"instock","12":"taxable","13":"shipping-taxable","14":"purchasable","15":"product-type-simple"},"acf":[],"_links":{"self":[{"href":"https:\/\/exlibris.ee\/en\/wp-json\/wp\/v2\/product\/108622","targetHints":{"allow":["GET"]}}],"collection":[{"href":"https:\/\/exlibris.ee\/en\/wp-json\/wp\/v2\/product"}],"about":[{"href":"https:\/\/exlibris.ee\/en\/wp-json\/wp\/v2\/types\/product"}],"wp:featuredmedia":[{"embeddable":true,"href":"https:\/\/exlibris.ee\/en\/wp-json\/wp\/v2\/media\/108528"}],"wp:attachment":[{"href":"https:\/\/exlibris.ee\/en\/wp-json\/wp\/v2\/media?parent=108622"}],"wp:term":[{"taxonomy":"product_brand","embeddable":true,"href":"https:\/\/exlibris.ee\/en\/wp-json\/wp\/v2\/product_brand?post=108622"},{"taxonomy":"product_cat","embeddable":true,"href":"https:\/\/exlibris.ee\/en\/wp-json\/wp\/v2\/product_cat?post=108622"},{"taxonomy":"product_tag","embeddable":true,"href":"https:\/\/exlibris.ee\/en\/wp-json\/wp\/v2\/product_tag?post=108622"},{"taxonomy":"series","embeddable":true,"href":"https:\/\/exlibris.ee\/en\/wp-json\/wp\/v2\/series?post=108622"},{"taxonomy":"publisher","embeddable":true,"href":"https:\/\/exlibris.ee\/en\/wp-json\/wp\/v2\/publisher?post=108622"}],"curies":[{"name":"wp","href":"https:\/\/api.w.org\/{rel}","templated":true}]}}