{"id":108624,"date":"2024-02-01T02:51:00","date_gmt":"2024-02-01T00:51:00","guid":{"rendered":"https:\/\/exlibris.ee\/toode\/los-guardianes-del-mar-a2\/"},"modified":"2026-04-23T08:45:57","modified_gmt":"2026-04-23T05:45:57","slug":"los-guardianes-del-mar-a2","status":"publish","type":"product","link":"https:\/\/exlibris.ee\/en\/product\/los-guardianes-del-mar-a2\/","title":{"rendered":"Los guardianes del mar A2"},"content":{"rendered":"<p>Salvador, un joven de 17 a\u00f1os, decide apuntarse junto con su inseparable amigo Roberto a un campo de voluntariado juvenil en Galicia. Alli conoce tambi\u00e9n a Carmen, una voluntaria italiana. En medio de un paisaje encantador, toma conciencia de los problemas medioambientales causados por la acumulaci\u00f3n de pl\u00e1sticos en el mar; los tres chicos deciden entonces hacer algo para denunciar este problema. <\/p>\n<p>A lo largo de esta obra encontraras:<br \/>\n* ejercicios de gram\u00e1tica, de l\u00e9xico, de comprensi\u00f3n lectora y aduitiva y de expresi\u00f3n escrita y oral<br \/>\n* ejercicios de preparaci\u00f3n al DELE<br \/>\n* actividades Reflexi\u00f3n y actividades relacionadas con Valores y sentimientos<br \/>\n* dosieres: El Parque Nacional de las Islas Atl\u00e1nticas; El desastre del Prestige<br \/>\n* la grabaci\u00f3n integral del texto<\/p>\n","protected":false},"excerpt":{"rendered":"<p>Salvador, un joven de 17 a\u00f1os, decide apuntarse junto con su inseparable amigo Roberto a un campo de voluntariado juvenil en Galicia. Alli conoce tambi\u00e9n a Carmen, una voluntaria italiana. En medio de un paisaje encantador, toma conciencia de los&#8230;<\/p>\n","protected":false},"featured_media":108534,"template":"","meta":{"_acf_changed":false,"inline_featured_image":false},"product_brand":[],"product_cat":[889],"product_tag":[],"series":[{"id":1617,"name":"Leer y Aprender - Competencias para la Vida","slug":"leer-y-aprender-competencias-para-la-vida"}],"publisher":[{"id":1584,"name":"Cideb","slug":"cideb"}],"class_list":{"0":"post-108624","1":"product","2":"type-product","3":"status-publish","4":"has-post-thumbnail","6":"product_cat-hispaania-keel","7":"series-leer-y-aprender-competencias-para-la-vida","8":"publisher-cideb","10":"first","11":"instock","12":"taxable","13":"shipping-taxable","14":"purchasable","15":"product-type-simple"},"acf":[],"_links":{"self":[{"href":"https:\/\/exlibris.ee\/en\/wp-json\/wp\/v2\/product\/108624","targetHints":{"allow":["GET"]}}],"collection":[{"href":"https:\/\/exlibris.ee\/en\/wp-json\/wp\/v2\/product"}],"about":[{"href":"https:\/\/exlibris.ee\/en\/wp-json\/wp\/v2\/types\/product"}],"wp:featuredmedia":[{"embeddable":true,"href":"https:\/\/exlibris.ee\/en\/wp-json\/wp\/v2\/media\/108534"}],"wp:attachment":[{"href":"https:\/\/exlibris.ee\/en\/wp-json\/wp\/v2\/media?parent=108624"}],"wp:term":[{"taxonomy":"product_brand","embeddable":true,"href":"https:\/\/exlibris.ee\/en\/wp-json\/wp\/v2\/product_brand?post=108624"},{"taxonomy":"product_cat","embeddable":true,"href":"https:\/\/exlibris.ee\/en\/wp-json\/wp\/v2\/product_cat?post=108624"},{"taxonomy":"product_tag","embeddable":true,"href":"https:\/\/exlibris.ee\/en\/wp-json\/wp\/v2\/product_tag?post=108624"},{"taxonomy":"series","embeddable":true,"href":"https:\/\/exlibris.ee\/en\/wp-json\/wp\/v2\/series?post=108624"},{"taxonomy":"publisher","embeddable":true,"href":"https:\/\/exlibris.ee\/en\/wp-json\/wp\/v2\/publisher?post=108624"}],"curies":[{"name":"wp","href":"https:\/\/api.w.org\/{rel}","templated":true}]}}