{"id":108867,"date":"2024-02-06T02:21:03","date_gmt":"2024-02-06T00:21:03","guid":{"rendered":"https:\/\/exlibris.ee\/toode\/45-studen-deutschlandcd\/"},"modified":"2026-04-04T03:12:44","modified_gmt":"2026-04-04T00:12:44","slug":"45-studen-deutschlandcd","status":"publish","type":"product","link":"https:\/\/exlibris.ee\/en\/product\/45-studen-deutschlandcd\/","title":{"rendered":"45 Studen Deutschland+CD"},"content":{"rendered":"<p>Orientierungskurs Politik, Geschichte, Kultur<\/p>\n<p>F\u00fcr alle Orientierungskurse nach dem aktuellen Curriculum des Bundesamtes f\u00fcr Migration und Fl\u00fcchtlinge<br \/>\nKombiniertes Kurs- und \u00dcbungsbuch inklusive Audio-CD f\u00fcr Erwachsene mit Deutschkenntnissen auf Niveau A2-B1<\/p>\n","protected":false},"excerpt":{"rendered":"<p>Orientierungskurs Politik, Geschichte, Kultur F\u00fcr alle Orientierungskurse nach dem aktuellen Curriculum des Bundesamtes f\u00fcr Migration und Fl\u00fcchtlinge Kombiniertes Kurs- und \u00dcbungsbuch inklusive Audio-CD f\u00fcr Erwachsene mit Deutschkenntnissen auf Niveau A2-B1<\/p>\n","protected":false},"featured_media":108750,"template":"","meta":{"_acf_changed":false,"inline_featured_image":false},"product_brand":[],"product_cat":[538],"product_tag":[],"series":[],"publisher":[{"id":2095,"name":"Klett-Langenscheidt","slug":"klett-langenscheidt"}],"class_list":{"0":"post-108867","1":"product","2":"type-product","3":"status-publish","4":"has-post-thumbnail","6":"product_cat-lehrwerke-fur-erwachsene","7":"publisher-klett-langenscheidt","9":"first","10":"instock","11":"taxable","12":"shipping-taxable","13":"purchasable","14":"product-type-simple"},"acf":[],"_links":{"self":[{"href":"https:\/\/exlibris.ee\/en\/wp-json\/wp\/v2\/product\/108867","targetHints":{"allow":["GET"]}}],"collection":[{"href":"https:\/\/exlibris.ee\/en\/wp-json\/wp\/v2\/product"}],"about":[{"href":"https:\/\/exlibris.ee\/en\/wp-json\/wp\/v2\/types\/product"}],"wp:featuredmedia":[{"embeddable":true,"href":"https:\/\/exlibris.ee\/en\/wp-json\/wp\/v2\/media\/108750"}],"wp:attachment":[{"href":"https:\/\/exlibris.ee\/en\/wp-json\/wp\/v2\/media?parent=108867"}],"wp:term":[{"taxonomy":"product_brand","embeddable":true,"href":"https:\/\/exlibris.ee\/en\/wp-json\/wp\/v2\/product_brand?post=108867"},{"taxonomy":"product_cat","embeddable":true,"href":"https:\/\/exlibris.ee\/en\/wp-json\/wp\/v2\/product_cat?post=108867"},{"taxonomy":"product_tag","embeddable":true,"href":"https:\/\/exlibris.ee\/en\/wp-json\/wp\/v2\/product_tag?post=108867"},{"taxonomy":"series","embeddable":true,"href":"https:\/\/exlibris.ee\/en\/wp-json\/wp\/v2\/series?post=108867"},{"taxonomy":"publisher","embeddable":true,"href":"https:\/\/exlibris.ee\/en\/wp-json\/wp\/v2\/publisher?post=108867"}],"curies":[{"name":"wp","href":"https:\/\/api.w.org\/{rel}","templated":true}]}}