{"id":109119,"date":"2024-02-08T02:20:31","date_gmt":"2024-02-08T00:20:31","guid":{"rendered":"https:\/\/exlibris.ee\/toode\/tintenherz\/"},"modified":"2026-04-13T23:27:06","modified_gmt":"2026-04-13T20:27:06","slug":"tintenherz","status":"publish","type":"product","link":"https:\/\/exlibris.ee\/en\/product\/tintenherz\/","title":{"rendered":"Tintenherz"},"content":{"rendered":"<p>Wenn B\u00fccher zum Leben erwachen &#8230; Seit ihre Mutter vor neun Jahren verschwunden ist, lebt Meggie bei ihrem Vater Mo. Doch alles \u00e4ndert sich, als eines Nachts ein Fremder namens Staubfinger auftaucht und Mo vor dem unheimlichen Capricorn warnt. Am n\u00e4chsten Morgen verlassen Meggie und Mo ihr Zuhause. Im Gep\u00e4ck haben sie ein geheimnisvolles Buch, das Mo vor vielen Jahren zum letzten Mal gelesen hat und das er unbedingt vor Capricorn verstecken muss. Doch Capricorn und seine M\u00e4nner sind ihnen schon auf der Spur. Bald ist nicht nur das Buch, sondern auch Meggie selbst in Gefahr.<\/p>\n","protected":false},"excerpt":{"rendered":"<p>Wenn B\u00fccher zum Leben erwachen &#8230; Seit ihre Mutter vor neun Jahren verschwunden ist, lebt Meggie bei ihrem Vater Mo. Doch alles \u00e4ndert sich, als eines Nachts ein Fremder namens Staubfinger auftaucht und Mo vor dem unheimlichen Capricorn warnt. Am&#8230;<\/p>\n","protected":false},"featured_media":251923,"template":"","meta":{"_acf_changed":false,"inline_featured_image":false},"product_brand":[],"product_cat":[851],"product_tag":[],"series":[],"publisher":[{"id":2095,"name":"Klett-Langenscheidt","slug":"klett-langenscheidt"}],"class_list":{"0":"post-109119","1":"product","2":"type-product","3":"status-publish","4":"has-post-thumbnail","6":"product_cat-lesetexte-deutsch","7":"publisher-klett-langenscheidt","9":"first","10":"instock","11":"taxable","12":"shipping-taxable","13":"purchasable","14":"product-type-simple"},"acf":[],"_links":{"self":[{"href":"https:\/\/exlibris.ee\/en\/wp-json\/wp\/v2\/product\/109119","targetHints":{"allow":["GET"]}}],"collection":[{"href":"https:\/\/exlibris.ee\/en\/wp-json\/wp\/v2\/product"}],"about":[{"href":"https:\/\/exlibris.ee\/en\/wp-json\/wp\/v2\/types\/product"}],"wp:featuredmedia":[{"embeddable":true,"href":"https:\/\/exlibris.ee\/en\/wp-json\/wp\/v2\/media\/251923"}],"wp:attachment":[{"href":"https:\/\/exlibris.ee\/en\/wp-json\/wp\/v2\/media?parent=109119"}],"wp:term":[{"taxonomy":"product_brand","embeddable":true,"href":"https:\/\/exlibris.ee\/en\/wp-json\/wp\/v2\/product_brand?post=109119"},{"taxonomy":"product_cat","embeddable":true,"href":"https:\/\/exlibris.ee\/en\/wp-json\/wp\/v2\/product_cat?post=109119"},{"taxonomy":"product_tag","embeddable":true,"href":"https:\/\/exlibris.ee\/en\/wp-json\/wp\/v2\/product_tag?post=109119"},{"taxonomy":"series","embeddable":true,"href":"https:\/\/exlibris.ee\/en\/wp-json\/wp\/v2\/series?post=109119"},{"taxonomy":"publisher","embeddable":true,"href":"https:\/\/exlibris.ee\/en\/wp-json\/wp\/v2\/publisher?post=109119"}],"curies":[{"name":"wp","href":"https:\/\/api.w.org\/{rel}","templated":true}]}}