{"id":109142,"date":"2024-02-08T06:30:52","date_gmt":"2024-02-08T04:30:52","guid":{"rendered":"https:\/\/exlibris.ee\/toode\/miteinander-deutsch-fur-alltag-und-beruf-b1-1-kurs-und-arbeitsbuch-plus-interaktive-version\/"},"modified":"2026-04-23T05:38:28","modified_gmt":"2026-04-23T02:38:28","slug":"miteinander-deutsch-fur-alltag-und-beruf-b1-1-kurs-und-arbeitsbuch-plus-interaktive-version","status":"publish","type":"product","link":"https:\/\/exlibris.ee\/en\/product\/miteinander-deutsch-fur-alltag-und-beruf-b1-1-kurs-und-arbeitsbuch-plus-interaktive-version\/","title":{"rendered":"Miteinander! Deutsch f\u00fcr Alltag und Beruf B1.1 \/ Kurs- und Arbeitsbuch plus interaktive Version"},"content":{"rendered":"<p>Miteinander! \u2013 das neue Lehrwerk f\u00fcr Integrationskurse (A1 &#8211; B1) f\u00fcr Deutsch als Zweitsprache. Kurs- und Arbeitsbuch Miteinander! B1.1 \u2013 inklusive Startcode f\u00fcr die interaktive Version. Zielgruppe: Erwachsene und Jugendliche ab 16 Jahren ohne Vorkenntnisse in Integrationskursen B1.1 in Deutschland. Auch als regionale Ausgaben f\u00fcr \u00d6sterreich und die Schweiz erh\u00e4ltlich.. Miteinander! enth\u00e4lt eine interaktive Version und bietet eine optimale Verzahnung von Print und Digital f\u00fcr Online- und Pr\u00e4senzunterricht.. Kursbuchteil:. &#8211; jede der 6 Lektionen \u00e0 11 Seiten wird von jeweils einem Protagonisten getragen, dessen Geschichte in den weiteren B\u00e4nden fortgef\u00fchrt wird. &#8211; sehr unterschiedliche Protagonist:innen bieten viele Identifikationsm\u00f6glichkeiten f\u00fcr die Lernenden. &#8211; hoher pers\u00f6nlicher und emotionaler Bezug zu den interessanten, vielf\u00e4ltigen und h\u00e4ufig auch berufsrelevanten Themen durch alltagsnahe Geschichten. &#8211; in den B1-B\u00e4nden wird die Pr\u00fcfungsvorbereitung auf den DTZ noch einmal intensiviert: Jede Lektion endet mit einer Doppelseite &#8220;Miteinander zum DTZ&#8221; mit Tipps zur Pr\u00fcfungsvorbereitung und Lernstrategien.. &#8211; neu im B1.1-Band ist auch die Extra-Lektion &#8220;Politik&#8221;. &#8211; strukturierter, kleinschrittiger und didaktisch durchdachter Lektionsaufbau. -intelligente Verzahnung der Lernziele mit einem vielf\u00e4ltigen Angebot an Clips zu Grammatik, Kommunikation und Aussprache sowie interaktiven binnendifferenzierenden Zusatz\u00fcbungen zur Vertiefung und Festigung des Lernstoffs. &#8211; Kurzvideos mit Beispiel\u00e4u\u00dferungen von Lernenden, die erreichbare Sprachmodelle darstellen. &#8211; abwechslungsreiche, kooperative Aufgaben f\u00f6rdern das gemeinsame Lernen. &#8211; rasche Lernerfolge durch abgeschlossene Lerneinheiten pro Doppelseite.<\/p>\n","protected":false},"excerpt":{"rendered":"<p>Miteinander! \u2013 das neue Lehrwerk f\u00fcr Integrationskurse (A1 &#8211; B1) f\u00fcr Deutsch als Zweitsprache. Kurs- und Arbeitsbuch Miteinander! B1.1 \u2013 inklusive Startcode f\u00fcr die interaktive Version. Zielgruppe: Erwachsene und Jugendliche ab 16 Jahren ohne Vorkenntnisse in Integrationskursen B1.1 in Deutschland&#8230;.<\/p>\n","protected":false},"featured_media":423074,"template":"","meta":{"_acf_changed":false,"inline_featured_image":false},"product_brand":[],"product_cat":[538],"product_tag":[],"series":[{"id":2102,"name":"Miteinander!","slug":"miteinander-2"}],"publisher":[{"id":497,"name":"Hueber Verlag","slug":"hueber-verlag"}],"class_list":{"0":"post-109142","1":"product","2":"type-product","3":"status-publish","4":"has-post-thumbnail","6":"product_cat-lehrwerke-fur-erwachsene","7":"series-miteinander-2","8":"publisher-hueber-verlag","10":"first","11":"onbackorder","12":"taxable","13":"shipping-taxable","14":"purchasable","15":"product-type-simple"},"acf":[],"_links":{"self":[{"href":"https:\/\/exlibris.ee\/en\/wp-json\/wp\/v2\/product\/109142","targetHints":{"allow":["GET"]}}],"collection":[{"href":"https:\/\/exlibris.ee\/en\/wp-json\/wp\/v2\/product"}],"about":[{"href":"https:\/\/exlibris.ee\/en\/wp-json\/wp\/v2\/types\/product"}],"wp:featuredmedia":[{"embeddable":true,"href":"https:\/\/exlibris.ee\/en\/wp-json\/wp\/v2\/media\/423074"}],"wp:attachment":[{"href":"https:\/\/exlibris.ee\/en\/wp-json\/wp\/v2\/media?parent=109142"}],"wp:term":[{"taxonomy":"product_brand","embeddable":true,"href":"https:\/\/exlibris.ee\/en\/wp-json\/wp\/v2\/product_brand?post=109142"},{"taxonomy":"product_cat","embeddable":true,"href":"https:\/\/exlibris.ee\/en\/wp-json\/wp\/v2\/product_cat?post=109142"},{"taxonomy":"product_tag","embeddable":true,"href":"https:\/\/exlibris.ee\/en\/wp-json\/wp\/v2\/product_tag?post=109142"},{"taxonomy":"series","embeddable":true,"href":"https:\/\/exlibris.ee\/en\/wp-json\/wp\/v2\/series?post=109142"},{"taxonomy":"publisher","embeddable":true,"href":"https:\/\/exlibris.ee\/en\/wp-json\/wp\/v2\/publisher?post=109142"}],"curies":[{"name":"wp","href":"https:\/\/api.w.org\/{rel}","templated":true}]}}