{"id":109143,"date":"2024-02-08T06:30:53","date_gmt":"2024-02-08T04:30:53","guid":{"rendered":"https:\/\/exlibris.ee\/toode\/hugo-auf-groser-jagd-lesehasen-bucherei-lekture-fur-kinder\/"},"modified":"2026-04-24T01:39:19","modified_gmt":"2026-04-23T22:39:19","slug":"hugo-auf-groser-jagd-lesehasen-bucherei-lekture-fur-kinder","status":"publish","type":"product","link":"https:\/\/exlibris.ee\/en\/product\/hugo-auf-groser-jagd-lesehasen-bucherei-lekture-fur-kinder\/","title":{"rendered":"Hugo auf gro\u00dfer Jagd \/ Lesehasen-B\u00fccherei \/ Lekt\u00fcre f\u00fcr Kinder"},"content":{"rendered":"<p>Erst Hausaufgaben, dann zum Fu\u00dfball! Das ist Hugos Plan. Doch pl\u00f6tzlich taucht eine M\u00fccke in seinem Zimmer auf und bringt alles durcheinander: Hugo bekommt sie einfach nicht zu fassen und ein ausgewachsener Wutanfall lenkt ihn von seinem Vorhaben ab \u2026 Erst als Hugos Mutter vor lauter Unordnung das Zimmer nicht mehr betreten kann und auf dem Handy anruft, kommt Hugo zur Besinnung. Hat er vielleicht aus einer M\u00fccke einen Elefanten gemacht?<\/p>\n","protected":false},"excerpt":{"rendered":"<p>Erst Hausaufgaben, dann zum Fu\u00dfball! Das ist Hugos Plan. Doch pl\u00f6tzlich taucht eine M\u00fccke in seinem Zimmer auf und bringt alles durcheinander: Hugo bekommt sie einfach nicht zu fassen und ein ausgewachsener Wutanfall lenkt ihn von seinem Vorhaben ab \u2026&#8230;<\/p>\n","protected":false},"featured_media":439861,"template":"","meta":{"_acf_changed":false,"inline_featured_image":false},"product_brand":[],"product_cat":[851],"product_tag":[],"series":[{"id":2103,"name":"Hugo auf gro\u00dfer Jagd","slug":"hugo-auf-groser-jagd"}],"publisher":[{"id":2104,"name":"Hase und Igel Verlag","slug":"hase-und-igel-verlag"}],"class_list":{"0":"post-109143","1":"product","2":"type-product","3":"status-publish","4":"has-post-thumbnail","6":"product_cat-lesetexte-deutsch","7":"series-hugo-auf-groser-jagd","8":"publisher-hase-und-igel-verlag","10":"first","11":"onbackorder","12":"taxable","13":"shipping-taxable","14":"purchasable","15":"product-type-simple"},"acf":[],"_links":{"self":[{"href":"https:\/\/exlibris.ee\/en\/wp-json\/wp\/v2\/product\/109143","targetHints":{"allow":["GET"]}}],"collection":[{"href":"https:\/\/exlibris.ee\/en\/wp-json\/wp\/v2\/product"}],"about":[{"href":"https:\/\/exlibris.ee\/en\/wp-json\/wp\/v2\/types\/product"}],"wp:featuredmedia":[{"embeddable":true,"href":"https:\/\/exlibris.ee\/en\/wp-json\/wp\/v2\/media\/439861"}],"wp:attachment":[{"href":"https:\/\/exlibris.ee\/en\/wp-json\/wp\/v2\/media?parent=109143"}],"wp:term":[{"taxonomy":"product_brand","embeddable":true,"href":"https:\/\/exlibris.ee\/en\/wp-json\/wp\/v2\/product_brand?post=109143"},{"taxonomy":"product_cat","embeddable":true,"href":"https:\/\/exlibris.ee\/en\/wp-json\/wp\/v2\/product_cat?post=109143"},{"taxonomy":"product_tag","embeddable":true,"href":"https:\/\/exlibris.ee\/en\/wp-json\/wp\/v2\/product_tag?post=109143"},{"taxonomy":"series","embeddable":true,"href":"https:\/\/exlibris.ee\/en\/wp-json\/wp\/v2\/series?post=109143"},{"taxonomy":"publisher","embeddable":true,"href":"https:\/\/exlibris.ee\/en\/wp-json\/wp\/v2\/publisher?post=109143"}],"curies":[{"name":"wp","href":"https:\/\/api.w.org\/{rel}","templated":true}]}}