{"id":109145,"date":"2024-02-08T06:30:53","date_gmt":"2024-02-08T04:30:53","guid":{"rendered":"https:\/\/exlibris.ee\/toode\/yeti-jo-kinderbuch-deutsch-ukrainisch-mit-mp3-horbuch-zum-herunterladen\/"},"modified":"2026-04-18T15:32:04","modified_gmt":"2026-04-18T12:32:04","slug":"yeti-jo-kinderbuch-deutsch-ukrainisch-mit-mp3-horbuch-zum-herunterladen","status":"publish","type":"product","link":"https:\/\/exlibris.ee\/en\/product\/yeti-jo-kinderbuch-deutsch-ukrainisch-mit-mp3-horbuch-zum-herunterladen\/","title":{"rendered":"Yeti Jo \/ Kinderbuch Deutsch-Ukrainisch mit MP3-H\u00f6rbuch zum Herunterladen"},"content":{"rendered":"<p>Zweisprachiges Kinderbuch Deutsch-Ukrainisch. Zielgruppe: Kinder ab 4 Jahren. Yeti Jo liebt die K\u00e4lte. Und er liebt den Schnee. Und er liebt es ganz allein zu sein! Bis eines Tages \u2026. Eine warmherzige Geschichte \u00fcber Empathie, Freundschaft und die Freude am Teilen.. Durchgehend farbig illustriert, mit H\u00f6rbuch als MP3-Download in mehreren Sprachen. F\u00fcr weitere Sprachen erh\u00e4ltlich<\/p>\n","protected":false},"excerpt":{"rendered":"<p>Zweisprachiges Kinderbuch Deutsch-Ukrainisch. Zielgruppe: Kinder ab 4 Jahren. Yeti Jo liebt die K\u00e4lte. Und er liebt den Schnee. Und er liebt es ganz allein zu sein! Bis eines Tages \u2026. Eine warmherzige Geschichte \u00fcber Empathie, Freundschaft und die Freude am&#8230;<\/p>\n","protected":false},"featured_media":337812,"template":"","meta":{"_acf_changed":false,"inline_featured_image":false},"product_brand":[],"product_cat":[851],"product_tag":[],"series":[],"publisher":[{"id":1305,"name":"Edition bi:libri","slug":"edition-bilibri"}],"class_list":{"0":"post-109145","1":"product","2":"type-product","3":"status-publish","4":"has-post-thumbnail","6":"product_cat-lesetexte-deutsch","7":"publisher-edition-bilibri","9":"first","10":"onbackorder","11":"taxable","12":"shipping-taxable","13":"purchasable","14":"product-type-simple"},"acf":[],"_links":{"self":[{"href":"https:\/\/exlibris.ee\/en\/wp-json\/wp\/v2\/product\/109145","targetHints":{"allow":["GET"]}}],"collection":[{"href":"https:\/\/exlibris.ee\/en\/wp-json\/wp\/v2\/product"}],"about":[{"href":"https:\/\/exlibris.ee\/en\/wp-json\/wp\/v2\/types\/product"}],"wp:featuredmedia":[{"embeddable":true,"href":"https:\/\/exlibris.ee\/en\/wp-json\/wp\/v2\/media\/337812"}],"wp:attachment":[{"href":"https:\/\/exlibris.ee\/en\/wp-json\/wp\/v2\/media?parent=109145"}],"wp:term":[{"taxonomy":"product_brand","embeddable":true,"href":"https:\/\/exlibris.ee\/en\/wp-json\/wp\/v2\/product_brand?post=109145"},{"taxonomy":"product_cat","embeddable":true,"href":"https:\/\/exlibris.ee\/en\/wp-json\/wp\/v2\/product_cat?post=109145"},{"taxonomy":"product_tag","embeddable":true,"href":"https:\/\/exlibris.ee\/en\/wp-json\/wp\/v2\/product_tag?post=109145"},{"taxonomy":"series","embeddable":true,"href":"https:\/\/exlibris.ee\/en\/wp-json\/wp\/v2\/series?post=109145"},{"taxonomy":"publisher","embeddable":true,"href":"https:\/\/exlibris.ee\/en\/wp-json\/wp\/v2\/publisher?post=109145"}],"curies":[{"name":"wp","href":"https:\/\/api.w.org\/{rel}","templated":true}]}}