{"id":109182,"date":"2024-02-08T06:33:02","date_gmt":"2024-02-08T04:33:02","guid":{"rendered":"https:\/\/exlibris.ee\/toode\/das-idealpaar-buch-mit-audios-online\/"},"modified":"2026-05-01T13:48:39","modified_gmt":"2026-05-01T10:48:39","slug":"das-idealpaar-buch-mit-audios-online","status":"publish","type":"product","link":"https:\/\/exlibris.ee\/en\/product\/das-idealpaar-buch-mit-audios-online\/","title":{"rendered":"Das Idealpaar \/ Buch mit Audios online"},"content":{"rendered":"<p>Zielgruppe: Lernende in der Grundstufe auf dem Niveau A1 &#8211; A2. Das Idealpaar, gibt es das? Was ist am 24. Oktober passiert? Und warum hat jemand eine schlaflose Nacht?. In 15 kurzen, \u00fcberschaubaren Lesetexten erz\u00e4hlt Leonhard Thoma Geschichten von Menschen, die den Leser \u00fcberraschen.. Die Texte sind mit Fotos illustriert, die sowohl als Verst\u00e4ndnishilfe als auch als Gespr\u00e4chsanlass genutzt werden k\u00f6nnen.. Die Geschichten eignen sich f\u00fcr Lernende der Grundstufe, einige k\u00f6nnen schon mit Deutschkenntnissen auf der Niveaustufe A1 gelesen werden.. Inklusive Audios online (H\u00f6rfassung von 7 Lesetexten)<\/p>\n","protected":false},"excerpt":{"rendered":"<p>Zielgruppe: Lernende in der Grundstufe auf dem Niveau A1 &#8211; A2. Das Idealpaar, gibt es das? Was ist am 24. Oktober passiert? Und warum hat jemand eine schlaflose Nacht?. In 15 kurzen, \u00fcberschaubaren Lesetexten erz\u00e4hlt Leonhard Thoma Geschichten von Menschen,&#8230;<\/p>\n","protected":false},"featured_media":591376,"template":"","meta":{"_acf_changed":false,"inline_featured_image":false},"product_brand":[],"product_cat":[851],"product_tag":[],"series":[],"publisher":[{"id":1293,"name":"Editorial Idiomas","slug":"editorial-idiomas"}],"class_list":{"0":"post-109182","1":"product","2":"type-product","3":"status-publish","4":"has-post-thumbnail","6":"product_cat-lesetexte-deutsch","7":"publisher-editorial-idiomas","9":"first","10":"onbackorder","11":"taxable","12":"shipping-taxable","13":"purchasable","14":"product-type-simple"},"acf":[],"_links":{"self":[{"href":"https:\/\/exlibris.ee\/en\/wp-json\/wp\/v2\/product\/109182","targetHints":{"allow":["GET"]}}],"collection":[{"href":"https:\/\/exlibris.ee\/en\/wp-json\/wp\/v2\/product"}],"about":[{"href":"https:\/\/exlibris.ee\/en\/wp-json\/wp\/v2\/types\/product"}],"wp:featuredmedia":[{"embeddable":true,"href":"https:\/\/exlibris.ee\/en\/wp-json\/wp\/v2\/media\/591376"}],"wp:attachment":[{"href":"https:\/\/exlibris.ee\/en\/wp-json\/wp\/v2\/media?parent=109182"}],"wp:term":[{"taxonomy":"product_brand","embeddable":true,"href":"https:\/\/exlibris.ee\/en\/wp-json\/wp\/v2\/product_brand?post=109182"},{"taxonomy":"product_cat","embeddable":true,"href":"https:\/\/exlibris.ee\/en\/wp-json\/wp\/v2\/product_cat?post=109182"},{"taxonomy":"product_tag","embeddable":true,"href":"https:\/\/exlibris.ee\/en\/wp-json\/wp\/v2\/product_tag?post=109182"},{"taxonomy":"series","embeddable":true,"href":"https:\/\/exlibris.ee\/en\/wp-json\/wp\/v2\/series?post=109182"},{"taxonomy":"publisher","embeddable":true,"href":"https:\/\/exlibris.ee\/en\/wp-json\/wp\/v2\/publisher?post=109182"}],"curies":[{"name":"wp","href":"https:\/\/api.w.org\/{rel}","templated":true}]}}