{"id":109186,"date":"2024-02-08T06:33:03","date_gmt":"2024-02-08T04:33:03","guid":{"rendered":"https:\/\/exlibris.ee\/toode\/beste-freunde-plus-b1-2-kursbuch-plus-interaktive-version\/"},"modified":"2026-04-03T09:16:52","modified_gmt":"2026-04-03T06:16:52","slug":"beste-freunde-plus-b1-2-kursbuch-plus-interaktive-version","status":"publish","type":"product","link":"https:\/\/exlibris.ee\/en\/product\/beste-freunde-plus-b1-2-kursbuch-plus-interaktive-version\/","title":{"rendered":"Beste Freunde PLUS B1.2 \/  Kursbuch plus interaktive Version"},"content":{"rendered":"<p>Neuware &#8211; Niveau B1.2 bis B1.2Beste Freunde PLUS &#8211; das interaktive DaF-Lehrwerk (A1 &#8211; B1) f\u00fcr Deutsch als FremdspracheZielgruppe: Jugendliche ohne Vorkenntnisse Beste Freunde PLUS B1.2 Kursbuch &#8211; inklusive Startcode f\u00fcr die interaktive Version-basiert auf dem Lehrwerk \u00bbBeste Freunde\u00ab-neues Layout und inhaltliche Aktualisierung-modularer Aufbau: jedes Modul umfasst drei kurze Lektionen \u00e0 vier Seiten und f\u00fcnf zus\u00e4tzliche Modulseiten-attraktive Modul-Einstiegsseite: sie stellt jeweils einen der jugendlichen Protagonisten vor und fasst die kommunikativen Lernziele zusammen-vielseitig: die Modulseiten am Ende enthalten eine Doppelseite Zwischenstation (Podcast h\u00f6ren, Projekt, Fokus, Lesen), eine Doppelseite mit systematischer \u00dcbersicht \u00fcber die Grammatik mit passgenauen \u00dcbungen sowie eine Redemittel\u00fcbersicht und eine Seite Wiederholungs\u00fcbungen f\u00fcr den Unterricht-zus\u00e4tzlich: unterhaltsame Landeskunde-Filme mit Agenda-2030-Themen- Erkl\u00e4r-Clips zur gesamten Grammatik: ideal f\u00fcr den Pr\u00e4senz- oder Online-Unterricht und das individuelle Lernen-motivierend: authentisch und sympathisch begleitet jeweils einer der Protagonisten durch ein Modul -leicht zu unterrichten: die Lektionen sind kleinschrittig aufgebaut und vermitteln Grammatik, Wortschatz und Redemittel in einer flachen Progression-abwechslungsreich: ein zuverl\u00e4ssiges Training der verschiedenen sprachlichen Fertigkeiten variiert mit vielen Spielen und Liedern, die den Unterricht auflockernDie interaktive Version des Kursbuchs Beste Freunde PLUS B1.2 enth\u00e4lt:-digitales Kursbuch f\u00fcr Whiteboard, PC\/Mac und Tablet-integrierte Audio- und Filmdateien zum Kursbuch-interaktiv umgesetzte \u00dcbungen aus dem Kursbuch-Grammatik-Clips und interaktive Zusatz\u00fcbungen zu Aussprache,Wortschatz, Grammatik und Kommunikation- Kahoot-Quizfragen-integrierte Whiteboard-Werkzeuge zum Markieren, Kommentieren und Pr\u00e4sentieren-intuitiv und ohne Einf\u00fchrung sofort einsetzbar-Nutzung auf allen Ger\u00e4ten und allen g\u00e4ngigen Browsern-offline verf\u00fcgbar \u00fcber die Hueber-interaktiv-App und als Kopie auf USB-Stick<\/p>\n","protected":false},"excerpt":{"rendered":"<p>Neuware &#8211; Niveau B1.2 bis B1.2Beste Freunde PLUS &#8211; das interaktive DaF-Lehrwerk (A1 &#8211; B1) f\u00fcr Deutsch als FremdspracheZielgruppe: Jugendliche ohne Vorkenntnisse Beste Freunde PLUS B1.2 Kursbuch &#8211; inklusive Startcode f\u00fcr die interaktive Version-basiert auf dem Lehrwerk \u00bbBeste Freunde\u00ab-neues Layout&#8230;<\/p>\n","protected":false},"featured_media":131018,"template":"","meta":{"_acf_changed":false,"inline_featured_image":false},"product_brand":[],"product_cat":[477],"product_tag":[],"series":[{"id":2044,"name":"Beste Freunde Plus","slug":"beste-freunde-plus"}],"publisher":[{"id":497,"name":"Hueber Verlag","slug":"hueber-verlag"}],"class_list":{"0":"post-109186","1":"product","2":"type-product","3":"status-publish","4":"has-post-thumbnail","6":"product_cat-lehrwerke-fur-jugendliche","7":"series-beste-freunde-plus","8":"publisher-hueber-verlag","10":"first","11":"instock","12":"taxable","13":"shipping-taxable","14":"purchasable","15":"product-type-simple"},"acf":[],"_links":{"self":[{"href":"https:\/\/exlibris.ee\/en\/wp-json\/wp\/v2\/product\/109186","targetHints":{"allow":["GET"]}}],"collection":[{"href":"https:\/\/exlibris.ee\/en\/wp-json\/wp\/v2\/product"}],"about":[{"href":"https:\/\/exlibris.ee\/en\/wp-json\/wp\/v2\/types\/product"}],"wp:featuredmedia":[{"embeddable":true,"href":"https:\/\/exlibris.ee\/en\/wp-json\/wp\/v2\/media\/131018"}],"wp:attachment":[{"href":"https:\/\/exlibris.ee\/en\/wp-json\/wp\/v2\/media?parent=109186"}],"wp:term":[{"taxonomy":"product_brand","embeddable":true,"href":"https:\/\/exlibris.ee\/en\/wp-json\/wp\/v2\/product_brand?post=109186"},{"taxonomy":"product_cat","embeddable":true,"href":"https:\/\/exlibris.ee\/en\/wp-json\/wp\/v2\/product_cat?post=109186"},{"taxonomy":"product_tag","embeddable":true,"href":"https:\/\/exlibris.ee\/en\/wp-json\/wp\/v2\/product_tag?post=109186"},{"taxonomy":"series","embeddable":true,"href":"https:\/\/exlibris.ee\/en\/wp-json\/wp\/v2\/series?post=109186"},{"taxonomy":"publisher","embeddable":true,"href":"https:\/\/exlibris.ee\/en\/wp-json\/wp\/v2\/publisher?post=109186"}],"curies":[{"name":"wp","href":"https:\/\/api.w.org\/{rel}","templated":true}]}}