{"id":109193,"date":"2024-02-08T06:33:05","date_gmt":"2024-02-08T04:33:05","guid":{"rendered":"https:\/\/exlibris.ee\/toode\/der-hundetraum-und-andere-verwirrungen-buch-mit-audios-online\/"},"modified":"2026-05-01T13:51:19","modified_gmt":"2026-05-01T10:51:19","slug":"der-hundetraum-und-andere-verwirrungen-buch-mit-audios-online","status":"publish","type":"product","link":"https:\/\/exlibris.ee\/en\/product\/der-hundetraum-und-andere-verwirrungen-buch-mit-audios-online\/","title":{"rendered":"Der Hundetraum und andere Verwirrungen \/ Buch mit Audios online"},"content":{"rendered":"<p>Zw\u00f6lf Lesetexte f\u00fcr Lernende der Grundstufe.. 11 Lesetexte auch als H\u00f6rfassung (MP3-Download). Die ersten acht Geschichten k\u00f6nnen mit Deutschkenntnissen der Grundstufe 1 und 2 verstanden werden, die letzten vier Geschichten richten sich an Lerner in der Grundstufe 3.. Die Titelgeschichte &#8220;Der Hundetraum&#8221; und Unterrichtsvorschl\u00e4ge (eingesandt von Christiane Seuthe, Spanien) gibt es als Lesetexte zum Herunterladen.<\/p>\n","protected":false},"excerpt":{"rendered":"<p>Zw\u00f6lf Lesetexte f\u00fcr Lernende der Grundstufe.. 11 Lesetexte auch als H\u00f6rfassung (MP3-Download). Die ersten acht Geschichten k\u00f6nnen mit Deutschkenntnissen der Grundstufe 1 und 2 verstanden werden, die letzten vier Geschichten richten sich an Lerner in der Grundstufe 3.. Die Titelgeschichte&#8230;<\/p>\n","protected":false},"featured_media":591434,"template":"","meta":{"_acf_changed":false,"inline_featured_image":false},"product_brand":[],"product_cat":[851],"product_tag":[],"series":[],"publisher":[{"id":1293,"name":"Editorial Idiomas","slug":"editorial-idiomas"}],"class_list":{"0":"post-109193","1":"product","2":"type-product","3":"status-publish","4":"has-post-thumbnail","6":"product_cat-lesetexte-deutsch","7":"publisher-editorial-idiomas","9":"first","10":"onbackorder","11":"taxable","12":"shipping-taxable","13":"purchasable","14":"product-type-simple"},"acf":[],"_links":{"self":[{"href":"https:\/\/exlibris.ee\/en\/wp-json\/wp\/v2\/product\/109193","targetHints":{"allow":["GET"]}}],"collection":[{"href":"https:\/\/exlibris.ee\/en\/wp-json\/wp\/v2\/product"}],"about":[{"href":"https:\/\/exlibris.ee\/en\/wp-json\/wp\/v2\/types\/product"}],"wp:featuredmedia":[{"embeddable":true,"href":"https:\/\/exlibris.ee\/en\/wp-json\/wp\/v2\/media\/591434"}],"wp:attachment":[{"href":"https:\/\/exlibris.ee\/en\/wp-json\/wp\/v2\/media?parent=109193"}],"wp:term":[{"taxonomy":"product_brand","embeddable":true,"href":"https:\/\/exlibris.ee\/en\/wp-json\/wp\/v2\/product_brand?post=109193"},{"taxonomy":"product_cat","embeddable":true,"href":"https:\/\/exlibris.ee\/en\/wp-json\/wp\/v2\/product_cat?post=109193"},{"taxonomy":"product_tag","embeddable":true,"href":"https:\/\/exlibris.ee\/en\/wp-json\/wp\/v2\/product_tag?post=109193"},{"taxonomy":"series","embeddable":true,"href":"https:\/\/exlibris.ee\/en\/wp-json\/wp\/v2\/series?post=109193"},{"taxonomy":"publisher","embeddable":true,"href":"https:\/\/exlibris.ee\/en\/wp-json\/wp\/v2\/publisher?post=109193"}],"curies":[{"name":"wp","href":"https:\/\/api.w.org\/{rel}","templated":true}]}}