{"id":109232,"date":"2024-02-08T06:35:14","date_gmt":"2024-02-08T04:35:14","guid":{"rendered":"https:\/\/exlibris.ee\/toode\/verflixter-zu-spat-tag-lesehasen-bucherei-materialien-und-kopiervorlagen-zur-klassenlekture\/"},"modified":"2026-04-24T19:33:45","modified_gmt":"2026-04-24T16:33:45","slug":"verflixter-zu-spat-tag-lesehasen-bucherei-materialien-und-kopiervorlagen-zur-klassenlekture","status":"publish","type":"product","link":"https:\/\/exlibris.ee\/en\/product\/verflixter-zu-spat-tag-lesehasen-bucherei-materialien-und-kopiervorlagen-zur-klassenlekture\/","title":{"rendered":"Verflixter Zu-sp\u00e4t-Tag \/ Lesehasen-B\u00fccherei \/ Materialien und Kopiervorlagen zur Klassenlekt\u00fcre"},"content":{"rendered":"<p>Die Arbeitsbl\u00e4tter greifen die vielseitigen Themen der Lekt\u00fcre auf und sind auf das Lernniveau von Erstlesern abgestimmt.. Mithilfe abwechslungsreicher Kopiervorlagen lassen sich grundlegende Kompetenzen wie das Lesen der Uhr oder richtiges Verhalten im Stra\u00dfenverkehr vermitteln. Auch die Aspekte K\u00f6rperhygiene, Kleidung, gesundes Fr\u00fchst\u00fcck und Freizeitgestaltung werden vertieft.. Daneben bietet das Material Aufgaben, die zur \u00dcberpr\u00fcfung der Textkenntnis dienen oder sich wichtigen Deutschthemen widmen. Beim Schreiben einer eigenen Fortsetzung, dem L\u00f6sen eines Logicals oder dem Erfinden neuer W\u00f6rter werden die Sch\u00fcler:innen au\u00dferdem zum kreativen Umgang mit Sprache angeregt. Knifflige R\u00e4tsel, das Basteln einer Tagesuhr, ein Rezept und ein W\u00fcrfelspiel runden das Begleitmaterial ab.. Das Begleitmaterial ist an die Silbenhilfe-Leselernmethode angepasst, indem bei den Kopiervorlagen die zweiten Silben durchgehend grau gef\u00e4rbt sind.<\/p>\n","protected":false},"excerpt":{"rendered":"<p>Die Arbeitsbl\u00e4tter greifen die vielseitigen Themen der Lekt\u00fcre auf und sind auf das Lernniveau von Erstlesern abgestimmt.. Mithilfe abwechslungsreicher Kopiervorlagen lassen sich grundlegende Kompetenzen wie das Lesen der Uhr oder richtiges Verhalten im Stra\u00dfenverkehr vermitteln. Auch die Aspekte K\u00f6rperhygiene, Kleidung,&#8230;<\/p>\n","protected":false},"featured_media":456809,"template":"","meta":{"_acf_changed":false,"inline_featured_image":false},"product_brand":[],"product_cat":[851],"product_tag":[],"series":[{"id":2112,"name":"Verflixter Zu-sp\u00e4t-Tag","slug":"verflixter-zu-spat-tag"}],"publisher":[{"id":2104,"name":"Hase und Igel Verlag","slug":"hase-und-igel-verlag"}],"class_list":{"0":"post-109232","1":"product","2":"type-product","3":"status-publish","4":"has-post-thumbnail","6":"product_cat-lesetexte-deutsch","7":"series-verflixter-zu-spat-tag","8":"publisher-hase-und-igel-verlag","10":"first","11":"onbackorder","12":"taxable","13":"shipping-taxable","14":"purchasable","15":"product-type-simple"},"acf":[],"_links":{"self":[{"href":"https:\/\/exlibris.ee\/en\/wp-json\/wp\/v2\/product\/109232","targetHints":{"allow":["GET"]}}],"collection":[{"href":"https:\/\/exlibris.ee\/en\/wp-json\/wp\/v2\/product"}],"about":[{"href":"https:\/\/exlibris.ee\/en\/wp-json\/wp\/v2\/types\/product"}],"wp:featuredmedia":[{"embeddable":true,"href":"https:\/\/exlibris.ee\/en\/wp-json\/wp\/v2\/media\/456809"}],"wp:attachment":[{"href":"https:\/\/exlibris.ee\/en\/wp-json\/wp\/v2\/media?parent=109232"}],"wp:term":[{"taxonomy":"product_brand","embeddable":true,"href":"https:\/\/exlibris.ee\/en\/wp-json\/wp\/v2\/product_brand?post=109232"},{"taxonomy":"product_cat","embeddable":true,"href":"https:\/\/exlibris.ee\/en\/wp-json\/wp\/v2\/product_cat?post=109232"},{"taxonomy":"product_tag","embeddable":true,"href":"https:\/\/exlibris.ee\/en\/wp-json\/wp\/v2\/product_tag?post=109232"},{"taxonomy":"series","embeddable":true,"href":"https:\/\/exlibris.ee\/en\/wp-json\/wp\/v2\/series?post=109232"},{"taxonomy":"publisher","embeddable":true,"href":"https:\/\/exlibris.ee\/en\/wp-json\/wp\/v2\/publisher?post=109232"}],"curies":[{"name":"wp","href":"https:\/\/api.w.org\/{rel}","templated":true}]}}