{"id":109234,"date":"2024-02-08T06:35:14","date_gmt":"2024-02-08T04:35:14","guid":{"rendered":"https:\/\/exlibris.ee\/toode\/mein-leben-in-deutschland-der-orientierungskurs-basiswissen-politik-geschichte-gesellschaft-kursbuch-plus-interaktive-version\/"},"modified":"2026-04-14T19:24:04","modified_gmt":"2026-04-14T16:24:04","slug":"mein-leben-in-deutschland-der-orientierungskurs-basiswissen-politik-geschichte-gesellschaft-kursbuch-plus-interaktive-version","status":"publish","type":"product","link":"https:\/\/exlibris.ee\/en\/product\/mein-leben-in-deutschland-der-orientierungskurs-basiswissen-politik-geschichte-gesellschaft-kursbuch-plus-interaktive-version\/","title":{"rendered":"Mein Leben in Deutschland Der Orientierungskurs  \/ Basiswissen Politik | Geschichte | Gesellschaft \/ Kursbuch plus interaktive Version"},"content":{"rendered":"<p>Level: A2 to B1. Zielgruppe: Lernende in Orientierungs- und Einb\u00fcrgerungskursen (Deutsch als Zweitsprache); zur Vorbereitung auf den Test \u201eLeben in Deutschland&#8221;. Mein Leben in Deutschland \u2013 Kursbuch plus interaktive Version (\u00fcber Code im Buch abrufbar). Der Kurs vermittelt Basiswissen \u00fcber Politik, Geschichte und Gesellschaft in Deutschland. Er setzt die Vorgaben des Bundesamtes f\u00fcr Migration und Fl\u00fcchtlinge f\u00fcr Orientierungskurse konsequent um und deckt die geforderten 100 Unterrichtseinheiten ab.. F\u00fcr. &#8211; Lernende in Orientierungs- und Einb\u00fcrgerungskursen. &#8211; Menschen, die sich auf den Test &#8220;Leben in Deutschland&#8221; vorbereiten m\u00f6chten. &#8211; Lernende ab Niveaustufe A2, die ihr landeskundliches Wissen erweitern oder vertiefen wollen. Lernziele:. &#8211; Kenntnisse \u00fcber die staatlichen und gesellschaftlichen Strukturen in Deutschland. &#8211; Bestehen des Tests \u201eLeben in Deutschland\u201c (Orientierungs- bzw. Einb\u00fcrgerungstest). In die inkuldierte interaktive Version sind die H\u00f6rtexte und interaktiven Testfragen zum Test \u201eLeben in Deutschland\u201c integriert.<\/p>\n","protected":false},"excerpt":{"rendered":"<p>Level: A2 to B1. Zielgruppe: Lernende in Orientierungs- und Einb\u00fcrgerungskursen (Deutsch als Zweitsprache); zur Vorbereitung auf den Test \u201eLeben in Deutschland&#8221;. Mein Leben in Deutschland \u2013 Kursbuch plus interaktive Version (\u00fcber Code im Buch abrufbar). Der Kurs vermittelt Basiswissen \u00fcber&#8230;<\/p>\n","protected":false},"featured_media":269458,"template":"","meta":{"_acf_changed":false,"inline_featured_image":false},"product_brand":[],"product_cat":[490],"product_tag":[],"series":[{"id":551,"name":"Mein Leben in Deutschland","slug":"mein-leben-in-deutschland"}],"publisher":[{"id":497,"name":"Hueber Verlag","slug":"hueber-verlag"}],"class_list":{"0":"post-109234","1":"product","2":"type-product","3":"status-publish","4":"has-post-thumbnail","6":"product_cat-landeskunde","7":"series-mein-leben-in-deutschland","8":"publisher-hueber-verlag","10":"first","11":"onbackorder","12":"taxable","13":"shipping-taxable","14":"purchasable","15":"product-type-simple"},"acf":[],"_links":{"self":[{"href":"https:\/\/exlibris.ee\/en\/wp-json\/wp\/v2\/product\/109234","targetHints":{"allow":["GET"]}}],"collection":[{"href":"https:\/\/exlibris.ee\/en\/wp-json\/wp\/v2\/product"}],"about":[{"href":"https:\/\/exlibris.ee\/en\/wp-json\/wp\/v2\/types\/product"}],"wp:featuredmedia":[{"embeddable":true,"href":"https:\/\/exlibris.ee\/en\/wp-json\/wp\/v2\/media\/269458"}],"wp:attachment":[{"href":"https:\/\/exlibris.ee\/en\/wp-json\/wp\/v2\/media?parent=109234"}],"wp:term":[{"taxonomy":"product_brand","embeddable":true,"href":"https:\/\/exlibris.ee\/en\/wp-json\/wp\/v2\/product_brand?post=109234"},{"taxonomy":"product_cat","embeddable":true,"href":"https:\/\/exlibris.ee\/en\/wp-json\/wp\/v2\/product_cat?post=109234"},{"taxonomy":"product_tag","embeddable":true,"href":"https:\/\/exlibris.ee\/en\/wp-json\/wp\/v2\/product_tag?post=109234"},{"taxonomy":"series","embeddable":true,"href":"https:\/\/exlibris.ee\/en\/wp-json\/wp\/v2\/series?post=109234"},{"taxonomy":"publisher","embeddable":true,"href":"https:\/\/exlibris.ee\/en\/wp-json\/wp\/v2\/publisher?post=109234"}],"curies":[{"name":"wp","href":"https:\/\/api.w.org\/{rel}","templated":true}]}}