{"id":109236,"date":"2024-02-08T06:35:15","date_gmt":"2024-02-08T04:35:15","guid":{"rendered":"https:\/\/exlibris.ee\/toode\/schorschi-das-schulgespenst-lesehasen-bucherei-lekture-fur-kinder-mit-silbenhilfe\/"},"modified":"2026-04-07T21:23:47","modified_gmt":"2026-04-07T18:23:47","slug":"schorschi-das-schulgespenst-lesehasen-bucherei-lekture-fur-kinder-mit-silbenhilfe","status":"publish","type":"product","link":"https:\/\/exlibris.ee\/en\/product\/schorschi-das-schulgespenst-lesehasen-bucherei-lekture-fur-kinder-mit-silbenhilfe\/","title":{"rendered":"Schorschi, das Schulgespenst \/ Lesehasen-B\u00fccherei \/ Lekt\u00fcre f\u00fcr Kinder mit Silbenhilfe"},"content":{"rendered":"<p>Welch eine \u00dcberraschung: Der Sch\u00fcler Schorschi ist ein Gespenst! Und f\u00fcr ein Gespenst ist es gar nicht so einfach, dem Unterricht zu folgen \u2026 Schon Kinder der ersten Klassen werden oft wegen \u00c4u\u00dferlichkeiten ausgegrenzt. Doch jedes einzelne Kind hat ein bestimmtes Talent \u2013 so vermittelt die Erz\u00e4hlung, wie wichtig innere Werte sind.<\/p>\n","protected":false},"excerpt":{"rendered":"<p>Welch eine \u00dcberraschung: Der Sch\u00fcler Schorschi ist ein Gespenst! Und f\u00fcr ein Gespenst ist es gar nicht so einfach, dem Unterricht zu folgen \u2026 Schon Kinder der ersten Klassen werden oft wegen \u00c4u\u00dferlichkeiten ausgegrenzt. Doch jedes einzelne Kind hat ein&#8230;<\/p>\n","protected":false},"featured_media":109218,"template":"","meta":{"_acf_changed":false,"inline_featured_image":false},"product_brand":[],"product_cat":[851],"product_tag":[],"series":[{"id":2113,"name":"Schorschi, das Schulgespenst","slug":"schorschi-das-schulgespenst"}],"publisher":[{"id":2104,"name":"Hase und Igel Verlag","slug":"hase-und-igel-verlag"}],"class_list":{"0":"post-109236","1":"product","2":"type-product","3":"status-publish","4":"has-post-thumbnail","6":"product_cat-lesetexte-deutsch","7":"series-schorschi-das-schulgespenst","8":"publisher-hase-und-igel-verlag","10":"first","11":"onbackorder","12":"taxable","13":"shipping-taxable","14":"purchasable","15":"product-type-simple"},"acf":[],"_links":{"self":[{"href":"https:\/\/exlibris.ee\/en\/wp-json\/wp\/v2\/product\/109236","targetHints":{"allow":["GET"]}}],"collection":[{"href":"https:\/\/exlibris.ee\/en\/wp-json\/wp\/v2\/product"}],"about":[{"href":"https:\/\/exlibris.ee\/en\/wp-json\/wp\/v2\/types\/product"}],"wp:featuredmedia":[{"embeddable":true,"href":"https:\/\/exlibris.ee\/en\/wp-json\/wp\/v2\/media\/109218"}],"wp:attachment":[{"href":"https:\/\/exlibris.ee\/en\/wp-json\/wp\/v2\/media?parent=109236"}],"wp:term":[{"taxonomy":"product_brand","embeddable":true,"href":"https:\/\/exlibris.ee\/en\/wp-json\/wp\/v2\/product_brand?post=109236"},{"taxonomy":"product_cat","embeddable":true,"href":"https:\/\/exlibris.ee\/en\/wp-json\/wp\/v2\/product_cat?post=109236"},{"taxonomy":"product_tag","embeddable":true,"href":"https:\/\/exlibris.ee\/en\/wp-json\/wp\/v2\/product_tag?post=109236"},{"taxonomy":"series","embeddable":true,"href":"https:\/\/exlibris.ee\/en\/wp-json\/wp\/v2\/series?post=109236"},{"taxonomy":"publisher","embeddable":true,"href":"https:\/\/exlibris.ee\/en\/wp-json\/wp\/v2\/publisher?post=109236"}],"curies":[{"name":"wp","href":"https:\/\/api.w.org\/{rel}","templated":true}]}}