{"id":109238,"date":"2024-02-08T06:35:16","date_gmt":"2024-02-08T04:35:16","guid":{"rendered":"https:\/\/exlibris.ee\/toode\/schorschi-das-schulgespenst-lesehasen-bucherei-materialien-und-kopiervorlagen-zur-klassenlekture\/"},"modified":"2026-04-07T21:23:48","modified_gmt":"2026-04-07T18:23:48","slug":"schorschi-das-schulgespenst-lesehasen-bucherei-materialien-und-kopiervorlagen-zur-klassenlekture","status":"publish","type":"product","link":"https:\/\/exlibris.ee\/en\/product\/schorschi-das-schulgespenst-lesehasen-bucherei-materialien-und-kopiervorlagen-zur-klassenlekture\/","title":{"rendered":"Schorschi, das Schulgespenst \/ Lesehasen-B\u00fccherei \/ Materialien und Kopiervorlagen zur Klassenlekt\u00fcre"},"content":{"rendered":"<p>Gespenster faszinieren Kinder. Das Thema f\u00f6rdert die Lesemotivation und bietet viele kreative, musische und \u00e4sthetische Anreize f\u00fcr Ihre Unterrichtsgestaltung. Die abwechslungsreichen Kopiervorlagen des Materials lassen sich f\u00e4cher\u00fcbergreifend zum Mathematik-, Musik- und Kunstunterricht einsetzen.. \u00dcber die Bildbetrachtung eines Werks von Paul Klee werden die Kinder an die \u00c4sthetik moderner Kunst herangef\u00fchrt und f\u00fcr eine Wertsch\u00e4tzung dieser Ausdrucksformen sensibilisiert. Die Unterrichtsmaterialien greifen die Inhalte und Themen der einzelnen Kapitel auf und vertiefen sie. Sie erm\u00f6glichen eine intensive Textarbeit, die handlungsorientierte Bearbeitung wie auch eine schriftliche Fixierung der Erkenntnisse aus Gespr\u00e4chsrunden.. Das Begleitmaterial ist an die Silbenhilfe-Leselernmethode angepasst, indem bei den Kopiervorlagen die zweiten Silben durchgehend grau gef\u00e4rbt sind.<\/p>\n","protected":false},"excerpt":{"rendered":"<p>Gespenster faszinieren Kinder. Das Thema f\u00f6rdert die Lesemotivation und bietet viele kreative, musische und \u00e4sthetische Anreize f\u00fcr Ihre Unterrichtsgestaltung. Die abwechslungsreichen Kopiervorlagen des Materials lassen sich f\u00e4cher\u00fcbergreifend zum Mathematik-, Musik- und Kunstunterricht einsetzen.. \u00dcber die Bildbetrachtung eines Werks von Paul&#8230;<\/p>\n","protected":false},"featured_media":109221,"template":"","meta":{"_acf_changed":false,"inline_featured_image":false},"product_brand":[],"product_cat":[851],"product_tag":[],"series":[{"id":2113,"name":"Schorschi, das Schulgespenst","slug":"schorschi-das-schulgespenst"}],"publisher":[{"id":2104,"name":"Hase und Igel Verlag","slug":"hase-und-igel-verlag"}],"class_list":{"0":"post-109238","1":"product","2":"type-product","3":"status-publish","4":"has-post-thumbnail","6":"product_cat-lesetexte-deutsch","7":"series-schorschi-das-schulgespenst","8":"publisher-hase-und-igel-verlag","10":"first","11":"onbackorder","12":"taxable","13":"shipping-taxable","14":"purchasable","15":"product-type-simple"},"acf":[],"_links":{"self":[{"href":"https:\/\/exlibris.ee\/en\/wp-json\/wp\/v2\/product\/109238","targetHints":{"allow":["GET"]}}],"collection":[{"href":"https:\/\/exlibris.ee\/en\/wp-json\/wp\/v2\/product"}],"about":[{"href":"https:\/\/exlibris.ee\/en\/wp-json\/wp\/v2\/types\/product"}],"wp:featuredmedia":[{"embeddable":true,"href":"https:\/\/exlibris.ee\/en\/wp-json\/wp\/v2\/media\/109221"}],"wp:attachment":[{"href":"https:\/\/exlibris.ee\/en\/wp-json\/wp\/v2\/media?parent=109238"}],"wp:term":[{"taxonomy":"product_brand","embeddable":true,"href":"https:\/\/exlibris.ee\/en\/wp-json\/wp\/v2\/product_brand?post=109238"},{"taxonomy":"product_cat","embeddable":true,"href":"https:\/\/exlibris.ee\/en\/wp-json\/wp\/v2\/product_cat?post=109238"},{"taxonomy":"product_tag","embeddable":true,"href":"https:\/\/exlibris.ee\/en\/wp-json\/wp\/v2\/product_tag?post=109238"},{"taxonomy":"series","embeddable":true,"href":"https:\/\/exlibris.ee\/en\/wp-json\/wp\/v2\/series?post=109238"},{"taxonomy":"publisher","embeddable":true,"href":"https:\/\/exlibris.ee\/en\/wp-json\/wp\/v2\/publisher?post=109238"}],"curies":[{"name":"wp","href":"https:\/\/api.w.org\/{rel}","templated":true}]}}