{"id":109286,"date":"2024-02-08T06:37:25","date_gmt":"2024-02-08T04:37:25","guid":{"rendered":"https:\/\/exlibris.ee\/toode\/der-wutende-zauberer-lesehasen-bucherei-lekture-fur-kinder-mit-silbenhilfe\/"},"modified":"2026-05-02T11:44:31","modified_gmt":"2026-05-02T08:44:31","slug":"der-wutende-zauberer-lesehasen-bucherei-lekture-fur-kinder-mit-silbenhilfe","status":"publish","type":"product","link":"https:\/\/exlibris.ee\/en\/product\/der-wutende-zauberer-lesehasen-bucherei-lekture-fur-kinder-mit-silbenhilfe\/","title":{"rendered":"Der w\u00fctende Zauberer \/ Lesehasen-B\u00fccherei \/ Lekt\u00fcre f\u00fcr Kinder mit Silbenhilfe"},"content":{"rendered":"<p>Was macht mich w\u00fctend? Und wie kann ich meine Wut in den Griff bekommen? Wichtige Fragen, auf kindgerechte Weise behandelt!. Pepito lebt bei seinem Onkel, dem gro\u00dfen Zauberer Pepe. Der Zauberjunge m\u00f6chte so ber\u00fchmt werden wie sein Onkel, deswegen \u00fcbt er jeden Tag flei\u00dfig seine Zauberspr\u00fcche. Alle m\u00f6gen Pepito, au\u00dfer wenn der kleine Magier w\u00fctend wird. Denn dann verliert er die Kontrolle, zerst\u00f6rt Gegenst\u00e4nde und ist gemein zu anderen. Auch seine Freundschaft mit der kleinen Hexe Mimi wird durch einen Wutanfall auf die Probe gestellt. Aber als Pepito dringend Hilfe braucht, ist Mimi f\u00fcr ihn da. Sie zeigt ihm auch einen Weg, wie er seine Wut in den Griff bekommen kann. So gelingt es Pepito sogar, eine Zaubervorstellung f\u00fcr alle Waldbewohner gut zu Ende zu bringen, obwohl es zwischendurch nicht danach aussieht \u2026. \u201eWut tut mir nicht gut!\u201c, erkennt Pepito. Keinem Zauberer \u2013 und sicher auch keinem Ihrer Sch\u00fcler \u2013 gelingt alles auf Anhieb. Frust, Wut und der Umgang mit diesen Gef\u00fchlen sind deshalb ein wichtiger Teil unseres Alltags. Zusammen mit Pepito lernen Ihre Sch\u00fcler damit umzugehen.. Die Silbenhilfe-Leselernmethode erleichtert das Lesen des Textes: Indem einzelne Silben farbig hervorgehoben werden, k\u00f6nnen Erstleser auch l\u00e4ngere W\u00f6rter auf Anhieb korrekt lesen.<\/p>\n","protected":false},"excerpt":{"rendered":"<p>Was macht mich w\u00fctend? Und wie kann ich meine Wut in den Griff bekommen? Wichtige Fragen, auf kindgerechte Weise behandelt!. Pepito lebt bei seinem Onkel, dem gro\u00dfen Zauberer Pepe. Der Zauberjunge m\u00f6chte so ber\u00fchmt werden wie sein Onkel, deswegen \u00fcbt&#8230;<\/p>\n","protected":false},"featured_media":608687,"template":"","meta":{"_acf_changed":false,"inline_featured_image":false},"product_brand":[],"product_cat":[851],"product_tag":[],"series":[{"id":2114,"name":"Der w\u00fctende Zauberer","slug":"der-wutende-zauberer"}],"publisher":[{"id":2104,"name":"Hase und Igel Verlag","slug":"hase-und-igel-verlag"}],"class_list":{"0":"post-109286","1":"product","2":"type-product","3":"status-publish","4":"has-post-thumbnail","6":"product_cat-lesetexte-deutsch","7":"series-der-wutende-zauberer","8":"publisher-hase-und-igel-verlag","10":"first","11":"onbackorder","12":"taxable","13":"shipping-taxable","14":"purchasable","15":"product-type-simple"},"acf":[],"_links":{"self":[{"href":"https:\/\/exlibris.ee\/en\/wp-json\/wp\/v2\/product\/109286","targetHints":{"allow":["GET"]}}],"collection":[{"href":"https:\/\/exlibris.ee\/en\/wp-json\/wp\/v2\/product"}],"about":[{"href":"https:\/\/exlibris.ee\/en\/wp-json\/wp\/v2\/types\/product"}],"wp:featuredmedia":[{"embeddable":true,"href":"https:\/\/exlibris.ee\/en\/wp-json\/wp\/v2\/media\/608687"}],"wp:attachment":[{"href":"https:\/\/exlibris.ee\/en\/wp-json\/wp\/v2\/media?parent=109286"}],"wp:term":[{"taxonomy":"product_brand","embeddable":true,"href":"https:\/\/exlibris.ee\/en\/wp-json\/wp\/v2\/product_brand?post=109286"},{"taxonomy":"product_cat","embeddable":true,"href":"https:\/\/exlibris.ee\/en\/wp-json\/wp\/v2\/product_cat?post=109286"},{"taxonomy":"product_tag","embeddable":true,"href":"https:\/\/exlibris.ee\/en\/wp-json\/wp\/v2\/product_tag?post=109286"},{"taxonomy":"series","embeddable":true,"href":"https:\/\/exlibris.ee\/en\/wp-json\/wp\/v2\/series?post=109286"},{"taxonomy":"publisher","embeddable":true,"href":"https:\/\/exlibris.ee\/en\/wp-json\/wp\/v2\/publisher?post=109286"}],"curies":[{"name":"wp","href":"https:\/\/api.w.org\/{rel}","templated":true}]}}