{"id":109364,"date":"2024-02-08T06:39:36","date_gmt":"2024-02-08T04:39:36","guid":{"rendered":"https:\/\/exlibris.ee\/toode\/till-eulenspiegel-sagen-materialien-und-kopiervorlagen-zur-klassenlekture\/"},"modified":"2026-05-03T09:51:27","modified_gmt":"2026-05-03T06:51:27","slug":"till-eulenspiegel-sagen-materialien-und-kopiervorlagen-zur-klassenlekture","status":"publish","type":"product","link":"https:\/\/exlibris.ee\/en\/product\/till-eulenspiegel-sagen-materialien-und-kopiervorlagen-zur-klassenlekture\/","title":{"rendered":"Till Eulenspiegel \/ Sagen \/ Materialien und Kopiervorlagen zur Klassenlekt\u00fcre"},"content":{"rendered":"<p>Die schillernde Figur Till Eulenspiegel kann Ihren Unterricht in der zweiten und dritten Klasse auf vielf\u00e4ltige Art und Weise bereichern: Seine Kunstst\u00fccke machen Lust auf Gleichgewichtsexperimente und seine Spitzfindigkeiten lassen sich leicht auf mathematische Knobeleien und spannende Denksportaufgaben \u00fcbertragen. Vor allem aber regt Tills Sprachwitz die Kinder dazu an, selbst kreativ mit Sprache umzugehen. Neben vielseitigen \u00dcbungen zum Textverst\u00e4ndnis und grundlegenden Seiten zur Spracharbeit, z.B. passende Adjektive, zusammengesetzte Nomen, Fragew\u00f6rter, Sprichw\u00f6rter, bildhafte Vergleiche, kommt auch die eigene Textproduktion nicht zu kurz: Die Kinder erz\u00e4hlen eine Geschichte aus einer anderen Perspektive, studieren einen witzigen Sprechgesang ein oder f\u00fchren ein Figurenspiel auf. Eine prall gef\u00fcllte Fundgrube voller Eulenspiegeleien!<\/p>\n","protected":false},"excerpt":{"rendered":"<p>Die schillernde Figur Till Eulenspiegel kann Ihren Unterricht in der zweiten und dritten Klasse auf vielf\u00e4ltige Art und Weise bereichern: Seine Kunstst\u00fccke machen Lust auf Gleichgewichtsexperimente und seine Spitzfindigkeiten lassen sich leicht auf mathematische Knobeleien und spannende Denksportaufgaben \u00fcbertragen. Vor&#8230;<\/p>\n","protected":false},"featured_media":625759,"template":"","meta":{"_acf_changed":false,"inline_featured_image":false},"product_brand":[],"product_cat":[851],"product_tag":[],"series":[{"id":2120,"name":"Till Eulenspiegel","slug":"till-eulenspiegel"}],"publisher":[{"id":2104,"name":"Hase und Igel Verlag","slug":"hase-und-igel-verlag"}],"class_list":{"0":"post-109364","1":"product","2":"type-product","3":"status-publish","4":"has-post-thumbnail","6":"product_cat-lesetexte-deutsch","7":"series-till-eulenspiegel","8":"publisher-hase-und-igel-verlag","10":"first","11":"onbackorder","12":"taxable","13":"shipping-taxable","14":"purchasable","15":"product-type-simple"},"acf":[],"_links":{"self":[{"href":"https:\/\/exlibris.ee\/en\/wp-json\/wp\/v2\/product\/109364","targetHints":{"allow":["GET"]}}],"collection":[{"href":"https:\/\/exlibris.ee\/en\/wp-json\/wp\/v2\/product"}],"about":[{"href":"https:\/\/exlibris.ee\/en\/wp-json\/wp\/v2\/types\/product"}],"wp:featuredmedia":[{"embeddable":true,"href":"https:\/\/exlibris.ee\/en\/wp-json\/wp\/v2\/media\/625759"}],"wp:attachment":[{"href":"https:\/\/exlibris.ee\/en\/wp-json\/wp\/v2\/media?parent=109364"}],"wp:term":[{"taxonomy":"product_brand","embeddable":true,"href":"https:\/\/exlibris.ee\/en\/wp-json\/wp\/v2\/product_brand?post=109364"},{"taxonomy":"product_cat","embeddable":true,"href":"https:\/\/exlibris.ee\/en\/wp-json\/wp\/v2\/product_cat?post=109364"},{"taxonomy":"product_tag","embeddable":true,"href":"https:\/\/exlibris.ee\/en\/wp-json\/wp\/v2\/product_tag?post=109364"},{"taxonomy":"series","embeddable":true,"href":"https:\/\/exlibris.ee\/en\/wp-json\/wp\/v2\/series?post=109364"},{"taxonomy":"publisher","embeddable":true,"href":"https:\/\/exlibris.ee\/en\/wp-json\/wp\/v2\/publisher?post=109364"}],"curies":[{"name":"wp","href":"https:\/\/api.w.org\/{rel}","templated":true}]}}