{"id":109366,"date":"2024-02-08T06:39:37","date_gmt":"2024-02-08T04:39:37","guid":{"rendered":"https:\/\/exlibris.ee\/toode\/zur-orientierung-basiswissen-deutschland-kursbuch\/"},"modified":"2026-04-05T15:33:04","modified_gmt":"2026-04-05T12:33:04","slug":"zur-orientierung-basiswissen-deutschland-kursbuch","status":"publish","type":"product","link":"https:\/\/exlibris.ee\/en\/product\/zur-orientierung-basiswissen-deutschland-kursbuch\/","title":{"rendered":"Zur Orientierung \/ Basiswissen Deutschland \/ Kursbuch"},"content":{"rendered":"<p>Das Kursbuch Zur Orientierung vermittelt Basiswissen \u00fcber Politik, Geschichte und Kultur in Deutschland und orientiert sich an den Vorgaben des Bundesamtes f\u00fcr Migration und Fl\u00fcchtlinge f\u00fcr Orientierungskurse. Es deckt das BAMF-Curriculum mit 100 Unterrichtseinheiten ab.. Die H\u00f6rtexte stehen als Audios online und das Lehrerhandbuch als kostenloser PDF-Download im Lehrwerkservice zur Verf\u00fcgung.<\/p>\n","protected":false},"excerpt":{"rendered":"<p>Das Kursbuch Zur Orientierung vermittelt Basiswissen \u00fcber Politik, Geschichte und Kultur in Deutschland und orientiert sich an den Vorgaben des Bundesamtes f\u00fcr Migration und Fl\u00fcchtlinge f\u00fcr Orientierungskurse. Es deckt das BAMF-Curriculum mit 100 Unterrichtseinheiten ab.. Die H\u00f6rtexte stehen als Audios&#8230;<\/p>\n","protected":false},"featured_media":109331,"template":"","meta":{"_acf_changed":false,"inline_featured_image":false},"product_brand":[],"product_cat":[490],"product_tag":[],"series":[],"publisher":[{"id":497,"name":"Hueber Verlag","slug":"hueber-verlag"}],"class_list":{"0":"post-109366","1":"product","2":"type-product","3":"status-publish","4":"has-post-thumbnail","6":"product_cat-landeskunde","7":"publisher-hueber-verlag","9":"first","10":"instock","11":"taxable","12":"shipping-taxable","13":"purchasable","14":"product-type-simple"},"acf":[],"_links":{"self":[{"href":"https:\/\/exlibris.ee\/en\/wp-json\/wp\/v2\/product\/109366","targetHints":{"allow":["GET"]}}],"collection":[{"href":"https:\/\/exlibris.ee\/en\/wp-json\/wp\/v2\/product"}],"about":[{"href":"https:\/\/exlibris.ee\/en\/wp-json\/wp\/v2\/types\/product"}],"wp:featuredmedia":[{"embeddable":true,"href":"https:\/\/exlibris.ee\/en\/wp-json\/wp\/v2\/media\/109331"}],"wp:attachment":[{"href":"https:\/\/exlibris.ee\/en\/wp-json\/wp\/v2\/media?parent=109366"}],"wp:term":[{"taxonomy":"product_brand","embeddable":true,"href":"https:\/\/exlibris.ee\/en\/wp-json\/wp\/v2\/product_brand?post=109366"},{"taxonomy":"product_cat","embeddable":true,"href":"https:\/\/exlibris.ee\/en\/wp-json\/wp\/v2\/product_cat?post=109366"},{"taxonomy":"product_tag","embeddable":true,"href":"https:\/\/exlibris.ee\/en\/wp-json\/wp\/v2\/product_tag?post=109366"},{"taxonomy":"series","embeddable":true,"href":"https:\/\/exlibris.ee\/en\/wp-json\/wp\/v2\/series?post=109366"},{"taxonomy":"publisher","embeddable":true,"href":"https:\/\/exlibris.ee\/en\/wp-json\/wp\/v2\/publisher?post=109366"}],"curies":[{"name":"wp","href":"https:\/\/api.w.org\/{rel}","templated":true}]}}