{"id":109367,"date":"2024-02-08T06:39:37","date_gmt":"2024-02-08T04:39:37","guid":{"rendered":"https:\/\/exlibris.ee\/toode\/momente-b1-2-kursbuch-plus-interaktive-version\/"},"modified":"2026-04-03T09:19:00","modified_gmt":"2026-04-03T06:19:00","slug":"momente-b1-2-kursbuch-plus-interaktive-version","status":"publish","type":"product","link":"https:\/\/exlibris.ee\/en\/product\/momente-b1-2-kursbuch-plus-interaktive-version\/","title":{"rendered":"Momente B1.2 \/ Kursbuch plus interaktive Version"},"content":{"rendered":"<p>Kursbuch plus interaktive Version (\u00fcber Code im Buch abrufbar). Der Teilband Momente B1.2 umfasst 4 Module.. So ist ein Kursbuch-Modul aufgebaut:. \u2022 3 Lektionen, die die Lese- und H\u00f6rstrategien trainieren. Auch die produktiven Fertigkeiten Sprechen und Schreiben werden systematisch aufgebaut:. \u2022 Eine abwechslungsreiche Geschichte mit vielen Identifikationsm\u00f6glichkeiten bildet den thematischen Rahmen jeder Lektion.. \u2022 Das neue Wortfeld der Lektion findet man als Bildlexikon in der Fu\u00dfzeile.. \u2022 Erkl\u00e4r-Clips zur Grammatik mit passgenau darauf abgestimmten interaktiven Zusatz\u00fcbungen.. \u2022 Ein fakultativer Extra-Film pro Modul vertieft oder erg\u00e4nzt die Lektionsgeschichten.. \u2022 Jedes Modul schlie\u00dft mit Schnelltests, die den Lernerfolg \u00fcberpr\u00fcfen. Binnendifferenzierende, interaktive Zusatz\u00fcbungen erm\u00f6glichen das individuelle Weiterlernen.. \u2022 Au\u00dferdem gibt es klare \u00dcbersichten \u00fcber Grammatik und Redemittel (Kommunikation). Im Anhang befinden sich:. \u2022 Bunte Magazinseiten mit spannenden Themen aus den deutschsprachigen L\u00e4ndern, die die Kursthemen aus neuen Perspektiven beleuchten und die plurikulturelle Kompetenz f\u00f6rdern..<\/p>\n","protected":false},"excerpt":{"rendered":"<p>Kursbuch plus interaktive Version (\u00fcber Code im Buch abrufbar). Der Teilband Momente B1.2 umfasst 4 Module.. So ist ein Kursbuch-Modul aufgebaut:. \u2022 3 Lektionen, die die Lese- und H\u00f6rstrategien trainieren. Auch die produktiven Fertigkeiten Sprechen und Schreiben werden systematisch aufgebaut:&#8230;.<\/p>\n","protected":false},"featured_media":109334,"template":"","meta":{"_acf_changed":false,"inline_featured_image":false},"product_brand":[],"product_cat":[1121],"product_tag":[],"series":[{"id":1128,"name":"Momente","slug":"momente"}],"publisher":[{"id":497,"name":"Hueber Verlag","slug":"hueber-verlag"}],"class_list":{"0":"post-109367","1":"product","2":"type-product","3":"status-publish","4":"has-post-thumbnail","6":"product_cat-lehrwerke-fur-jugendliche-und-erwachsene","7":"series-momente","8":"publisher-hueber-verlag","10":"first","11":"instock","12":"taxable","13":"shipping-taxable","14":"purchasable","15":"product-type-simple"},"acf":[],"_links":{"self":[{"href":"https:\/\/exlibris.ee\/en\/wp-json\/wp\/v2\/product\/109367","targetHints":{"allow":["GET"]}}],"collection":[{"href":"https:\/\/exlibris.ee\/en\/wp-json\/wp\/v2\/product"}],"about":[{"href":"https:\/\/exlibris.ee\/en\/wp-json\/wp\/v2\/types\/product"}],"wp:featuredmedia":[{"embeddable":true,"href":"https:\/\/exlibris.ee\/en\/wp-json\/wp\/v2\/media\/109334"}],"wp:attachment":[{"href":"https:\/\/exlibris.ee\/en\/wp-json\/wp\/v2\/media?parent=109367"}],"wp:term":[{"taxonomy":"product_brand","embeddable":true,"href":"https:\/\/exlibris.ee\/en\/wp-json\/wp\/v2\/product_brand?post=109367"},{"taxonomy":"product_cat","embeddable":true,"href":"https:\/\/exlibris.ee\/en\/wp-json\/wp\/v2\/product_cat?post=109367"},{"taxonomy":"product_tag","embeddable":true,"href":"https:\/\/exlibris.ee\/en\/wp-json\/wp\/v2\/product_tag?post=109367"},{"taxonomy":"series","embeddable":true,"href":"https:\/\/exlibris.ee\/en\/wp-json\/wp\/v2\/series?post=109367"},{"taxonomy":"publisher","embeddable":true,"href":"https:\/\/exlibris.ee\/en\/wp-json\/wp\/v2\/publisher?post=109367"}],"curies":[{"name":"wp","href":"https:\/\/api.w.org\/{rel}","templated":true}]}}