{"id":109371,"date":"2024-02-08T06:39:38","date_gmt":"2024-02-08T04:39:38","guid":{"rendered":"https:\/\/exlibris.ee\/toode\/momente-b1-2-arbeitsbuch-plus-interaktive-version\/"},"modified":"2026-04-03T09:19:27","modified_gmt":"2026-04-03T06:19:27","slug":"momente-b1-2-arbeitsbuch-plus-interaktive-version","status":"publish","type":"product","link":"https:\/\/exlibris.ee\/en\/product\/momente-b1-2-arbeitsbuch-plus-interaktive-version\/","title":{"rendered":"Momente B1.2 \/ Arbeitsbuch plus interaktive Version"},"content":{"rendered":"<p>Zielniveau B1.2<\/p>\n<p>Teilband Arbeitsbuch B1.2 plus interaktive Version<br \/>\n(\u00fcber Code im Buch abrufbar)<\/p>\n<p> . \u00dcbungen zum selbstst\u00e4ndigen Vertiefen von Grammatik, Wortschatz und Redemitteln<\/p>\n<p>. plurilinguale Aufgaben<\/p>\n<p>. binnendifferenzierende Aufgaben<\/p>\n<p>. systematisches Schreibtraining<\/p>\n<p>. gezieltes Aussprachetraining<\/p>\n<p>. fertigkeitenorientierte Tests<\/p>\n<p>. umfassendes Pr\u00fcfungstraining mit Tipps und Lernstrategien<\/p>\n<p>. Wiederholung Grammatik, Wortschatz und Redemittel<\/p>\n<p>. Fokusseiten zu berufsbezogenen Themen<\/p>\n<p>. binnendifferenzierende Aufgaben<\/p>\n<p>. Lernwortschatz mit Kontexts\u00e4tzen und Lerntipps<\/p>\n<p>\u00a0Die interaktive Version des Arbeitsbuchs bietet:<\/p>\n<p>\u00a0. digitalisiertes Arbeitsbuch<\/p>\n<p>. alle H\u00f6rdateien des Buches, direkt bei der jeweiligen Aufgabe abrufbar<\/p>\n<p>. interaktiv umgesetzte Arbeitsbuch\u00fcbungen zum Einsatz im Unterricht oder zum individuellen Wiederholen der Kursinhalte<\/p>\n<p>. Erkl\u00e4r-Clips zur Aussprache mit abgestimmten interaktiven \u00dcbungen<\/p>\n<p>. eine umfangreiche Toolbar mit vielseitigen Funktionen f\u00fcr den Einsatz am Whiteboard (u. a. markieren, Notizen, Schreibwerkzeuge u. v.m.)<\/p>\n","protected":false},"excerpt":{"rendered":"<p>Zielniveau B1.2 Teilband Arbeitsbuch B1.2 plus interaktive Version (\u00fcber Code im Buch abrufbar) . \u00dcbungen zum selbstst\u00e4ndigen Vertiefen von Grammatik, Wortschatz und Redemitteln . plurilinguale Aufgaben . binnendifferenzierende Aufgaben . systematisches Schreibtraining . gezieltes Aussprachetraining . fertigkeitenorientierte Tests . umfassendes&#8230;<\/p>\n","protected":false},"featured_media":131108,"template":"","meta":{"_acf_changed":false,"inline_featured_image":false},"product_brand":[],"product_cat":[1121],"product_tag":[],"series":[{"id":1128,"name":"Momente","slug":"momente"}],"publisher":[{"id":497,"name":"Hueber Verlag","slug":"hueber-verlag"}],"class_list":{"0":"post-109371","1":"product","2":"type-product","3":"status-publish","4":"has-post-thumbnail","6":"product_cat-lehrwerke-fur-jugendliche-und-erwachsene","7":"series-momente","8":"publisher-hueber-verlag","10":"first","11":"instock","12":"taxable","13":"shipping-taxable","14":"purchasable","15":"product-type-simple"},"acf":[],"_links":{"self":[{"href":"https:\/\/exlibris.ee\/en\/wp-json\/wp\/v2\/product\/109371","targetHints":{"allow":["GET"]}}],"collection":[{"href":"https:\/\/exlibris.ee\/en\/wp-json\/wp\/v2\/product"}],"about":[{"href":"https:\/\/exlibris.ee\/en\/wp-json\/wp\/v2\/types\/product"}],"wp:featuredmedia":[{"embeddable":true,"href":"https:\/\/exlibris.ee\/en\/wp-json\/wp\/v2\/media\/131108"}],"wp:attachment":[{"href":"https:\/\/exlibris.ee\/en\/wp-json\/wp\/v2\/media?parent=109371"}],"wp:term":[{"taxonomy":"product_brand","embeddable":true,"href":"https:\/\/exlibris.ee\/en\/wp-json\/wp\/v2\/product_brand?post=109371"},{"taxonomy":"product_cat","embeddable":true,"href":"https:\/\/exlibris.ee\/en\/wp-json\/wp\/v2\/product_cat?post=109371"},{"taxonomy":"product_tag","embeddable":true,"href":"https:\/\/exlibris.ee\/en\/wp-json\/wp\/v2\/product_tag?post=109371"},{"taxonomy":"series","embeddable":true,"href":"https:\/\/exlibris.ee\/en\/wp-json\/wp\/v2\/series?post=109371"},{"taxonomy":"publisher","embeddable":true,"href":"https:\/\/exlibris.ee\/en\/wp-json\/wp\/v2\/publisher?post=109371"}],"curies":[{"name":"wp","href":"https:\/\/api.w.org\/{rel}","templated":true}]}}