{"id":109380,"date":"2024-02-08T06:39:40","date_gmt":"2024-02-08T04:39:40","guid":{"rendered":"https:\/\/exlibris.ee\/toode\/im-wald-kinderbuch-deutsch-russisch\/"},"modified":"2026-04-24T01:50:57","modified_gmt":"2026-04-23T22:50:57","slug":"im-wald-kinderbuch-deutsch-russisch","status":"publish","type":"product","link":"https:\/\/exlibris.ee\/en\/product\/im-wald-kinderbuch-deutsch-russisch\/","title":{"rendered":"Im Wald \/ Kinderbuch Deutsch-Russisch"},"content":{"rendered":"<p>Zweisprachiges Kinderbuch Deutsch-Russisch. Zielgruppe: Kinder ab 3 Jahren. Ella und Marvin entdecken eine Menge interessante Sachen im Wald: Pflanzen, Tiere, Insekten und viel mehr!. Die Wort-Bild-Leiste auf jeder Seite f\u00f6rdert gezielt das Suchen, Finden und Benennen.. F\u00fcr weitere Sprachen erh\u00e4ltlich.<\/p>\n","protected":false},"excerpt":{"rendered":"<p>Zweisprachiges Kinderbuch Deutsch-Russisch. Zielgruppe: Kinder ab 3 Jahren. Ella und Marvin entdecken eine Menge interessante Sachen im Wald: Pflanzen, Tiere, Insekten und viel mehr!. Die Wort-Bild-Leiste auf jeder Seite f\u00f6rdert gezielt das Suchen, Finden und Benennen.. F\u00fcr weitere Sprachen erh\u00e4ltlich.<\/p>\n","protected":false},"featured_media":440283,"template":"","meta":{"_acf_changed":false,"inline_featured_image":false},"product_brand":[],"product_cat":[851],"product_tag":[],"series":[],"publisher":[{"id":1305,"name":"Edition bi:libri","slug":"edition-bilibri"}],"class_list":{"0":"post-109380","1":"product","2":"type-product","3":"status-publish","4":"has-post-thumbnail","6":"product_cat-lesetexte-deutsch","7":"publisher-edition-bilibri","9":"first","10":"onbackorder","11":"taxable","12":"shipping-taxable","13":"purchasable","14":"product-type-simple"},"acf":[],"_links":{"self":[{"href":"https:\/\/exlibris.ee\/en\/wp-json\/wp\/v2\/product\/109380","targetHints":{"allow":["GET"]}}],"collection":[{"href":"https:\/\/exlibris.ee\/en\/wp-json\/wp\/v2\/product"}],"about":[{"href":"https:\/\/exlibris.ee\/en\/wp-json\/wp\/v2\/types\/product"}],"wp:featuredmedia":[{"embeddable":true,"href":"https:\/\/exlibris.ee\/en\/wp-json\/wp\/v2\/media\/440283"}],"wp:attachment":[{"href":"https:\/\/exlibris.ee\/en\/wp-json\/wp\/v2\/media?parent=109380"}],"wp:term":[{"taxonomy":"product_brand","embeddable":true,"href":"https:\/\/exlibris.ee\/en\/wp-json\/wp\/v2\/product_brand?post=109380"},{"taxonomy":"product_cat","embeddable":true,"href":"https:\/\/exlibris.ee\/en\/wp-json\/wp\/v2\/product_cat?post=109380"},{"taxonomy":"product_tag","embeddable":true,"href":"https:\/\/exlibris.ee\/en\/wp-json\/wp\/v2\/product_tag?post=109380"},{"taxonomy":"series","embeddable":true,"href":"https:\/\/exlibris.ee\/en\/wp-json\/wp\/v2\/series?post=109380"},{"taxonomy":"publisher","embeddable":true,"href":"https:\/\/exlibris.ee\/en\/wp-json\/wp\/v2\/publisher?post=109380"}],"curies":[{"name":"wp","href":"https:\/\/api.w.org\/{rel}","templated":true}]}}