{"id":109448,"date":"2024-02-08T06:41:52","date_gmt":"2024-02-08T04:41:52","guid":{"rendered":"https:\/\/exlibris.ee\/toode\/schritte-plus-12-intensivtrainer-mit-audios-online\/"},"modified":"2026-04-16T17:40:10","modified_gmt":"2026-04-16T14:40:10","slug":"schritte-plus-12-intensivtrainer-mit-audios-online","status":"publish","type":"product","link":"https:\/\/exlibris.ee\/en\/product\/schritte-plus-12-intensivtrainer-mit-audios-online\/","title":{"rendered":"Schritte plus 1+2 \/ Intensivtrainer mit Audios online"},"content":{"rendered":"<p>A1. Der Intensivtrainer ist eine Verbindung aus Testheft und \u00dcbungsbuch f\u00fcr das selbstst\u00e4ndige Lernen zu Hause.. Zu jeder Lektion gibt es \u00dcbungen zu den Bereichen Grammatik, Wortschatz, H\u00f6ren, Lesen, Sprechen und Schreiben. Durch ein Punktesystem erh\u00e4lt der Lernende die M\u00f6glichkeit zur Selbstevaluation.<\/p>\n","protected":false},"excerpt":{"rendered":"<p>A1. Der Intensivtrainer ist eine Verbindung aus Testheft und \u00dcbungsbuch f\u00fcr das selbstst\u00e4ndige Lernen zu Hause.. Zu jeder Lektion gibt es \u00dcbungen zu den Bereichen Grammatik, Wortschatz, H\u00f6ren, Lesen, Sprechen und Schreiben. Durch ein Punktesystem erh\u00e4lt der Lernende die M\u00f6glichkeit&#8230;<\/p>\n","protected":false},"featured_media":303955,"template":"","meta":{"_acf_changed":false,"inline_featured_image":false},"product_brand":[],"product_cat":[1121],"product_tag":[],"series":[{"id":1253,"name":"Schritte plus","slug":"schritte-plus"}],"publisher":[{"id":497,"name":"Hueber Verlag","slug":"hueber-verlag"}],"class_list":{"0":"post-109448","1":"product","2":"type-product","3":"status-publish","4":"has-post-thumbnail","6":"product_cat-lehrwerke-fur-jugendliche-und-erwachsene","7":"series-schritte-plus","8":"publisher-hueber-verlag","10":"first","11":"onbackorder","12":"taxable","13":"shipping-taxable","14":"purchasable","15":"product-type-simple"},"acf":[],"_links":{"self":[{"href":"https:\/\/exlibris.ee\/en\/wp-json\/wp\/v2\/product\/109448","targetHints":{"allow":["GET"]}}],"collection":[{"href":"https:\/\/exlibris.ee\/en\/wp-json\/wp\/v2\/product"}],"about":[{"href":"https:\/\/exlibris.ee\/en\/wp-json\/wp\/v2\/types\/product"}],"wp:featuredmedia":[{"embeddable":true,"href":"https:\/\/exlibris.ee\/en\/wp-json\/wp\/v2\/media\/303955"}],"wp:attachment":[{"href":"https:\/\/exlibris.ee\/en\/wp-json\/wp\/v2\/media?parent=109448"}],"wp:term":[{"taxonomy":"product_brand","embeddable":true,"href":"https:\/\/exlibris.ee\/en\/wp-json\/wp\/v2\/product_brand?post=109448"},{"taxonomy":"product_cat","embeddable":true,"href":"https:\/\/exlibris.ee\/en\/wp-json\/wp\/v2\/product_cat?post=109448"},{"taxonomy":"product_tag","embeddable":true,"href":"https:\/\/exlibris.ee\/en\/wp-json\/wp\/v2\/product_tag?post=109448"},{"taxonomy":"series","embeddable":true,"href":"https:\/\/exlibris.ee\/en\/wp-json\/wp\/v2\/series?post=109448"},{"taxonomy":"publisher","embeddable":true,"href":"https:\/\/exlibris.ee\/en\/wp-json\/wp\/v2\/publisher?post=109448"}],"curies":[{"name":"wp","href":"https:\/\/api.w.org\/{rel}","templated":true}]}}