{"id":109449,"date":"2024-02-08T06:41:52","date_gmt":"2024-02-08T04:41:52","guid":{"rendered":"https:\/\/exlibris.ee\/toode\/in-der-schule-kinderbuch-deutsch-russisch\/"},"modified":"2026-04-03T09:20:23","modified_gmt":"2026-04-03T06:20:23","slug":"in-der-schule-kinderbuch-deutsch-russisch","status":"publish","type":"product","link":"https:\/\/exlibris.ee\/en\/product\/in-der-schule-kinderbuch-deutsch-russisch\/","title":{"rendered":"In der Schule \/ Kinderbuch Deutsch-Russisch"},"content":{"rendered":"<p>Zielgruppe: Kinder ab 5 Jahren. In der Schule passieren oft die lustigsten Sachen. Das finden auch Faris, Tom und Naima. Komm doch mit!. In der Schule liegt in der Reihe bilibrini \u2013 die kleinen Zweisprachigen vor. Mit diesem Kinderbuch \u00fcben Kinder die wichtigsten W\u00f6rter f\u00fcr die Schule. Die Wort-Bild-Leiste auf jeder Seite greift einzelne der Begriffe auf und f\u00f6rdert gezielt das Suchen, Finden und Benennen.<\/p>\n","protected":false},"excerpt":{"rendered":"<p>Zielgruppe: Kinder ab 5 Jahren. In der Schule passieren oft die lustigsten Sachen. Das finden auch Faris, Tom und Naima. Komm doch mit!. In der Schule liegt in der Reihe bilibrini \u2013 die kleinen Zweisprachigen vor. Mit diesem Kinderbuch \u00fcben&#8230;<\/p>\n","protected":false},"featured_media":109411,"template":"","meta":{"_acf_changed":false,"inline_featured_image":false},"product_brand":[],"product_cat":[851],"product_tag":[],"series":[],"publisher":[{"id":1305,"name":"Edition bi:libri","slug":"edition-bilibri"}],"class_list":{"0":"post-109449","1":"product","2":"type-product","3":"status-publish","4":"has-post-thumbnail","6":"product_cat-lesetexte-deutsch","7":"publisher-edition-bilibri","9":"first","10":"onbackorder","11":"taxable","12":"shipping-taxable","13":"purchasable","14":"product-type-simple"},"acf":[],"_links":{"self":[{"href":"https:\/\/exlibris.ee\/en\/wp-json\/wp\/v2\/product\/109449","targetHints":{"allow":["GET"]}}],"collection":[{"href":"https:\/\/exlibris.ee\/en\/wp-json\/wp\/v2\/product"}],"about":[{"href":"https:\/\/exlibris.ee\/en\/wp-json\/wp\/v2\/types\/product"}],"wp:featuredmedia":[{"embeddable":true,"href":"https:\/\/exlibris.ee\/en\/wp-json\/wp\/v2\/media\/109411"}],"wp:attachment":[{"href":"https:\/\/exlibris.ee\/en\/wp-json\/wp\/v2\/media?parent=109449"}],"wp:term":[{"taxonomy":"product_brand","embeddable":true,"href":"https:\/\/exlibris.ee\/en\/wp-json\/wp\/v2\/product_brand?post=109449"},{"taxonomy":"product_cat","embeddable":true,"href":"https:\/\/exlibris.ee\/en\/wp-json\/wp\/v2\/product_cat?post=109449"},{"taxonomy":"product_tag","embeddable":true,"href":"https:\/\/exlibris.ee\/en\/wp-json\/wp\/v2\/product_tag?post=109449"},{"taxonomy":"series","embeddable":true,"href":"https:\/\/exlibris.ee\/en\/wp-json\/wp\/v2\/series?post=109449"},{"taxonomy":"publisher","embeddable":true,"href":"https:\/\/exlibris.ee\/en\/wp-json\/wp\/v2\/publisher?post=109449"}],"curies":[{"name":"wp","href":"https:\/\/api.w.org\/{rel}","templated":true}]}}