{"id":109458,"date":"2024-02-08T06:41:54","date_gmt":"2024-02-08T04:41:54","guid":{"rendered":"https:\/\/exlibris.ee\/toode\/von-der-prinzessin-die-ihren-vater-das-heulen-lehrte-kinderbuch-deutsch-ukrainisch-mit-mp3-horbuch-zum-herunterladen\/"},"modified":"2026-04-24T01:53:18","modified_gmt":"2026-04-23T22:53:18","slug":"von-der-prinzessin-die-ihren-vater-das-heulen-lehrte-kinderbuch-deutsch-ukrainisch-mit-mp3-horbuch-zum-herunterladen","status":"publish","type":"product","link":"https:\/\/exlibris.ee\/en\/product\/von-der-prinzessin-die-ihren-vater-das-heulen-lehrte-kinderbuch-deutsch-ukrainisch-mit-mp3-horbuch-zum-herunterladen\/","title":{"rendered":"Von der Prinzessin, die ihren Vater das Heulen lehrte \/ Kinderbuch Deutsch-Ukrainisch mit MP3-H\u00f6rbuch zum Herunterladen"},"content":{"rendered":"<p>Zweisprachiges Kinderbuch Deutsch-Ukrainisch ab 4 Jahren. In einem fernen Land lebt ein K\u00f6nig, der Stille in seinem Reich w\u00fcnscht. Seine geliebte Tochter jedoch ist laut, fr\u00f6hlich und wild \u2013 all das, was der K\u00f6nig nicht duldet. Nach einem zu st\u00fcrmischen Spiel sperrt er den Drachen der Prinzessin in einen K\u00e4fig, woraufhin sie sehr w\u00fctend und sehr still wird. Zu still f\u00fcr den K\u00f6nig, der nun erst recht keine Ruhe mehr findet.. Ein modernes M\u00e4rchen \u00fcber die Gefahr unterdr\u00fcckter Emotionen und wie sch\u00f6n es ist, mal loszulassen.. Durchgehend farbig illustriert, mit H\u00f6rbuch als MP3-Download in 13 Sprachen.. F\u00fcr weitere Sprachen erh\u00e4ltlich.<\/p>\n","protected":false},"excerpt":{"rendered":"<p>Zweisprachiges Kinderbuch Deutsch-Ukrainisch ab 4 Jahren. In einem fernen Land lebt ein K\u00f6nig, der Stille in seinem Reich w\u00fcnscht. Seine geliebte Tochter jedoch ist laut, fr\u00f6hlich und wild \u2013 all das, was der K\u00f6nig nicht duldet. Nach einem zu st\u00fcrmischen&#8230;<\/p>\n","protected":false},"featured_media":440384,"template":"","meta":{"_acf_changed":false,"inline_featured_image":false},"product_brand":[],"product_cat":[851],"product_tag":[],"series":[],"publisher":[{"id":1305,"name":"Edition bi:libri","slug":"edition-bilibri"}],"class_list":{"0":"post-109458","1":"product","2":"type-product","3":"status-publish","4":"has-post-thumbnail","6":"product_cat-lesetexte-deutsch","7":"publisher-edition-bilibri","9":"first","10":"onbackorder","11":"taxable","12":"shipping-taxable","13":"purchasable","14":"product-type-simple"},"acf":[],"_links":{"self":[{"href":"https:\/\/exlibris.ee\/en\/wp-json\/wp\/v2\/product\/109458","targetHints":{"allow":["GET"]}}],"collection":[{"href":"https:\/\/exlibris.ee\/en\/wp-json\/wp\/v2\/product"}],"about":[{"href":"https:\/\/exlibris.ee\/en\/wp-json\/wp\/v2\/types\/product"}],"wp:featuredmedia":[{"embeddable":true,"href":"https:\/\/exlibris.ee\/en\/wp-json\/wp\/v2\/media\/440384"}],"wp:attachment":[{"href":"https:\/\/exlibris.ee\/en\/wp-json\/wp\/v2\/media?parent=109458"}],"wp:term":[{"taxonomy":"product_brand","embeddable":true,"href":"https:\/\/exlibris.ee\/en\/wp-json\/wp\/v2\/product_brand?post=109458"},{"taxonomy":"product_cat","embeddable":true,"href":"https:\/\/exlibris.ee\/en\/wp-json\/wp\/v2\/product_cat?post=109458"},{"taxonomy":"product_tag","embeddable":true,"href":"https:\/\/exlibris.ee\/en\/wp-json\/wp\/v2\/product_tag?post=109458"},{"taxonomy":"series","embeddable":true,"href":"https:\/\/exlibris.ee\/en\/wp-json\/wp\/v2\/series?post=109458"},{"taxonomy":"publisher","embeddable":true,"href":"https:\/\/exlibris.ee\/en\/wp-json\/wp\/v2\/publisher?post=109458"}],"curies":[{"name":"wp","href":"https:\/\/api.w.org\/{rel}","templated":true}]}}