{"id":109549,"date":"2024-02-08T06:44:15","date_gmt":"2024-02-08T04:44:15","guid":{"rendered":"https:\/\/exlibris.ee\/toode\/ins-mittelalter-und-zuruck-eine-abenteuerliche-zeitreise-materialien-und-kopiervorlagen-zur-klassenlekture\/"},"modified":"2026-04-24T19:42:56","modified_gmt":"2026-04-24T16:42:56","slug":"ins-mittelalter-und-zuruck-eine-abenteuerliche-zeitreise-materialien-und-kopiervorlagen-zur-klassenlekture","status":"publish","type":"product","link":"https:\/\/exlibris.ee\/en\/product\/ins-mittelalter-und-zuruck-eine-abenteuerliche-zeitreise-materialien-und-kopiervorlagen-zur-klassenlekture\/","title":{"rendered":"Ins Mittelalter und zur\u00fcck \/ Eine abenteuerliche Zeitreise \/ Materialien und Kopiervorlagen zur Klassenlekt\u00fcre"},"content":{"rendered":"<p>Mit abwechslungsreichen und motivierenden Aufgaben sichern die Arbeitsbl\u00e4tter das Textverst\u00e4ndnis und regen zur Spracharbeit an. Dar\u00fcber hinaus greift das Material zahlreiche historische Sachthemen auf, erkl\u00e4rt die Hintergr\u00fcnde kindgerecht und bietet weiterf\u00fchrende Unterrichtsideen. Die Kinder erfahren, warum Salz im Mittelalter so wertvoll war, und entwerfen ihr eigenes Wappen. Gespr\u00e4chs- und Schreibanl\u00e4sse ermuntern sie zum Vergleich zwischen dem Mittelalter und ihrer eigenen Lebenswelt und vermitteln so den Wandel der Zeit.<\/p>\n","protected":false},"excerpt":{"rendered":"<p>Mit abwechslungsreichen und motivierenden Aufgaben sichern die Arbeitsbl\u00e4tter das Textverst\u00e4ndnis und regen zur Spracharbeit an. Dar\u00fcber hinaus greift das Material zahlreiche historische Sachthemen auf, erkl\u00e4rt die Hintergr\u00fcnde kindgerecht und bietet weiterf\u00fchrende Unterrichtsideen. Die Kinder erfahren, warum Salz im Mittelalter so&#8230;<\/p>\n","protected":false},"featured_media":457150,"template":"","meta":{"_acf_changed":false,"inline_featured_image":false},"product_brand":[],"product_cat":[851],"product_tag":[],"series":[{"id":2124,"name":"In die Steinzeit und zur\u00fcck","slug":"in-die-steinzeit-und-zuruck"}],"publisher":[{"id":2104,"name":"Hase und Igel Verlag","slug":"hase-und-igel-verlag"}],"class_list":{"0":"post-109549","1":"product","2":"type-product","3":"status-publish","4":"has-post-thumbnail","6":"product_cat-lesetexte-deutsch","7":"series-in-die-steinzeit-und-zuruck","8":"publisher-hase-und-igel-verlag","10":"first","11":"onbackorder","12":"taxable","13":"shipping-taxable","14":"purchasable","15":"product-type-simple"},"acf":[],"_links":{"self":[{"href":"https:\/\/exlibris.ee\/en\/wp-json\/wp\/v2\/product\/109549","targetHints":{"allow":["GET"]}}],"collection":[{"href":"https:\/\/exlibris.ee\/en\/wp-json\/wp\/v2\/product"}],"about":[{"href":"https:\/\/exlibris.ee\/en\/wp-json\/wp\/v2\/types\/product"}],"wp:featuredmedia":[{"embeddable":true,"href":"https:\/\/exlibris.ee\/en\/wp-json\/wp\/v2\/media\/457150"}],"wp:attachment":[{"href":"https:\/\/exlibris.ee\/en\/wp-json\/wp\/v2\/media?parent=109549"}],"wp:term":[{"taxonomy":"product_brand","embeddable":true,"href":"https:\/\/exlibris.ee\/en\/wp-json\/wp\/v2\/product_brand?post=109549"},{"taxonomy":"product_cat","embeddable":true,"href":"https:\/\/exlibris.ee\/en\/wp-json\/wp\/v2\/product_cat?post=109549"},{"taxonomy":"product_tag","embeddable":true,"href":"https:\/\/exlibris.ee\/en\/wp-json\/wp\/v2\/product_tag?post=109549"},{"taxonomy":"series","embeddable":true,"href":"https:\/\/exlibris.ee\/en\/wp-json\/wp\/v2\/series?post=109549"},{"taxonomy":"publisher","embeddable":true,"href":"https:\/\/exlibris.ee\/en\/wp-json\/wp\/v2\/publisher?post=109549"}],"curies":[{"name":"wp","href":"https:\/\/api.w.org\/{rel}","templated":true}]}}