{"id":109558,"date":"2024-02-08T06:44:18","date_gmt":"2024-02-08T04:44:18","guid":{"rendered":"https:\/\/exlibris.ee\/toode\/ein-garten-fur-uns-kinderbuch-deutsch-ukrainisch-mit-mp3-horbuch-zum-herunterladen\/"},"modified":"2026-04-04T03:22:58","modified_gmt":"2026-04-04T00:22:58","slug":"ein-garten-fur-uns-kinderbuch-deutsch-ukrainisch-mit-mp3-horbuch-zum-herunterladen","status":"publish","type":"product","link":"https:\/\/exlibris.ee\/en\/product\/ein-garten-fur-uns-kinderbuch-deutsch-ukrainisch-mit-mp3-horbuch-zum-herunterladen\/","title":{"rendered":"Ein Garten f\u00fcr uns \/ Kinderbuch Deutsch-Ukrainisch mit MP3-H\u00f6rbuch zum Herunterladen"},"content":{"rendered":"<p>Zweisprachiges Kinderbuch Deutsch-Ukrainisch ab 4 Jahren. Die Samen in meiner Hand erinnern mich an deinen Garten. Jedes Korn hast du mit Sorgfalt gezogen, in jedem steckt viel Liebe.. Genau wie der f\u00fcrsorglich gepflegte Gemeinschaftsgarten, w\u00e4chst auch die liebevolle Freundschaft zwischen einem kleinen M\u00e4dchen und einer Gruppe von \u00e4lteren Frauen. Eine zarte Geschichte \u00fcber das Vergehen und Erbl\u00fchen im Laufe der Natur und des Lebens.. Durchgehend farbig illustriert, mit H\u00f6rbuch als MP3-Download in 9 Sprachen.. F\u00fcr weitere Sprachen erh\u00e4ltlich.<\/p>\n","protected":false},"excerpt":{"rendered":"<p>Zweisprachiges Kinderbuch Deutsch-Ukrainisch ab 4 Jahren. Die Samen in meiner Hand erinnern mich an deinen Garten. Jedes Korn hast du mit Sorgfalt gezogen, in jedem steckt viel Liebe.. Genau wie der f\u00fcrsorglich gepflegte Gemeinschaftsgarten, w\u00e4chst auch die liebevolle Freundschaft zwischen&#8230;<\/p>\n","protected":false},"featured_media":109481,"template":"","meta":{"_acf_changed":false,"inline_featured_image":false},"product_brand":[],"product_cat":[851],"product_tag":[],"series":[],"publisher":[{"id":1308,"name":"NordS\u00fcd","slug":"nordsud"}],"class_list":{"0":"post-109558","1":"product","2":"type-product","3":"status-publish","4":"has-post-thumbnail","6":"product_cat-lesetexte-deutsch","7":"publisher-nordsud","9":"first","10":"onbackorder","11":"taxable","12":"shipping-taxable","13":"purchasable","14":"product-type-simple"},"acf":[],"_links":{"self":[{"href":"https:\/\/exlibris.ee\/en\/wp-json\/wp\/v2\/product\/109558","targetHints":{"allow":["GET"]}}],"collection":[{"href":"https:\/\/exlibris.ee\/en\/wp-json\/wp\/v2\/product"}],"about":[{"href":"https:\/\/exlibris.ee\/en\/wp-json\/wp\/v2\/types\/product"}],"wp:featuredmedia":[{"embeddable":true,"href":"https:\/\/exlibris.ee\/en\/wp-json\/wp\/v2\/media\/109481"}],"wp:attachment":[{"href":"https:\/\/exlibris.ee\/en\/wp-json\/wp\/v2\/media?parent=109558"}],"wp:term":[{"taxonomy":"product_brand","embeddable":true,"href":"https:\/\/exlibris.ee\/en\/wp-json\/wp\/v2\/product_brand?post=109558"},{"taxonomy":"product_cat","embeddable":true,"href":"https:\/\/exlibris.ee\/en\/wp-json\/wp\/v2\/product_cat?post=109558"},{"taxonomy":"product_tag","embeddable":true,"href":"https:\/\/exlibris.ee\/en\/wp-json\/wp\/v2\/product_tag?post=109558"},{"taxonomy":"series","embeddable":true,"href":"https:\/\/exlibris.ee\/en\/wp-json\/wp\/v2\/series?post=109558"},{"taxonomy":"publisher","embeddable":true,"href":"https:\/\/exlibris.ee\/en\/wp-json\/wp\/v2\/publisher?post=109558"}],"curies":[{"name":"wp","href":"https:\/\/api.w.org\/{rel}","templated":true}]}}