{"id":109564,"date":"2024-02-08T06:44:19","date_gmt":"2024-02-08T04:44:19","guid":{"rendered":"https:\/\/exlibris.ee\/toode\/projekt-b1-neu-10-modelltests-zur-vorbereitung-auf-das-zertifikat-b1-goethe-institut-und-osd-lehrerbuch-mit-audios-online\/"},"modified":"2026-04-21T10:03:59","modified_gmt":"2026-04-21T07:03:59","slug":"projekt-b1-neu-10-modelltests-zur-vorbereitung-auf-das-zertifikat-b1-goethe-institut-und-osd-lehrerbuch-mit-audios-online","status":"publish","type":"product","link":"https:\/\/exlibris.ee\/en\/product\/projekt-b1-neu-10-modelltests-zur-vorbereitung-auf-das-zertifikat-b1-goethe-institut-und-osd-lehrerbuch-mit-audios-online\/","title":{"rendered":"Projekt B1 neu \/ 10 Modelltests zur Vorbereitung auf das Zertifikat B1 (Goethe-Institut und \u00d6SD) \/ Lehrerbuch mit Audios online"},"content":{"rendered":"<p>Das Lehrerbuch enth\u00e4lt das komplette Testbuch und zus\u00e4tzlich in Blau:. &#8211; einen Info-Teil \u00fcber die Pr\u00fcfung Zertifikat B1. &#8211; Bewertungskriterien. &#8211; Transkription der H\u00f6rtexte. &#8211; Antwortbogen als Kopiervorlage. &#8211; L\u00f6sungen bzw sind relevante Textpassagen markiert. &#8211; korrigierte und bewertete Sch\u00fclerarbeiten zu dem Modul Schreiben. Alle Audio-Dateien stehen als kostenloser MP3-Download zur Verf\u00fcgung.<\/p>\n","protected":false},"excerpt":{"rendered":"<p>Das Lehrerbuch enth\u00e4lt das komplette Testbuch und zus\u00e4tzlich in Blau:. &#8211; einen Info-Teil \u00fcber die Pr\u00fcfung Zertifikat B1. &#8211; Bewertungskriterien. &#8211; Transkription der H\u00f6rtexte. &#8211; Antwortbogen als Kopiervorlage. &#8211; L\u00f6sungen bzw sind relevante Textpassagen markiert. &#8211; korrigierte und bewertete Sch\u00fclerarbeiten&#8230;<\/p>\n","protected":false},"featured_media":390254,"template":"","meta":{"_acf_changed":false,"inline_featured_image":false},"product_brand":[],"product_cat":[507],"product_tag":[],"series":[{"id":2127,"name":"Projekt B1 neu","slug":"projekt-b1-neu"}],"publisher":[{"id":1297,"name":"Karabatos Verlag","slug":"karabatos-verlag"}],"class_list":{"0":"post-109564","1":"product","2":"type-product","3":"status-publish","4":"has-post-thumbnail","6":"product_cat-prufungsvorbereitung","7":"series-projekt-b1-neu","8":"publisher-karabatos-verlag","10":"first","11":"onbackorder","12":"taxable","13":"shipping-taxable","14":"purchasable","15":"product-type-simple"},"acf":[],"_links":{"self":[{"href":"https:\/\/exlibris.ee\/en\/wp-json\/wp\/v2\/product\/109564","targetHints":{"allow":["GET"]}}],"collection":[{"href":"https:\/\/exlibris.ee\/en\/wp-json\/wp\/v2\/product"}],"about":[{"href":"https:\/\/exlibris.ee\/en\/wp-json\/wp\/v2\/types\/product"}],"wp:featuredmedia":[{"embeddable":true,"href":"https:\/\/exlibris.ee\/en\/wp-json\/wp\/v2\/media\/390254"}],"wp:attachment":[{"href":"https:\/\/exlibris.ee\/en\/wp-json\/wp\/v2\/media?parent=109564"}],"wp:term":[{"taxonomy":"product_brand","embeddable":true,"href":"https:\/\/exlibris.ee\/en\/wp-json\/wp\/v2\/product_brand?post=109564"},{"taxonomy":"product_cat","embeddable":true,"href":"https:\/\/exlibris.ee\/en\/wp-json\/wp\/v2\/product_cat?post=109564"},{"taxonomy":"product_tag","embeddable":true,"href":"https:\/\/exlibris.ee\/en\/wp-json\/wp\/v2\/product_tag?post=109564"},{"taxonomy":"series","embeddable":true,"href":"https:\/\/exlibris.ee\/en\/wp-json\/wp\/v2\/series?post=109564"},{"taxonomy":"publisher","embeddable":true,"href":"https:\/\/exlibris.ee\/en\/wp-json\/wp\/v2\/publisher?post=109564"}],"curies":[{"name":"wp","href":"https:\/\/api.w.org\/{rel}","templated":true}]}}