{"id":109566,"date":"2024-02-08T06:44:20","date_gmt":"2024-02-08T04:44:20","guid":{"rendered":"https:\/\/exlibris.ee\/toode\/arthur-und-anton-kinderbuch-deutsch-ukrainisch-mit-mp3-horbuch-zum-herunterladen\/"},"modified":"2026-04-07T21:27:27","modified_gmt":"2026-04-07T18:27:27","slug":"arthur-und-anton-kinderbuch-deutsch-ukrainisch-mit-mp3-horbuch-zum-herunterladen","status":"publish","type":"product","link":"https:\/\/exlibris.ee\/en\/product\/arthur-und-anton-kinderbuch-deutsch-ukrainisch-mit-mp3-horbuch-zum-herunterladen\/","title":{"rendered":"Arthur und Anton \/ Kinderbuch Deutsch-Ukrainisch mit MP3-H\u00f6rbuch zum Herunterladen"},"content":{"rendered":"<p>Zweisprachiges Kinderbuch Deutsch-Ukrainisch ab 5 Jahren. \u201eEr riecht nicht wie \u00b4ne Ratte, spricht nicht wie \u00b4ne Ratte und sieht erst recht nicht aus wie \u00b4ne Ratte.\u201c Stimmt, denn Arthur ist auch keine Ratte, sondern ein Rabe. Allerdings wusste er das bislang nicht&#8230;. Arthur und Anton erz\u00e4hlt die Geschichte des Raben Arthur, der als Findelkind bei einem Rattenp\u00e4rchen aufw\u00e4chst und meint, er sei ebenfalls eine Ratte. Als er jedoch auf die Rattenkinderbande mit Chefratte Anton trifft und einige Mutproben zu bestehen hat, stellt er entt\u00e4uscht fest, dass er wohl doch anders ist als die \u00fcbrigen Rattenkinder. Dass Arthur aber mindestens einen entscheidenden Vorteil gegen\u00fcber den Rattenkindern hat, leuchtet allen ein, als pl\u00f6tzlich der rote Kater Khan auftaucht&#8230; Aus anf\u00e4nglichem Argwohn entwickelt sich schlie\u00dflich eine dicke Freundschaft zwischen Arthur, Anton und den anderen Rattenkindern.. Arthur und Anton wurde von der Autorin und Illustratorin Sibylle Hammer f\u00fcr Kinder ab f\u00fcnf Jahren geschrieben. Die entz\u00fcckenden Zeichnungen stammen ebenfalls aus ihrer Feder. Das Buch \u00fcber Mut, Freundschaft und Anders-Sein weist eine entscheidende Besonderheit auf: \u201eArthur und Anton\u201c ist ein zweisprachiges Kinderbuch in den Sprachen Deutsch und Ukrainisch.. Auch lieferbar in weiteren Sprachversionen.. Das Buch enth\u00e4lt ein kostenloses MP3-H\u00f6rbuch als Download, auf der die Erlebnisse von Arthur und Anton in den verschiedenen Sprachen wortgetreu von Muttersprachlern wiedergegeben werden.<\/p>\n","protected":false},"excerpt":{"rendered":"<p>Zweisprachiges Kinderbuch Deutsch-Ukrainisch ab 5 Jahren. \u201eEr riecht nicht wie \u00b4ne Ratte, spricht nicht wie \u00b4ne Ratte und sieht erst recht nicht aus wie \u00b4ne Ratte.\u201c Stimmt, denn Arthur ist auch keine Ratte, sondern ein Rabe. Allerdings wusste er das&#8230;<\/p>\n","protected":false},"featured_media":109505,"template":"","meta":{"_acf_changed":false,"inline_featured_image":false},"product_brand":[],"product_cat":[851],"product_tag":[],"series":[{"id":1341,"name":"Arthur und Anton","slug":"arthur-und-anton"}],"publisher":[{"id":1305,"name":"Edition bi:libri","slug":"edition-bilibri"}],"class_list":{"0":"post-109566","1":"product","2":"type-product","3":"status-publish","4":"has-post-thumbnail","6":"product_cat-lesetexte-deutsch","7":"series-arthur-und-anton","8":"publisher-edition-bilibri","10":"first","11":"onbackorder","12":"taxable","13":"shipping-taxable","14":"purchasable","15":"product-type-simple"},"acf":[],"_links":{"self":[{"href":"https:\/\/exlibris.ee\/en\/wp-json\/wp\/v2\/product\/109566","targetHints":{"allow":["GET"]}}],"collection":[{"href":"https:\/\/exlibris.ee\/en\/wp-json\/wp\/v2\/product"}],"about":[{"href":"https:\/\/exlibris.ee\/en\/wp-json\/wp\/v2\/types\/product"}],"wp:featuredmedia":[{"embeddable":true,"href":"https:\/\/exlibris.ee\/en\/wp-json\/wp\/v2\/media\/109505"}],"wp:attachment":[{"href":"https:\/\/exlibris.ee\/en\/wp-json\/wp\/v2\/media?parent=109566"}],"wp:term":[{"taxonomy":"product_brand","embeddable":true,"href":"https:\/\/exlibris.ee\/en\/wp-json\/wp\/v2\/product_brand?post=109566"},{"taxonomy":"product_cat","embeddable":true,"href":"https:\/\/exlibris.ee\/en\/wp-json\/wp\/v2\/product_cat?post=109566"},{"taxonomy":"product_tag","embeddable":true,"href":"https:\/\/exlibris.ee\/en\/wp-json\/wp\/v2\/product_tag?post=109566"},{"taxonomy":"series","embeddable":true,"href":"https:\/\/exlibris.ee\/en\/wp-json\/wp\/v2\/series?post=109566"},{"taxonomy":"publisher","embeddable":true,"href":"https:\/\/exlibris.ee\/en\/wp-json\/wp\/v2\/publisher?post=109566"}],"curies":[{"name":"wp","href":"https:\/\/api.w.org\/{rel}","templated":true}]}}