{"id":109571,"date":"2024-02-08T06:44:21","date_gmt":"2024-02-08T04:44:21","guid":{"rendered":"https:\/\/exlibris.ee\/toode\/und-jetzt-sehen-mich-alle-lekture-fur-jugendliche-light\/"},"modified":"2026-04-04T03:23:03","modified_gmt":"2026-04-04T00:23:03","slug":"und-jetzt-sehen-mich-alle-lekture-fur-jugendliche-light","status":"publish","type":"product","link":"https:\/\/exlibris.ee\/en\/product\/und-jetzt-sehen-mich-alle-lekture-fur-jugendliche-light\/","title":{"rendered":"&#8230; und jetzt sehen mich alle! \/ Lekt\u00fcre f\u00fcr Jugendliche \/ light"},"content":{"rendered":"<p>Immer wieder berichten die Medien von \u201eCybermobbing\u201c und seinen fatalen Folgen. Dieser Roman greift das brisante Thema altersgem\u00e4\u00df auf.. Alles beginnt mit einem \u201eharmlosen Scherz\u201c: Tabea und Yasemin loggen sich mit dem Passwort ihrer Mitsch\u00fclerin Paula ins soziale Netzwerk der Schule ein und hinterlassen eine fingierte Liebeserkl\u00e4rung. Am n\u00e4chsten Tag kommt Paula mit verweinten Augen in die Klasse. Aber schon wenig sp\u00e4ter ist es Tabea selbst, die am Boden zerst\u00f6rt ist: Nach einem schmeichelhaften Chat mit einem vermeintlichen Klassenkameraden wird sie von wildfremden Mitsch\u00fclern als \u201eSchlampe\u201c beschimpft. Wie konnte es nur passieren, dass unglaublich peinliche Nacktfotos von ihr im Netz gelandet sind? Gemeinsam mit Yasemin macht sich Tabea auf die spannende und gef\u00e4hrliche Suche nach dem T\u00e4ter.. Einf\u00fchlsam und anschaulich schildert Judith Le Huray die Gef\u00fchle der 13-j\u00e4hrigen Tabea, die v\u00f6llig unerwartet zum Opfer von Cybermobbing wird. Der Roman bietet zahlreiche Identifikationsm\u00f6glichkeiten und Gespr\u00e4chsanl\u00e4sse f\u00fcr M\u00e4dchen und f\u00fcr Jungen.. Reihe light: einfache Sprache, spannend und authentisch!<\/p>\n","protected":false},"excerpt":{"rendered":"<p>Immer wieder berichten die Medien von \u201eCybermobbing\u201c und seinen fatalen Folgen. Dieser Roman greift das brisante Thema altersgem\u00e4\u00df auf.. Alles beginnt mit einem \u201eharmlosen Scherz\u201c: Tabea und Yasemin loggen sich mit dem Passwort ihrer Mitsch\u00fclerin Paula ins soziale Netzwerk der&#8230;<\/p>\n","protected":false},"featured_media":109520,"template":"","meta":{"_acf_changed":false,"inline_featured_image":false},"product_brand":[],"product_cat":[851],"product_tag":[],"series":[{"id":2130,"name":"... und jetzt sehen mich alle!","slug":"und-jetzt-sehen-mich-alle"}],"publisher":[{"id":2104,"name":"Hase und Igel Verlag","slug":"hase-und-igel-verlag"}],"class_list":{"0":"post-109571","1":"product","2":"type-product","3":"status-publish","4":"has-post-thumbnail","6":"product_cat-lesetexte-deutsch","7":"series-und-jetzt-sehen-mich-alle","8":"publisher-hase-und-igel-verlag","10":"first","11":"onbackorder","12":"taxable","13":"shipping-taxable","14":"purchasable","15":"product-type-simple"},"acf":[],"_links":{"self":[{"href":"https:\/\/exlibris.ee\/en\/wp-json\/wp\/v2\/product\/109571","targetHints":{"allow":["GET"]}}],"collection":[{"href":"https:\/\/exlibris.ee\/en\/wp-json\/wp\/v2\/product"}],"about":[{"href":"https:\/\/exlibris.ee\/en\/wp-json\/wp\/v2\/types\/product"}],"wp:featuredmedia":[{"embeddable":true,"href":"https:\/\/exlibris.ee\/en\/wp-json\/wp\/v2\/media\/109520"}],"wp:attachment":[{"href":"https:\/\/exlibris.ee\/en\/wp-json\/wp\/v2\/media?parent=109571"}],"wp:term":[{"taxonomy":"product_brand","embeddable":true,"href":"https:\/\/exlibris.ee\/en\/wp-json\/wp\/v2\/product_brand?post=109571"},{"taxonomy":"product_cat","embeddable":true,"href":"https:\/\/exlibris.ee\/en\/wp-json\/wp\/v2\/product_cat?post=109571"},{"taxonomy":"product_tag","embeddable":true,"href":"https:\/\/exlibris.ee\/en\/wp-json\/wp\/v2\/product_tag?post=109571"},{"taxonomy":"series","embeddable":true,"href":"https:\/\/exlibris.ee\/en\/wp-json\/wp\/v2\/series?post=109571"},{"taxonomy":"publisher","embeddable":true,"href":"https:\/\/exlibris.ee\/en\/wp-json\/wp\/v2\/publisher?post=109571"}],"curies":[{"name":"wp","href":"https:\/\/api.w.org\/{rel}","templated":true}]}}