{"id":109573,"date":"2024-02-08T06:44:22","date_gmt":"2024-02-08T04:44:22","guid":{"rendered":"https:\/\/exlibris.ee\/toode\/grammatikland-a1-testbuch\/"},"modified":"2026-04-10T03:31:43","modified_gmt":"2026-04-10T00:31:43","slug":"grammatikland-a1-testbuch","status":"publish","type":"product","link":"https:\/\/exlibris.ee\/en\/product\/grammatikland-a1-testbuch\/","title":{"rendered":"Grammatikland A1 \/ Testbuch"},"content":{"rendered":"<p>Kann parallel zu jedem Kinder- und Jugendlichenlehrwerk A1 eingesetzt werden. \u2022 systematische und kleinschrittige Darstellung der grammatischen Strukturen mit einfachen Visualisierungshilfen. \u2022 sparsamer Umgang mit Terminologie. \u2022 einfacher Wortschatz. \u2022 zahlreiche bunte Zeichnungen und fantasievolle \u00dcbungen mit langsam steigendem Schwierigkeitsgrad. \u2022 alltagsorientierte Themen und eine lustige Gestaltung, die das spontane Interesse junger Sch\u00fcler:innen wecken. \u2022 Lieder, Spiele und m\u00fcndliche Grammatik\u00fcbungen mit akustischem Stimulus f\u00fcr jeden Lernertyp<\/p>\n","protected":false},"excerpt":{"rendered":"<p>Kann parallel zu jedem Kinder- und Jugendlichenlehrwerk A1 eingesetzt werden. \u2022 systematische und kleinschrittige Darstellung der grammatischen Strukturen mit einfachen Visualisierungshilfen. \u2022 sparsamer Umgang mit Terminologie. \u2022 einfacher Wortschatz. \u2022 zahlreiche bunte Zeichnungen und fantasievolle \u00dcbungen mit langsam steigendem Schwierigkeitsgrad&#8230;.<\/p>\n","protected":false},"featured_media":109526,"template":"","meta":{"_acf_changed":false,"inline_featured_image":false},"product_brand":[],"product_cat":[480],"product_tag":[],"series":[{"id":2131,"name":"Grammatikland","slug":"grammatikland"}],"publisher":[{"id":1297,"name":"Karabatos Verlag","slug":"karabatos-verlag"}],"class_list":{"0":"post-109573","1":"product","2":"type-product","3":"status-publish","4":"has-post-thumbnail","6":"product_cat-grammatiken","7":"series-grammatikland","8":"publisher-karabatos-verlag","10":"first","11":"onbackorder","12":"taxable","13":"shipping-taxable","14":"purchasable","15":"product-type-simple"},"acf":[],"_links":{"self":[{"href":"https:\/\/exlibris.ee\/en\/wp-json\/wp\/v2\/product\/109573","targetHints":{"allow":["GET"]}}],"collection":[{"href":"https:\/\/exlibris.ee\/en\/wp-json\/wp\/v2\/product"}],"about":[{"href":"https:\/\/exlibris.ee\/en\/wp-json\/wp\/v2\/types\/product"}],"wp:featuredmedia":[{"embeddable":true,"href":"https:\/\/exlibris.ee\/en\/wp-json\/wp\/v2\/media\/109526"}],"wp:attachment":[{"href":"https:\/\/exlibris.ee\/en\/wp-json\/wp\/v2\/media?parent=109573"}],"wp:term":[{"taxonomy":"product_brand","embeddable":true,"href":"https:\/\/exlibris.ee\/en\/wp-json\/wp\/v2\/product_brand?post=109573"},{"taxonomy":"product_cat","embeddable":true,"href":"https:\/\/exlibris.ee\/en\/wp-json\/wp\/v2\/product_cat?post=109573"},{"taxonomy":"product_tag","embeddable":true,"href":"https:\/\/exlibris.ee\/en\/wp-json\/wp\/v2\/product_tag?post=109573"},{"taxonomy":"series","embeddable":true,"href":"https:\/\/exlibris.ee\/en\/wp-json\/wp\/v2\/series?post=109573"},{"taxonomy":"publisher","embeddable":true,"href":"https:\/\/exlibris.ee\/en\/wp-json\/wp\/v2\/publisher?post=109573"}],"curies":[{"name":"wp","href":"https:\/\/api.w.org\/{rel}","templated":true}]}}