{"id":109579,"date":"2024-02-08T06:44:23","date_gmt":"2024-02-08T04:44:23","guid":{"rendered":"https:\/\/exlibris.ee\/toode\/bakabu-und-das-sterne-laternenfest-kinderbuch\/"},"modified":"2026-04-18T15:46:44","modified_gmt":"2026-04-18T12:46:44","slug":"bakabu-und-das-sterne-laternenfest-kinderbuch","status":"publish","type":"product","link":"https:\/\/exlibris.ee\/en\/product\/bakabu-und-das-sterne-laternenfest-kinderbuch\/","title":{"rendered":"Bakabu und das Sterne-Laternenfest \/ Kinderbuch"},"content":{"rendered":"<p>Eine Bakabu-Geschichte \u00fcber neue Freunde &amp; Hilfsbereitschaft f\u00fcr Kinder ab 3 Jahren. Die Gruppe rund um den musikalischen Ohrwurm Bakabu sieht gemeinsam dem Zug der G\u00e4nse zu, als sie ein Krachen im nahegelegenen Wald h\u00f6ren. Schnell stellt sich heraus, dass der Flug f\u00fcr eine junge Gans namens Martina zu Ende ist. Nat\u00fcrlich helfen ihr Bakabu und seine Freunde! Zusammen finden sie einen Weg, um Martina doch noch rechtzeitig zum j\u00e4hrlichen Sterne-Fest in den S\u00fcden zu bringen.. Zu einem Sterne-Laternenfest geh\u00f6rt nicht nur das richtige Lied (\u201eSchau, meine Laterne\u201c, erh\u00e4ltlich \u00fcber den QR-Code im Bilderbuch), sondern auch die passende Laterne. Bakabu und seine Freunde basteln und teilen dabei selbstverst\u00e4ndlich ihren Mantel als Bastelmaterial mit den G\u00e4nsen.. Die Geschichten \u00fcber den Ohrwurm und seine Freunde machen nicht nur Spa\u00df, sie unterst\u00fctzen Kinder auch dabei, ihre Sprachkompetenzen zu erweitern. Die Bakabu-Lieder wurden speziell zur Sprachf\u00f6rderung in Kita, Kindergarten, Grundschule und nat\u00fcrlich zu Hause entwickelt.. Auch als H\u00f6rbuch erh\u00e4ltlich, gesprochen von Christian Tramitz<\/p>\n","protected":false},"excerpt":{"rendered":"<p>Eine Bakabu-Geschichte \u00fcber neue Freunde &amp; Hilfsbereitschaft f\u00fcr Kinder ab 3 Jahren. Die Gruppe rund um den musikalischen Ohrwurm Bakabu sieht gemeinsam dem Zug der G\u00e4nse zu, als sie ein Krachen im nahegelegenen Wald h\u00f6ren. Schnell stellt sich heraus, dass&#8230;<\/p>\n","protected":false},"featured_media":338406,"template":"","meta":{"_acf_changed":false,"inline_featured_image":false},"product_brand":[],"product_cat":[851],"product_tag":[],"series":[{"id":2132,"name":"Bakabu","slug":"bakabu"}],"publisher":[{"id":1351,"name":"Vermes-Verlag","slug":"vermes-verlag"}],"class_list":{"0":"post-109579","1":"product","2":"type-product","3":"status-publish","4":"has-post-thumbnail","6":"product_cat-lesetexte-deutsch","7":"series-bakabu","8":"publisher-vermes-verlag","10":"first","11":"onbackorder","12":"taxable","13":"shipping-taxable","14":"purchasable","15":"product-type-simple"},"acf":[],"_links":{"self":[{"href":"https:\/\/exlibris.ee\/en\/wp-json\/wp\/v2\/product\/109579","targetHints":{"allow":["GET"]}}],"collection":[{"href":"https:\/\/exlibris.ee\/en\/wp-json\/wp\/v2\/product"}],"about":[{"href":"https:\/\/exlibris.ee\/en\/wp-json\/wp\/v2\/types\/product"}],"wp:featuredmedia":[{"embeddable":true,"href":"https:\/\/exlibris.ee\/en\/wp-json\/wp\/v2\/media\/338406"}],"wp:attachment":[{"href":"https:\/\/exlibris.ee\/en\/wp-json\/wp\/v2\/media?parent=109579"}],"wp:term":[{"taxonomy":"product_brand","embeddable":true,"href":"https:\/\/exlibris.ee\/en\/wp-json\/wp\/v2\/product_brand?post=109579"},{"taxonomy":"product_cat","embeddable":true,"href":"https:\/\/exlibris.ee\/en\/wp-json\/wp\/v2\/product_cat?post=109579"},{"taxonomy":"product_tag","embeddable":true,"href":"https:\/\/exlibris.ee\/en\/wp-json\/wp\/v2\/product_tag?post=109579"},{"taxonomy":"series","embeddable":true,"href":"https:\/\/exlibris.ee\/en\/wp-json\/wp\/v2\/series?post=109579"},{"taxonomy":"publisher","embeddable":true,"href":"https:\/\/exlibris.ee\/en\/wp-json\/wp\/v2\/publisher?post=109579"}],"curies":[{"name":"wp","href":"https:\/\/api.w.org\/{rel}","templated":true}]}}