{"id":109671,"date":"2024-02-08T06:46:35","date_gmt":"2024-02-08T04:46:35","guid":{"rendered":"https:\/\/exlibris.ee\/toode\/landeskunde-deutschland-digital-aktualisierte-fassung-2024-pdf-download\/"},"modified":"2026-04-05T15:36:06","modified_gmt":"2026-04-05T12:36:06","slug":"landeskunde-deutschland-digital-aktualisierte-fassung-2024-pdf-download","status":"publish","type":"product","link":"https:\/\/exlibris.ee\/en\/product\/landeskunde-deutschland-digital-aktualisierte-fassung-2024-pdf-download\/","title":{"rendered":"Landeskunde Deutschland digital &#8211; Aktualisierte Fassung 2024 \/ PDF-Download"},"content":{"rendered":"<p>Level: B2 to C2. Die Landeskunde Deutschland vermittelt eine Auswahl von Informationen f\u00fcr Lehrende und Lernende im In- und Ausland. Einfaches aktuelles Faktenwissen mit zahlreichen aktuellen Fotos ist kombiniert mit Hintergrundinformationen, die bis zu komplexen Themen auf Europa-Ebene, kontroversen Themen und dar\u00fcber hinaus reichen.. Geeignet f\u00fcr fortgeschrittene Deutschlernende ab Niveau B2.. Themenauswahl: Zuwanderung, Rassismus im Alltag, Rechtsextremismus, b\u00fcrgerliches Engagement, Wohnungsmarkt, Kindergrundsicherung, die Tafeln, repr\u00e4sentative Demokratie, Krise Europas, Schule und Hochschule, das duale System, Dichtung, Musik, Theater und Film, Homeoffice, Zeitarbeit, Mindestlohn, Energiewende, alternative Energien, neue Technologien \u2013 chronologischer historischer R\u00fcckblick. Erh\u00e4ltlich als digitale Gesamtausgabe und in 6 Einzelkapiteln.<\/p>\n","protected":false},"excerpt":{"rendered":"<p>Level: B2 to C2. Die Landeskunde Deutschland vermittelt eine Auswahl von Informationen f\u00fcr Lehrende und Lernende im In- und Ausland. Einfaches aktuelles Faktenwissen mit zahlreichen aktuellen Fotos ist kombiniert mit Hintergrundinformationen, die bis zu komplexen Themen auf Europa-Ebene, kontroversen Themen&#8230;<\/p>\n","protected":false},"featured_media":109584,"template":"","meta":{"_acf_changed":false,"inline_featured_image":false},"product_brand":[],"product_cat":[490],"product_tag":[],"series":[{"id":1338,"name":"Landeskunde Deutschland","slug":"landeskunde-deutschland"}],"publisher":[{"id":1315,"name":"Verlag f\u00fcr Deutsch","slug":"verlag-fur-deutsch"}],"class_list":{"0":"post-109671","1":"product","2":"type-product","3":"status-publish","4":"has-post-thumbnail","6":"product_cat-landeskunde","7":"series-landeskunde-deutschland","8":"publisher-verlag-fur-deutsch","10":"first","11":"onbackorder","12":"taxable","13":"shipping-taxable","14":"purchasable","15":"product-type-simple"},"acf":[],"_links":{"self":[{"href":"https:\/\/exlibris.ee\/en\/wp-json\/wp\/v2\/product\/109671","targetHints":{"allow":["GET"]}}],"collection":[{"href":"https:\/\/exlibris.ee\/en\/wp-json\/wp\/v2\/product"}],"about":[{"href":"https:\/\/exlibris.ee\/en\/wp-json\/wp\/v2\/types\/product"}],"wp:featuredmedia":[{"embeddable":true,"href":"https:\/\/exlibris.ee\/en\/wp-json\/wp\/v2\/media\/109584"}],"wp:attachment":[{"href":"https:\/\/exlibris.ee\/en\/wp-json\/wp\/v2\/media?parent=109671"}],"wp:term":[{"taxonomy":"product_brand","embeddable":true,"href":"https:\/\/exlibris.ee\/en\/wp-json\/wp\/v2\/product_brand?post=109671"},{"taxonomy":"product_cat","embeddable":true,"href":"https:\/\/exlibris.ee\/en\/wp-json\/wp\/v2\/product_cat?post=109671"},{"taxonomy":"product_tag","embeddable":true,"href":"https:\/\/exlibris.ee\/en\/wp-json\/wp\/v2\/product_tag?post=109671"},{"taxonomy":"series","embeddable":true,"href":"https:\/\/exlibris.ee\/en\/wp-json\/wp\/v2\/series?post=109671"},{"taxonomy":"publisher","embeddable":true,"href":"https:\/\/exlibris.ee\/en\/wp-json\/wp\/v2\/publisher?post=109671"}],"curies":[{"name":"wp","href":"https:\/\/api.w.org\/{rel}","templated":true}]}}