{"id":109675,"date":"2024-02-08T06:46:36","date_gmt":"2024-02-08T04:46:36","guid":{"rendered":"https:\/\/exlibris.ee\/toode\/projekt-c1-neu-10-modelltests-zur-vorbereitung-auf-das-goethe-zertifikat-c1-lehrerbuch-mit-audios-online\/"},"modified":"2026-04-24T01:57:45","modified_gmt":"2026-04-23T22:57:45","slug":"projekt-c1-neu-10-modelltests-zur-vorbereitung-auf-das-goethe-zertifikat-c1-lehrerbuch-mit-audios-online","status":"publish","type":"product","link":"https:\/\/exlibris.ee\/en\/product\/projekt-c1-neu-10-modelltests-zur-vorbereitung-auf-das-goethe-zertifikat-c1-lehrerbuch-mit-audios-online\/","title":{"rendered":"Projekt C1 neu \/ 10 Modelltests zur Vorbereitung auf das Goethe-Zertifikat C1 \/ Lehrerbuch mit Audios online"},"content":{"rendered":"<p>Projekt C1 neu ist ein Trainingsprogramm f\u00fcr Lernende, die sich auf das neue modulare Goethe-Zertifikat C1 vorbereiten wollen. Texte und Aufgaben weisen eine ansteigende Progression auf und k\u00f6nnen jedes C1-Lehrwerk begleiten.. Das Lehrerbuch umfasst das komplette Testbuch mit eingetragenen L\u00f6sungen und zus\u00e4tzlich:. &#8211; einen Info-Teil \u00fcber das Goethe-Zertifikat C1. &#8211; einen Wertungstest zu allen Pr\u00fcfungsteilen als Kopiervorlage. &#8211; Bewertungskriterien. &#8211; Mustertexte zu allen Themen des Schriftlichen Ausdrucks im Buch als Kopiervorlagen. &#8211; Musterkorrekturen und \u2013bewertungen von Texten zum Schriftlichen Ausdruck. &#8211; Transkription der H\u00f6rtexte. &#8211; Antwortb\u00f6gen als Kopiervorlage. &#8211; Markierung der relevanten Textpassagen und kommentierte L\u00f6sungen. Alle Audio-Dateien stehen als kostenloser MP3-Download zur Verf\u00fcgung.<\/p>\n","protected":false},"excerpt":{"rendered":"<p>Projekt C1 neu ist ein Trainingsprogramm f\u00fcr Lernende, die sich auf das neue modulare Goethe-Zertifikat C1 vorbereiten wollen. Texte und Aufgaben weisen eine ansteigende Progression auf und k\u00f6nnen jedes C1-Lehrwerk begleiten.. Das Lehrerbuch umfasst das komplette Testbuch mit eingetragenen L\u00f6sungen&#8230;<\/p>\n","protected":false},"featured_media":440498,"template":"","meta":{"_acf_changed":false,"inline_featured_image":false},"product_brand":[],"product_cat":[507],"product_tag":[],"series":[{"id":2134,"name":"Projekt C1 neu","slug":"projekt-c1-neu"}],"publisher":[{"id":1297,"name":"Karabatos Verlag","slug":"karabatos-verlag"}],"class_list":{"0":"post-109675","1":"product","2":"type-product","3":"status-publish","4":"has-post-thumbnail","6":"product_cat-prufungsvorbereitung","7":"series-projekt-c1-neu","8":"publisher-karabatos-verlag","10":"first","11":"onbackorder","12":"taxable","13":"shipping-taxable","14":"purchasable","15":"product-type-simple"},"acf":[],"_links":{"self":[{"href":"https:\/\/exlibris.ee\/en\/wp-json\/wp\/v2\/product\/109675","targetHints":{"allow":["GET"]}}],"collection":[{"href":"https:\/\/exlibris.ee\/en\/wp-json\/wp\/v2\/product"}],"about":[{"href":"https:\/\/exlibris.ee\/en\/wp-json\/wp\/v2\/types\/product"}],"wp:featuredmedia":[{"embeddable":true,"href":"https:\/\/exlibris.ee\/en\/wp-json\/wp\/v2\/media\/440498"}],"wp:attachment":[{"href":"https:\/\/exlibris.ee\/en\/wp-json\/wp\/v2\/media?parent=109675"}],"wp:term":[{"taxonomy":"product_brand","embeddable":true,"href":"https:\/\/exlibris.ee\/en\/wp-json\/wp\/v2\/product_brand?post=109675"},{"taxonomy":"product_cat","embeddable":true,"href":"https:\/\/exlibris.ee\/en\/wp-json\/wp\/v2\/product_cat?post=109675"},{"taxonomy":"product_tag","embeddable":true,"href":"https:\/\/exlibris.ee\/en\/wp-json\/wp\/v2\/product_tag?post=109675"},{"taxonomy":"series","embeddable":true,"href":"https:\/\/exlibris.ee\/en\/wp-json\/wp\/v2\/series?post=109675"},{"taxonomy":"publisher","embeddable":true,"href":"https:\/\/exlibris.ee\/en\/wp-json\/wp\/v2\/publisher?post=109675"}],"curies":[{"name":"wp","href":"https:\/\/api.w.org\/{rel}","templated":true}]}}