{"id":109676,"date":"2024-02-08T06:46:36","date_gmt":"2024-02-08T04:46:36","guid":{"rendered":"https:\/\/exlibris.ee\/toode\/bakabu-und-die-kranke-glockenblume-kinderbuch\/"},"modified":"2026-04-18T15:46:46","modified_gmt":"2026-04-18T12:46:46","slug":"bakabu-und-die-kranke-glockenblume-kinderbuch","status":"publish","type":"product","link":"https:\/\/exlibris.ee\/en\/product\/bakabu-und-die-kranke-glockenblume-kinderbuch\/","title":{"rendered":"Bakabu und die kranke Glockenblume \/ Kinderbuch"},"content":{"rendered":"<p>Eine Bakabu-Geschichte f\u00fcr Kinder ab 3 Jahren. Im Singeland wohnt ein Ohrwurm namens Bakabu. Eines Morgens l\u00e4sst die Glockenblume in seinem Garten die Bl\u00e4tter h\u00e4ngen und wirkt ganz betr\u00fcbt. Bakabu ist entsetzt! Schnell holt er seine Freunde zu Hilfe und versucht herauszufinden, was seiner kranken Blume fehlt. Hat sie Sonnenbrand, Heimweh oder Husten? Alle m\u00f6glichen Diagnosen werden gestellt. Erst Onkel Kornett, die alte Ohrmuschel, hat die z\u00fcndende Idee&#8230;. Singen ist gesund! Die Glockenblume von Bakabu ist das beste Beispiel daf\u00fcr, wie Musik und Gesundheit zusammenh\u00e4ngen. Die Geschichte ist auch ein idealer Einstieg f\u00fcr Gespr\u00e4che \u00fcber Empathie und Zusammenhalt unter Freunden.. + QR-Code f\u00fcr das Kinderlied \u201eBeste Freunde\u201c. Bakabus Geschichten und Lieder machen nicht nur Spa\u00df \u2013 sie helfen Kindern, sich grundlegende Sprachkompetenzen anzueignen. Die Bakabu-Methode wurde speziell von Expert:innen aus Sprachwissenschaft und P\u00e4dagogik f\u00fcr die Sprachf\u00f6rderung ab 3 Jahren entwickelt.<\/p>\n","protected":false},"excerpt":{"rendered":"<p>Eine Bakabu-Geschichte f\u00fcr Kinder ab 3 Jahren. Im Singeland wohnt ein Ohrwurm namens Bakabu. Eines Morgens l\u00e4sst die Glockenblume in seinem Garten die Bl\u00e4tter h\u00e4ngen und wirkt ganz betr\u00fcbt. Bakabu ist entsetzt! Schnell holt er seine Freunde zu Hilfe und&#8230;<\/p>\n","protected":false},"featured_media":338418,"template":"","meta":{"_acf_changed":false,"inline_featured_image":false},"product_brand":[],"product_cat":[851],"product_tag":[],"series":[{"id":2132,"name":"Bakabu","slug":"bakabu"}],"publisher":[{"id":1351,"name":"Vermes-Verlag","slug":"vermes-verlag"}],"class_list":{"0":"post-109676","1":"product","2":"type-product","3":"status-publish","4":"has-post-thumbnail","6":"product_cat-lesetexte-deutsch","7":"series-bakabu","8":"publisher-vermes-verlag","10":"first","11":"onbackorder","12":"taxable","13":"shipping-taxable","14":"purchasable","15":"product-type-simple"},"acf":[],"_links":{"self":[{"href":"https:\/\/exlibris.ee\/en\/wp-json\/wp\/v2\/product\/109676","targetHints":{"allow":["GET"]}}],"collection":[{"href":"https:\/\/exlibris.ee\/en\/wp-json\/wp\/v2\/product"}],"about":[{"href":"https:\/\/exlibris.ee\/en\/wp-json\/wp\/v2\/types\/product"}],"wp:featuredmedia":[{"embeddable":true,"href":"https:\/\/exlibris.ee\/en\/wp-json\/wp\/v2\/media\/338418"}],"wp:attachment":[{"href":"https:\/\/exlibris.ee\/en\/wp-json\/wp\/v2\/media?parent=109676"}],"wp:term":[{"taxonomy":"product_brand","embeddable":true,"href":"https:\/\/exlibris.ee\/en\/wp-json\/wp\/v2\/product_brand?post=109676"},{"taxonomy":"product_cat","embeddable":true,"href":"https:\/\/exlibris.ee\/en\/wp-json\/wp\/v2\/product_cat?post=109676"},{"taxonomy":"product_tag","embeddable":true,"href":"https:\/\/exlibris.ee\/en\/wp-json\/wp\/v2\/product_tag?post=109676"},{"taxonomy":"series","embeddable":true,"href":"https:\/\/exlibris.ee\/en\/wp-json\/wp\/v2\/series?post=109676"},{"taxonomy":"publisher","embeddable":true,"href":"https:\/\/exlibris.ee\/en\/wp-json\/wp\/v2\/publisher?post=109676"}],"curies":[{"name":"wp","href":"https:\/\/api.w.org\/{rel}","templated":true}]}}