{"id":109691,"date":"2024-02-08T06:46:40","date_gmt":"2024-02-08T04:46:40","guid":{"rendered":"https:\/\/exlibris.ee\/toode\/bakabu-und-die-weihnachtsglocke-audio-cd\/"},"modified":"2026-04-18T15:46:49","modified_gmt":"2026-04-18T12:46:49","slug":"bakabu-und-die-weihnachtsglocke-audio-cd","status":"publish","type":"product","link":"https:\/\/exlibris.ee\/en\/product\/bakabu-und-die-weihnachtsglocke-audio-cd\/","title":{"rendered":"Bakabu und die Weihnachtsglocke \/ Audio-CD"},"content":{"rendered":"<p>Eine Bakabu-Geschichte f\u00fcr Kinder ab 3 Jahren zum H\u00f6ren. Geb\u00e4ck, Punsch und ein sch\u00f6ner Weihnachtsbaum: Bakabu will Weihnachten feiern. Bakabu ist ein sehr musikalischer Ohrwurm. Er lebt in einem kleinen H\u00e4uschen im Dorf Hornhausen im Singeland. Im Moment ist dort alles mit einer dicken Schneedecke \u00fcberzogen: Es ist Weihnachtsabend! Bakabu m\u00f6chte seine Freunde einladen, doch vorher muss er noch den Baum schm\u00fccken, Weihnachtspl\u00e4tzchen backen und Geschenke einpacken.. Kaum will der kleine Ohrwurm anfangen, l\u00e4utet es an der T\u00fcr! Vor dem Haus steht aber niemand \u2013 also macht Bakabu sich auf die Suche nach seinen Freunden und dem mysteri\u00f6sen Klingeln&#8230;. Das H\u00f6rbuch wird gelesen von Christian Tramitz.<\/p>\n","protected":false},"excerpt":{"rendered":"<p>Eine Bakabu-Geschichte f\u00fcr Kinder ab 3 Jahren zum H\u00f6ren. Geb\u00e4ck, Punsch und ein sch\u00f6ner Weihnachtsbaum: Bakabu will Weihnachten feiern. Bakabu ist ein sehr musikalischer Ohrwurm. Er lebt in einem kleinen H\u00e4uschen im Dorf Hornhausen im Singeland. Im Moment ist dort&#8230;<\/p>\n","protected":false},"featured_media":338445,"template":"","meta":{"_acf_changed":false,"inline_featured_image":false},"product_brand":[],"product_cat":[851],"product_tag":[],"series":[{"id":2132,"name":"Bakabu","slug":"bakabu"}],"publisher":[{"id":1351,"name":"Vermes-Verlag","slug":"vermes-verlag"}],"class_list":{"0":"post-109691","1":"product","2":"type-product","3":"status-publish","4":"has-post-thumbnail","6":"product_cat-lesetexte-deutsch","7":"series-bakabu","8":"publisher-vermes-verlag","10":"first","11":"onbackorder","12":"taxable","13":"shipping-taxable","14":"purchasable","15":"product-type-simple"},"acf":[],"_links":{"self":[{"href":"https:\/\/exlibris.ee\/en\/wp-json\/wp\/v2\/product\/109691","targetHints":{"allow":["GET"]}}],"collection":[{"href":"https:\/\/exlibris.ee\/en\/wp-json\/wp\/v2\/product"}],"about":[{"href":"https:\/\/exlibris.ee\/en\/wp-json\/wp\/v2\/types\/product"}],"wp:featuredmedia":[{"embeddable":true,"href":"https:\/\/exlibris.ee\/en\/wp-json\/wp\/v2\/media\/338445"}],"wp:attachment":[{"href":"https:\/\/exlibris.ee\/en\/wp-json\/wp\/v2\/media?parent=109691"}],"wp:term":[{"taxonomy":"product_brand","embeddable":true,"href":"https:\/\/exlibris.ee\/en\/wp-json\/wp\/v2\/product_brand?post=109691"},{"taxonomy":"product_cat","embeddable":true,"href":"https:\/\/exlibris.ee\/en\/wp-json\/wp\/v2\/product_cat?post=109691"},{"taxonomy":"product_tag","embeddable":true,"href":"https:\/\/exlibris.ee\/en\/wp-json\/wp\/v2\/product_tag?post=109691"},{"taxonomy":"series","embeddable":true,"href":"https:\/\/exlibris.ee\/en\/wp-json\/wp\/v2\/series?post=109691"},{"taxonomy":"publisher","embeddable":true,"href":"https:\/\/exlibris.ee\/en\/wp-json\/wp\/v2\/publisher?post=109691"}],"curies":[{"name":"wp","href":"https:\/\/api.w.org\/{rel}","templated":true}]}}