{"id":109702,"date":"2024-02-08T06:46:43","date_gmt":"2024-02-08T04:46:43","guid":{"rendered":"https:\/\/exlibris.ee\/toode\/bakabu-und-heckmeck-der-umweltschreck-kinderbuch\/"},"modified":"2026-04-18T15:46:52","modified_gmt":"2026-04-18T12:46:52","slug":"bakabu-und-heckmeck-der-umweltschreck-kinderbuch","status":"publish","type":"product","link":"https:\/\/exlibris.ee\/en\/product\/bakabu-und-heckmeck-der-umweltschreck-kinderbuch\/","title":{"rendered":"Bakabu und Heckmeck, der Umweltschreck \/ Kinderbuch"},"content":{"rendered":"<p>Eine Bakabu-Geschichte zum Thema Umwelt f\u00fcr Kinder ab 3 Jahren. Meeresschildkr\u00f6te Mandola bittet Bakabu, Charlie Gru und Mimi Lou um Hilfe. Der Stille Ozean, ihre Heimat, wird immer schmutziger. Und sie kennt auch den Grund: Heckmeck, der Umweltschreck, treibt sein Unwesen im Singeland.. Sofort machen sich die Freunde aus Hornhausen auf den Weg. Dabei entdecken Sie, dass Heckmeck auch schon im Tambur-Wald und auf der Pfeifenblumen-Insel gro\u00dfen Schaden angerichtet hat. Viele Bewohnerinnen haben ihre Heimat verlassen. Und es wird immer hei\u00dfer und hei\u00dfer.. Eine schwierige Aufgabe f\u00fcr den kleinen Ohrwurm. Aber mit den richtigen Liedern wird es gelingen, dem Umwelt-Spuk ein Ende zu bereiten \u2026. + 10 neue Bakabu-Songs und Videos mit wichtigen Infos und n\u00fctzlichen Tipps zu den Themen M\u00fclltrennung\/-vermeidung, Wasser, Wald, Klima und Biodiversit\u00e4t.. Bakabus Geschichten und Lieder machen nicht nur Spa\u00df \u2013 sie helfen Kindern, sich grundlegende Sprachkompetenzen anzueignen. Die Bakabu-Methode wurde speziell von Expert:innen aus Sprachwissenschaft und P\u00e4dagogik f\u00fcr die Sprachf\u00f6rderung ab 3 Jahren entwickelt.<\/p>\n","protected":false},"excerpt":{"rendered":"<p>Eine Bakabu-Geschichte zum Thema Umwelt f\u00fcr Kinder ab 3 Jahren. Meeresschildkr\u00f6te Mandola bittet Bakabu, Charlie Gru und Mimi Lou um Hilfe. Der Stille Ozean, ihre Heimat, wird immer schmutziger. Und sie kennt auch den Grund: Heckmeck, der Umweltschreck, treibt sein&#8230;<\/p>\n","protected":false},"featured_media":338463,"template":"","meta":{"_acf_changed":false,"inline_featured_image":false},"product_brand":[],"product_cat":[851],"product_tag":[],"series":[{"id":2132,"name":"Bakabu","slug":"bakabu"}],"publisher":[{"id":1351,"name":"Vermes-Verlag","slug":"vermes-verlag"}],"class_list":{"0":"post-109702","1":"product","2":"type-product","3":"status-publish","4":"has-post-thumbnail","6":"product_cat-lesetexte-deutsch","7":"series-bakabu","8":"publisher-vermes-verlag","10":"first","11":"onbackorder","12":"taxable","13":"shipping-taxable","14":"purchasable","15":"product-type-simple"},"acf":[],"_links":{"self":[{"href":"https:\/\/exlibris.ee\/en\/wp-json\/wp\/v2\/product\/109702","targetHints":{"allow":["GET"]}}],"collection":[{"href":"https:\/\/exlibris.ee\/en\/wp-json\/wp\/v2\/product"}],"about":[{"href":"https:\/\/exlibris.ee\/en\/wp-json\/wp\/v2\/types\/product"}],"wp:featuredmedia":[{"embeddable":true,"href":"https:\/\/exlibris.ee\/en\/wp-json\/wp\/v2\/media\/338463"}],"wp:attachment":[{"href":"https:\/\/exlibris.ee\/en\/wp-json\/wp\/v2\/media?parent=109702"}],"wp:term":[{"taxonomy":"product_brand","embeddable":true,"href":"https:\/\/exlibris.ee\/en\/wp-json\/wp\/v2\/product_brand?post=109702"},{"taxonomy":"product_cat","embeddable":true,"href":"https:\/\/exlibris.ee\/en\/wp-json\/wp\/v2\/product_cat?post=109702"},{"taxonomy":"product_tag","embeddable":true,"href":"https:\/\/exlibris.ee\/en\/wp-json\/wp\/v2\/product_tag?post=109702"},{"taxonomy":"series","embeddable":true,"href":"https:\/\/exlibris.ee\/en\/wp-json\/wp\/v2\/series?post=109702"},{"taxonomy":"publisher","embeddable":true,"href":"https:\/\/exlibris.ee\/en\/wp-json\/wp\/v2\/publisher?post=109702"}],"curies":[{"name":"wp","href":"https:\/\/api.w.org\/{rel}","templated":true}]}}