{"id":109703,"date":"2024-02-08T06:46:43","date_gmt":"2024-02-08T04:46:43","guid":{"rendered":"https:\/\/exlibris.ee\/toode\/schritte-plus-neu-34-intensivtrainer-mit-audios-online\/"},"modified":"2026-04-04T03:24:04","modified_gmt":"2026-04-04T00:24:04","slug":"schritte-plus-neu-34-intensivtrainer-mit-audios-online","status":"publish","type":"product","link":"https:\/\/exlibris.ee\/en\/product\/schritte-plus-neu-34-intensivtrainer-mit-audios-online\/","title":{"rendered":"Schritte plus Neu 3+4 \/ Intensivtrainer mit Audios online"},"content":{"rendered":"<p>Level: leads to A2. &#8211; Testheft und \u00dcbungsbuch in einem. &#8211; ideal f\u00fcr das selbstst\u00e4ndige Lernen zu Hause. &#8211; Grammatik-, Wortschatz-, H\u00f6r-, Lese-, Sprech- und Schreib\u00fcbungen zu jeder Lektion. &#8211; Punktesystem zur Selbstevaluation. &#8211; \u00dcbungen thematisch an die betreffende Schritte-Lektion angebunden. &#8211; Lerntipps mit Hinweisen auf verschiedene Lerntechniken. &#8211; Audiodateien als kostenfreier Download im Lehrwerkservice<\/p>\n","protected":false},"excerpt":{"rendered":"<p>Level: leads to A2. &#8211; Testheft und \u00dcbungsbuch in einem. &#8211; ideal f\u00fcr das selbstst\u00e4ndige Lernen zu Hause. &#8211; Grammatik-, Wortschatz-, H\u00f6r-, Lese-, Sprech- und Schreib\u00fcbungen zu jeder Lektion. &#8211; Punktesystem zur Selbstevaluation. &#8211; \u00dcbungen thematisch an die betreffende Schritte-Lektion&#8230;<\/p>\n","protected":false},"featured_media":109647,"template":"","meta":{"_acf_changed":false,"inline_featured_image":false},"product_brand":[],"product_cat":[1121],"product_tag":[],"series":[{"id":1253,"name":"Schritte plus","slug":"schritte-plus"}],"publisher":[{"id":497,"name":"Hueber Verlag","slug":"hueber-verlag"}],"class_list":{"0":"post-109703","1":"product","2":"type-product","3":"status-publish","4":"has-post-thumbnail","6":"product_cat-lehrwerke-fur-jugendliche-und-erwachsene","7":"series-schritte-plus","8":"publisher-hueber-verlag","10":"first","11":"onbackorder","12":"taxable","13":"shipping-taxable","14":"purchasable","15":"product-type-simple"},"acf":[],"_links":{"self":[{"href":"https:\/\/exlibris.ee\/en\/wp-json\/wp\/v2\/product\/109703","targetHints":{"allow":["GET"]}}],"collection":[{"href":"https:\/\/exlibris.ee\/en\/wp-json\/wp\/v2\/product"}],"about":[{"href":"https:\/\/exlibris.ee\/en\/wp-json\/wp\/v2\/types\/product"}],"wp:featuredmedia":[{"embeddable":true,"href":"https:\/\/exlibris.ee\/en\/wp-json\/wp\/v2\/media\/109647"}],"wp:attachment":[{"href":"https:\/\/exlibris.ee\/en\/wp-json\/wp\/v2\/media?parent=109703"}],"wp:term":[{"taxonomy":"product_brand","embeddable":true,"href":"https:\/\/exlibris.ee\/en\/wp-json\/wp\/v2\/product_brand?post=109703"},{"taxonomy":"product_cat","embeddable":true,"href":"https:\/\/exlibris.ee\/en\/wp-json\/wp\/v2\/product_cat?post=109703"},{"taxonomy":"product_tag","embeddable":true,"href":"https:\/\/exlibris.ee\/en\/wp-json\/wp\/v2\/product_tag?post=109703"},{"taxonomy":"series","embeddable":true,"href":"https:\/\/exlibris.ee\/en\/wp-json\/wp\/v2\/series?post=109703"},{"taxonomy":"publisher","embeddable":true,"href":"https:\/\/exlibris.ee\/en\/wp-json\/wp\/v2\/publisher?post=109703"}],"curies":[{"name":"wp","href":"https:\/\/api.w.org\/{rel}","templated":true}]}}