{"id":109704,"date":"2024-02-08T06:46:44","date_gmt":"2024-02-08T04:46:44","guid":{"rendered":"https:\/\/exlibris.ee\/toode\/schritte-plus-neu-56-intensivtrainer-mit-audios-online\/"},"modified":"2026-04-09T09:34:56","modified_gmt":"2026-04-09T06:34:56","slug":"schritte-plus-neu-56-intensivtrainer-mit-audios-online","status":"publish","type":"product","link":"https:\/\/exlibris.ee\/en\/product\/schritte-plus-neu-56-intensivtrainer-mit-audios-online\/","title":{"rendered":"Schritte plus Neu 5+6 \/ Intensivtrainer mit Audios online"},"content":{"rendered":"<p>Level: leads to B1. F\u00fcr erwachsene Lernende, die mit Schritte international Neu 5 und 6 Deutsch lernen und zus\u00e4tzliches \u00dcbungsmaterial benutzen m\u00f6chten und sich auf eine Pr\u00fcfung auf Niveaustufe B1 vorbereiten.. Heft mit MP3-Download im Lehrwerkservice. Der Intensivtrainer ist eine Verbindung aus Testheft und \u00dcbungsbuch mit einem durchg\u00e4ngigen einheitlichen Punktesystem und einer Auswertung am Ende jeder Lektion.. Die \u00dcbungen sind thematisch an die betreffende Schritte-Lektion angebunden.. Zu jeder Lektion gibt es auf f\u00fcnf Seiten \u00dcbungen zu den folgenden Rubriken:. 1) \u201eGrammatik\u201c. 2) \u201eWortschatz\u201c mit Tipps zur Wortschatzarbeit und Verweis auf den Lernwortschatz im Internet. 3) \u201eLesen\u201c. 4) \u201eH\u00f6ren\u201c. 5) \u201eSprechen\u201c: Training von Dialogen und Redemitteln. Wo es sich anbietet, mit R\u00fcckgriff auf die Foto-H\u00f6rgeschichte. 6) \u201eSchreiben\u201c inkl. Diktat. 7) Zudem eine vergn\u00fcgliche Rubrik \u201ePause\u201c (Lieder, Comics, R\u00e4tsel,&#8230;).. 8) \u201eLerntipp\u201c mit Hinweisen auf verschiedene Lerntechniken.<\/p>\n","protected":false},"excerpt":{"rendered":"<p>Level: leads to B1. F\u00fcr erwachsene Lernende, die mit Schritte international Neu 5 und 6 Deutsch lernen und zus\u00e4tzliches \u00dcbungsmaterial benutzen m\u00f6chten und sich auf eine Pr\u00fcfung auf Niveaustufe B1 vorbereiten.. Heft mit MP3-Download im Lehrwerkservice. Der Intensivtrainer ist eine&#8230;<\/p>\n","protected":false},"featured_media":109650,"template":"","meta":{"_acf_changed":false,"inline_featured_image":false},"product_brand":[],"product_cat":[1121],"product_tag":[],"series":[{"id":1253,"name":"Schritte plus","slug":"schritte-plus"}],"publisher":[{"id":497,"name":"Hueber Verlag","slug":"hueber-verlag"}],"class_list":{"0":"post-109704","1":"product","2":"type-product","3":"status-publish","4":"has-post-thumbnail","6":"product_cat-lehrwerke-fur-jugendliche-und-erwachsene","7":"series-schritte-plus","8":"publisher-hueber-verlag","10":"first","11":"onbackorder","12":"taxable","13":"shipping-taxable","14":"purchasable","15":"product-type-simple"},"acf":[],"_links":{"self":[{"href":"https:\/\/exlibris.ee\/en\/wp-json\/wp\/v2\/product\/109704","targetHints":{"allow":["GET"]}}],"collection":[{"href":"https:\/\/exlibris.ee\/en\/wp-json\/wp\/v2\/product"}],"about":[{"href":"https:\/\/exlibris.ee\/en\/wp-json\/wp\/v2\/types\/product"}],"wp:featuredmedia":[{"embeddable":true,"href":"https:\/\/exlibris.ee\/en\/wp-json\/wp\/v2\/media\/109650"}],"wp:attachment":[{"href":"https:\/\/exlibris.ee\/en\/wp-json\/wp\/v2\/media?parent=109704"}],"wp:term":[{"taxonomy":"product_brand","embeddable":true,"href":"https:\/\/exlibris.ee\/en\/wp-json\/wp\/v2\/product_brand?post=109704"},{"taxonomy":"product_cat","embeddable":true,"href":"https:\/\/exlibris.ee\/en\/wp-json\/wp\/v2\/product_cat?post=109704"},{"taxonomy":"product_tag","embeddable":true,"href":"https:\/\/exlibris.ee\/en\/wp-json\/wp\/v2\/product_tag?post=109704"},{"taxonomy":"series","embeddable":true,"href":"https:\/\/exlibris.ee\/en\/wp-json\/wp\/v2\/series?post=109704"},{"taxonomy":"publisher","embeddable":true,"href":"https:\/\/exlibris.ee\/en\/wp-json\/wp\/v2\/publisher?post=109704"}],"curies":[{"name":"wp","href":"https:\/\/api.w.org\/{rel}","templated":true}]}}