{"id":109711,"date":"2024-02-08T06:46:45","date_gmt":"2024-02-08T04:46:45","guid":{"rendered":"https:\/\/exlibris.ee\/toode\/beste-freunde-plus-a2-1-kursbuch-plus-interaktive-version\/"},"modified":"2026-04-06T09:15:45","modified_gmt":"2026-04-06T06:15:45","slug":"beste-freunde-plus-a2-1-kursbuch-plus-interaktive-version","status":"publish","type":"product","link":"https:\/\/exlibris.ee\/en\/product\/beste-freunde-plus-a2-1-kursbuch-plus-interaktive-version\/","title":{"rendered":"Beste Freunde PLUS A2.1 \/ Kursbuch plus interaktive Version"},"content":{"rendered":"<p>Beste Freunde PLUS \u2013 das interaktive DaF-Lehrwerk (A1 &#8211; B1) f\u00fcr Deutsch als Fremdsprache. Zielgruppe: Jugendliche ohne Vorkenntnisse. Beste Freunde PLUS A 2.1 Kursbuch \u2013 inklusive Startcode f\u00fcr die interaktive Version. &#8211; basiert auf dem Lehrwerk Beste Freunde. &#8211; neues Layout und inhaltliche Aktualisierung- modularer Aufbau: jedes Modul umfasst drei kurze Lektionen \u00e0 vier Seiten und f\u00fcnf zus\u00e4tzliche Modulseiten &#8211; attraktive Modul-Einstiegsseite: sie stellt jeweils einen der jugendlichen Protagonisten vor und fasst die kommunikativen Lernziele zusammen. &#8211; vielseitig: die Modulseiten am Ende enthalten eine Doppelseite Zwischenstation mit Filmdidaktisierung, landeskundlichem Fokus, R\u00e4tsel und\/oder Projektarbeit, eine Doppelseite mit systematischer \u00dcbersicht \u00fcber die Grammatik mit passgenauen \u00dcbungen sowie eine Redemittel\u00fcbersicht und eine Seite Wiederholungs\u00fcbungen f\u00fcr den Unterricht.<\/p>\n","protected":false},"excerpt":{"rendered":"<p>Beste Freunde PLUS \u2013 das interaktive DaF-Lehrwerk (A1 &#8211; B1) f\u00fcr Deutsch als Fremdsprache. Zielgruppe: Jugendliche ohne Vorkenntnisse. Beste Freunde PLUS A 2.1 Kursbuch \u2013 inklusive Startcode f\u00fcr die interaktive Version. &#8211; basiert auf dem Lehrwerk Beste Freunde. &#8211; neues&#8230;<\/p>\n","protected":false},"featured_media":109662,"template":"","meta":{"_acf_changed":false,"inline_featured_image":false},"product_brand":[],"product_cat":[477],"product_tag":[],"series":[{"id":2044,"name":"Beste Freunde Plus","slug":"beste-freunde-plus"}],"publisher":[{"id":497,"name":"Hueber Verlag","slug":"hueber-verlag"}],"class_list":{"0":"post-109711","1":"product","2":"type-product","3":"status-publish","4":"has-post-thumbnail","6":"product_cat-lehrwerke-fur-jugendliche","7":"series-beste-freunde-plus","8":"publisher-hueber-verlag","10":"first","11":"instock","12":"taxable","13":"shipping-taxable","14":"purchasable","15":"product-type-simple"},"acf":[],"_links":{"self":[{"href":"https:\/\/exlibris.ee\/en\/wp-json\/wp\/v2\/product\/109711","targetHints":{"allow":["GET"]}}],"collection":[{"href":"https:\/\/exlibris.ee\/en\/wp-json\/wp\/v2\/product"}],"about":[{"href":"https:\/\/exlibris.ee\/en\/wp-json\/wp\/v2\/types\/product"}],"wp:featuredmedia":[{"embeddable":true,"href":"https:\/\/exlibris.ee\/en\/wp-json\/wp\/v2\/media\/109662"}],"wp:attachment":[{"href":"https:\/\/exlibris.ee\/en\/wp-json\/wp\/v2\/media?parent=109711"}],"wp:term":[{"taxonomy":"product_brand","embeddable":true,"href":"https:\/\/exlibris.ee\/en\/wp-json\/wp\/v2\/product_brand?post=109711"},{"taxonomy":"product_cat","embeddable":true,"href":"https:\/\/exlibris.ee\/en\/wp-json\/wp\/v2\/product_cat?post=109711"},{"taxonomy":"product_tag","embeddable":true,"href":"https:\/\/exlibris.ee\/en\/wp-json\/wp\/v2\/product_tag?post=109711"},{"taxonomy":"series","embeddable":true,"href":"https:\/\/exlibris.ee\/en\/wp-json\/wp\/v2\/series?post=109711"},{"taxonomy":"publisher","embeddable":true,"href":"https:\/\/exlibris.ee\/en\/wp-json\/wp\/v2\/publisher?post=109711"}],"curies":[{"name":"wp","href":"https:\/\/api.w.org\/{rel}","templated":true}]}}