{"id":109809,"date":"2024-02-08T06:48:55","date_gmt":"2024-02-08T04:48:55","guid":{"rendered":"https:\/\/exlibris.ee\/toode\/beste-freunde-plus-a2-1-arbeitsbuch-plus-interaktive-version\/"},"modified":"2026-04-04T05:13:33","modified_gmt":"2026-04-04T02:13:33","slug":"beste-freunde-plus-a2-1-arbeitsbuch-plus-interaktive-version","status":"publish","type":"product","link":"https:\/\/exlibris.ee\/en\/product\/beste-freunde-plus-a2-1-arbeitsbuch-plus-interaktive-version\/","title":{"rendered":"Beste Freunde PLUS A2.1 \/ Arbeitsbuch plus interaktive Version"},"content":{"rendered":"<p>Beste Freunde PLUS \u2013 das interaktive DaF-Lehrwerk (A1 &#8211; B1) f\u00fcr Deutsch als Fremdsprache. Zielgruppe: Jugendliche ohne Vorkenntnisse. Beste Freunde PLUS A2.1 Arbeitsbuch \u2013 inklusive Startcode f\u00fcr die interaktive Version. &#8211; jede Lektion enth\u00e4lt sieben vierfarbige Seiten. &#8211; zahlreiche \u00dcbungen zu Grammatik, Wortschatz und Redemittel f\u00fcr die Arbeit im Unterricht oder zum selbstst\u00e4ndigen Lernen zu Hause. &#8211; umfangreiches Angebot an selbstentdeckender, kontrastiv angelegter Grammatikarbeit. &#8211; klar ausgewiesenes, kleinschrittiges Schreibtraining. &#8211; ausf\u00fchrliches Phonetiktraining. &#8211; gezieltes Pr\u00fcfungstraining. &#8211; klares wechselseitiges Verweissystem zwischen Kurs- und Arbeitsbuch. &#8211; \u00fcbersichtliche Pr\u00e4sentation des Lernwortschatzes. &#8211; pro Modul zwei Seiten Fertigkeitentraining sowie eine Seite Selbstevaluation (Kann-Beschreibungen des GER). &#8211; ausgewiesene Portfolio-Aufgaben. &#8211; \u00dcbungen zur Binnendifferenzierung. &#8211; Lerntipps. &#8211; Arbeitsbl\u00e4tter f\u00fcr Partneraufgaben des Kursbuchs im Anhang. Die interaktive Version des Arbeitsbuchs Beste Freunde PLUS A2.1 enth\u00e4lt:. &#8211; digitales Arbeitsbuch f\u00fcr Whiteboard, PC\/Mac und Tablet. &#8211; integrierte Audiodateien zum Arbeitsbuch. &#8211; interaktiv umgesetzte \u00dcbungen aus dem Arbeitsbuch. &#8211; Grammatik-Clips und interaktive Zusatz\u00fcbungen zu Aussprache,Wortschatz, Grammatik und Kommunikation. &#8211; integrierte Whiteboard-Werkzeuge zum Markieren, Kommentieren und Pr\u00e4sentieren. &#8211; intuitiv und ohne Einf\u00fchrung sofort einsetzbar. &#8211; Nutzung auf allen Ger\u00e4ten und allen g\u00e4ngigen Browsern. &#8211; offline verf\u00fcgbar \u00fcber die Hueber-interaktiv-App und als Kopie auf USB-Stick<\/p>\n","protected":false},"excerpt":{"rendered":"<p>Beste Freunde PLUS \u2013 das interaktive DaF-Lehrwerk (A1 &#8211; B1) f\u00fcr Deutsch als Fremdsprache. Zielgruppe: Jugendliche ohne Vorkenntnisse. Beste Freunde PLUS A2.1 Arbeitsbuch \u2013 inklusive Startcode f\u00fcr die interaktive Version. &#8211; jede Lektion enth\u00e4lt sieben vierfarbige Seiten. &#8211; zahlreiche \u00dcbungen&#8230;<\/p>\n","protected":false},"featured_media":109725,"template":"","meta":{"_acf_changed":false,"inline_featured_image":false},"product_brand":[],"product_cat":[477],"product_tag":[],"series":[{"id":2044,"name":"Beste Freunde Plus","slug":"beste-freunde-plus"}],"publisher":[{"id":497,"name":"Hueber Verlag","slug":"hueber-verlag"}],"class_list":{"0":"post-109809","1":"product","2":"type-product","3":"status-publish","4":"has-post-thumbnail","6":"product_cat-lehrwerke-fur-jugendliche","7":"series-beste-freunde-plus","8":"publisher-hueber-verlag","10":"first","11":"instock","12":"taxable","13":"shipping-taxable","14":"purchasable","15":"product-type-simple"},"acf":[],"_links":{"self":[{"href":"https:\/\/exlibris.ee\/en\/wp-json\/wp\/v2\/product\/109809","targetHints":{"allow":["GET"]}}],"collection":[{"href":"https:\/\/exlibris.ee\/en\/wp-json\/wp\/v2\/product"}],"about":[{"href":"https:\/\/exlibris.ee\/en\/wp-json\/wp\/v2\/types\/product"}],"wp:featuredmedia":[{"embeddable":true,"href":"https:\/\/exlibris.ee\/en\/wp-json\/wp\/v2\/media\/109725"}],"wp:attachment":[{"href":"https:\/\/exlibris.ee\/en\/wp-json\/wp\/v2\/media?parent=109809"}],"wp:term":[{"taxonomy":"product_brand","embeddable":true,"href":"https:\/\/exlibris.ee\/en\/wp-json\/wp\/v2\/product_brand?post=109809"},{"taxonomy":"product_cat","embeddable":true,"href":"https:\/\/exlibris.ee\/en\/wp-json\/wp\/v2\/product_cat?post=109809"},{"taxonomy":"product_tag","embeddable":true,"href":"https:\/\/exlibris.ee\/en\/wp-json\/wp\/v2\/product_tag?post=109809"},{"taxonomy":"series","embeddable":true,"href":"https:\/\/exlibris.ee\/en\/wp-json\/wp\/v2\/series?post=109809"},{"taxonomy":"publisher","embeddable":true,"href":"https:\/\/exlibris.ee\/en\/wp-json\/wp\/v2\/publisher?post=109809"}],"curies":[{"name":"wp","href":"https:\/\/api.w.org\/{rel}","templated":true}]}}