{"id":109812,"date":"2024-02-08T06:48:55","date_gmt":"2024-02-08T04:48:55","guid":{"rendered":"https:\/\/exlibris.ee\/toode\/sprachmemo-die-wichtigsten-adjektive-basiswortschatz-deutsch-spielerisch-lernen-sprachspiel\/"},"modified":"2026-04-15T13:45:43","modified_gmt":"2026-04-15T10:45:43","slug":"sprachmemo-die-wichtigsten-adjektive-basiswortschatz-deutsch-spielerisch-lernen-sprachspiel","status":"publish","type":"product","link":"https:\/\/exlibris.ee\/en\/product\/sprachmemo-die-wichtigsten-adjektive-basiswortschatz-deutsch-spielerisch-lernen-sprachspiel\/","title":{"rendered":"SPRACHMEMO Die wichtigsten Adjektive \/ Basiswortschatz Deutsch spielerisch lernen \/ Sprachspiel"},"content":{"rendered":"<p>Zielgruppe: F\u00fcr Anf\u00e4nger, die spielerisch die wichtigsten deutschen Adjektive trainieren m\u00f6chten.. Die Sprachmemos folgen dem Prinzip des bekannten Spiels Memory. Jedes Sprachmemo enth\u00e4lt 54 Kartenpaare, die aufgedeckt werden m\u00fcssen. Die zusammenpassenden Karten zeigen auf einer Karte ein Foto, das ein Adjektiv symbolisiert, auf der anderen Karte ist das Foto verkleinert sowie die entsprechende Vokabel zu sehen. Die Spielenden k\u00f6nnen also erkennen, ob das aufgedeckte Kartenpaar zusammenpasst, auch wenn sie die Vokabel noch nicht kennen. Gewonnen hat, wer am Schluss die meisten Kartenpaare entdeckt hat.. Besonderheiten:. &#8211; Einfaches Spielprinzip, gro\u00dfer Lerneffekt. &#8211; Zu zweit oder in gr\u00f6\u00dferer Runde spielbar. &#8211; Trainiert auch Ged\u00e4chtnis und Konzentration. &#8211; Auch Spieler mit unterschiedlichen Deutschkenntnissen k\u00f6nnen zusammen spielen. &#8211; Spieler mit wenig Deutschkenntnissen k\u00f6nnen ohne Hilfe spielen. Das Spielmaterial:. &#8211; 108 Karten (54 Paare). &#8211; Spielanleitung mit Vokabelliste<\/p>\n","protected":false},"excerpt":{"rendered":"<p>Zielgruppe: F\u00fcr Anf\u00e4nger, die spielerisch die wichtigsten deutschen Adjektive trainieren m\u00f6chten.. Die Sprachmemos folgen dem Prinzip des bekannten Spiels Memory. Jedes Sprachmemo enth\u00e4lt 54 Kartenpaare, die aufgedeckt werden m\u00fcssen. Die zusammenpassenden Karten zeigen auf einer Karte ein Foto, das ein&#8230;<\/p>\n","protected":false},"featured_media":286787,"template":"","meta":{"_acf_changed":false,"inline_featured_image":false},"product_brand":[],"product_cat":[503],"product_tag":[],"series":[],"publisher":[{"id":497,"name":"Hueber Verlag","slug":"hueber-verlag"}],"class_list":{"0":"post-109812","1":"product","2":"type-product","3":"status-publish","4":"has-post-thumbnail","6":"product_cat-lernen-mit-bildern-und-spielen","7":"publisher-hueber-verlag","9":"first","10":"instock","11":"taxable","12":"shipping-taxable","13":"purchasable","14":"product-type-simple"},"acf":[],"_links":{"self":[{"href":"https:\/\/exlibris.ee\/en\/wp-json\/wp\/v2\/product\/109812","targetHints":{"allow":["GET"]}}],"collection":[{"href":"https:\/\/exlibris.ee\/en\/wp-json\/wp\/v2\/product"}],"about":[{"href":"https:\/\/exlibris.ee\/en\/wp-json\/wp\/v2\/types\/product"}],"wp:featuredmedia":[{"embeddable":true,"href":"https:\/\/exlibris.ee\/en\/wp-json\/wp\/v2\/media\/286787"}],"wp:attachment":[{"href":"https:\/\/exlibris.ee\/en\/wp-json\/wp\/v2\/media?parent=109812"}],"wp:term":[{"taxonomy":"product_brand","embeddable":true,"href":"https:\/\/exlibris.ee\/en\/wp-json\/wp\/v2\/product_brand?post=109812"},{"taxonomy":"product_cat","embeddable":true,"href":"https:\/\/exlibris.ee\/en\/wp-json\/wp\/v2\/product_cat?post=109812"},{"taxonomy":"product_tag","embeddable":true,"href":"https:\/\/exlibris.ee\/en\/wp-json\/wp\/v2\/product_tag?post=109812"},{"taxonomy":"series","embeddable":true,"href":"https:\/\/exlibris.ee\/en\/wp-json\/wp\/v2\/series?post=109812"},{"taxonomy":"publisher","embeddable":true,"href":"https:\/\/exlibris.ee\/en\/wp-json\/wp\/v2\/publisher?post=109812"}],"curies":[{"name":"wp","href":"https:\/\/api.w.org\/{rel}","templated":true}]}}