{"id":109813,"date":"2024-02-08T06:48:56","date_gmt":"2024-02-08T04:48:56","guid":{"rendered":"https:\/\/exlibris.ee\/toode\/nicht-so-fies-kleiner-tiger-kinderbuch-deutsch-russisch-mit-mp3-horbuch-zum-herunterladen\/"},"modified":"2026-04-04T05:13:34","modified_gmt":"2026-04-04T02:13:34","slug":"nicht-so-fies-kleiner-tiger-kinderbuch-deutsch-russisch-mit-mp3-horbuch-zum-herunterladen","status":"publish","type":"product","link":"https:\/\/exlibris.ee\/en\/product\/nicht-so-fies-kleiner-tiger-kinderbuch-deutsch-russisch-mit-mp3-horbuch-zum-herunterladen\/","title":{"rendered":"Nicht so fies, kleiner Tiger! \/ Kinderbuch Deutsch-Russisch mit MP3-H\u00f6rbuch zum Herunterladen"},"content":{"rendered":"<p>Zweisprachiges Kinderbuch Deutsch-Russisch ab 4 Jahren.. Der kleine Tiger geht gerne in den Kindergarten. Aber zu den anderen Tierkindern ist er manchmal ganz sch\u00f6n fies. Wenn er etwas m\u00f6chte, dann nimmt er es sich einfach. Erst als auf dem Pausenhof keiner mehr mit ihm spielen m\u00f6chte, merkt der kleine Tiger, dass er etwas \u00e4ndern sollte.. Eine Geschichte, die witzig und einf\u00fchlsam vom respektvollen Umgang miteinander erz\u00e4hlt&#8230; Durchgehend farbig illustriert, mit H\u00f6rbuch als MP3-Download in 9 Sprachen&#8230; F\u00fcr weitere Sprachen erh\u00e4ltlich.<\/p>\n","protected":false},"excerpt":{"rendered":"<p>Zweisprachiges Kinderbuch Deutsch-Russisch ab 4 Jahren.. Der kleine Tiger geht gerne in den Kindergarten. Aber zu den anderen Tierkindern ist er manchmal ganz sch\u00f6n fies. Wenn er etwas m\u00f6chte, dann nimmt er es sich einfach. Erst als auf dem Pausenhof&#8230;<\/p>\n","protected":false},"featured_media":109737,"template":"","meta":{"_acf_changed":false,"inline_featured_image":false},"product_brand":[],"product_cat":[851],"product_tag":[],"series":[],"publisher":[{"id":1308,"name":"NordS\u00fcd","slug":"nordsud"}],"class_list":{"0":"post-109813","1":"product","2":"type-product","3":"status-publish","4":"has-post-thumbnail","6":"product_cat-lesetexte-deutsch","7":"publisher-nordsud","9":"first","10":"onbackorder","11":"taxable","12":"shipping-taxable","13":"purchasable","14":"product-type-simple"},"acf":[],"_links":{"self":[{"href":"https:\/\/exlibris.ee\/en\/wp-json\/wp\/v2\/product\/109813","targetHints":{"allow":["GET"]}}],"collection":[{"href":"https:\/\/exlibris.ee\/en\/wp-json\/wp\/v2\/product"}],"about":[{"href":"https:\/\/exlibris.ee\/en\/wp-json\/wp\/v2\/types\/product"}],"wp:featuredmedia":[{"embeddable":true,"href":"https:\/\/exlibris.ee\/en\/wp-json\/wp\/v2\/media\/109737"}],"wp:attachment":[{"href":"https:\/\/exlibris.ee\/en\/wp-json\/wp\/v2\/media?parent=109813"}],"wp:term":[{"taxonomy":"product_brand","embeddable":true,"href":"https:\/\/exlibris.ee\/en\/wp-json\/wp\/v2\/product_brand?post=109813"},{"taxonomy":"product_cat","embeddable":true,"href":"https:\/\/exlibris.ee\/en\/wp-json\/wp\/v2\/product_cat?post=109813"},{"taxonomy":"product_tag","embeddable":true,"href":"https:\/\/exlibris.ee\/en\/wp-json\/wp\/v2\/product_tag?post=109813"},{"taxonomy":"series","embeddable":true,"href":"https:\/\/exlibris.ee\/en\/wp-json\/wp\/v2\/series?post=109813"},{"taxonomy":"publisher","embeddable":true,"href":"https:\/\/exlibris.ee\/en\/wp-json\/wp\/v2\/publisher?post=109813"}],"curies":[{"name":"wp","href":"https:\/\/api.w.org\/{rel}","templated":true}]}}