{"id":109828,"date":"2024-02-08T06:49:00","date_gmt":"2024-02-08T04:49:00","guid":{"rendered":"https:\/\/exlibris.ee\/toode\/schritte-plus-neu-6-kursbuch-und-arbeitsbuch-mit-audios-online\/"},"modified":"2026-04-22T11:27:12","modified_gmt":"2026-04-22T08:27:12","slug":"schritte-plus-neu-6-kursbuch-und-arbeitsbuch-mit-audios-online","status":"publish","type":"product","link":"https:\/\/exlibris.ee\/en\/product\/schritte-plus-neu-6-kursbuch-und-arbeitsbuch-mit-audios-online\/","title":{"rendered":"Schritte plus Neu 6 \/ Kursbuch und Arbeitsbuch mit Audios online"},"content":{"rendered":"<p>Level: leads to B1.2. Kurs- und Arbeitsbuch der sechsb\u00e4ndigen Ausgabe mit Audios online. Lehrwerk, das die Vorgaben des Rahmencurriculums f\u00fcr Integrationskurse des Bundesamts f\u00fcr Migration und Fl\u00fcchtlinge umsetzt und auf den Deutsch-Test f\u00fcr Zuwanderer vorbereitet.. &#8220;Perfektionierung&#8221; eines bew\u00e4hrten Lehrwerks mithilfe von R\u00fcckmeldungen von Kursleiternden und Berater:innen:. &#8211; Erfolgreiches, vielfach erprobtes und gepr\u00fcftes Konzept. &#8211; Zahlreiche Angebote zur Binnendifferenzierung. &#8211; Doppelseite zu Grammatik und Kommunikation. &#8211; Transparenter, zeitgem\u00e4\u00dfer Medienverbund \u2013 mehrkanaliges Lernen. &#8211; Umfassender Lehrwerkservice \u2013 kostenlose Unterrichtspl\u00e4ne im Netz. &#8211; Perfekt abgestimmt auf die Bed\u00fcrfnisse von Kursleitenden und Teilnehmenden in Integrationskursen. Mit der kostenlosen App Hueber Media k\u00f6nnen Sie die Audios und Videos auf dem Smartphone abspielen \u2013 wo immer Sie m\u00f6chten. \u00dcberall und zu jeder Zeit. Im Unterricht, in der Pause, im Bus oder zu Hause.<\/p>\n","protected":false},"excerpt":{"rendered":"<p>Level: leads to B1.2. Kurs- und Arbeitsbuch der sechsb\u00e4ndigen Ausgabe mit Audios online. Lehrwerk, das die Vorgaben des Rahmencurriculums f\u00fcr Integrationskurse des Bundesamts f\u00fcr Migration und Fl\u00fcchtlinge umsetzt und auf den Deutsch-Test f\u00fcr Zuwanderer vorbereitet.. &#8220;Perfektionierung&#8221; eines bew\u00e4hrten Lehrwerks mithilfe&#8230;<\/p>\n","protected":false},"featured_media":407260,"template":"","meta":{"_acf_changed":false,"inline_featured_image":false},"product_brand":[],"product_cat":[1121],"product_tag":[],"series":[{"id":1253,"name":"Schritte plus","slug":"schritte-plus"}],"publisher":[{"id":497,"name":"Hueber Verlag","slug":"hueber-verlag"}],"class_list":{"0":"post-109828","1":"product","2":"type-product","3":"status-publish","4":"has-post-thumbnail","6":"product_cat-lehrwerke-fur-jugendliche-und-erwachsene","7":"series-schritte-plus","8":"publisher-hueber-verlag","10":"first","11":"onbackorder","12":"taxable","13":"shipping-taxable","14":"purchasable","15":"product-type-simple"},"acf":[],"_links":{"self":[{"href":"https:\/\/exlibris.ee\/en\/wp-json\/wp\/v2\/product\/109828","targetHints":{"allow":["GET"]}}],"collection":[{"href":"https:\/\/exlibris.ee\/en\/wp-json\/wp\/v2\/product"}],"about":[{"href":"https:\/\/exlibris.ee\/en\/wp-json\/wp\/v2\/types\/product"}],"wp:featuredmedia":[{"embeddable":true,"href":"https:\/\/exlibris.ee\/en\/wp-json\/wp\/v2\/media\/407260"}],"wp:attachment":[{"href":"https:\/\/exlibris.ee\/en\/wp-json\/wp\/v2\/media?parent=109828"}],"wp:term":[{"taxonomy":"product_brand","embeddable":true,"href":"https:\/\/exlibris.ee\/en\/wp-json\/wp\/v2\/product_brand?post=109828"},{"taxonomy":"product_cat","embeddable":true,"href":"https:\/\/exlibris.ee\/en\/wp-json\/wp\/v2\/product_cat?post=109828"},{"taxonomy":"product_tag","embeddable":true,"href":"https:\/\/exlibris.ee\/en\/wp-json\/wp\/v2\/product_tag?post=109828"},{"taxonomy":"series","embeddable":true,"href":"https:\/\/exlibris.ee\/en\/wp-json\/wp\/v2\/series?post=109828"},{"taxonomy":"publisher","embeddable":true,"href":"https:\/\/exlibris.ee\/en\/wp-json\/wp\/v2\/publisher?post=109828"}],"curies":[{"name":"wp","href":"https:\/\/api.w.org\/{rel}","templated":true}]}}